{"id":321906,"date":"2023-10-08T16:21:43","date_gmt":"2023-10-08T15:21:43","guid":{"rendered":"https:\/\/amazonyguyane.fr\/?product=nintendo-support-de-recharge-pour-joy-con"},"modified":"2023-10-08T16:21:43","modified_gmt":"2023-10-08T15:21:43","slug":"nintendo-support-de-recharge-pour-joy-con","status":"publish","type":"product","link":"https:\/\/amazonyguyane.fr\/produit\/nintendo-support-de-recharge-pour-joy-con\/","title":{"rendered":"Nintendo Support de recharge pour Joy-Con"},"content":{"rendered":"<p><!-- show up to 2 reviews by default -->                <\/p>\n<h3> <span>Description du produit<\/span> <\/h3>\n<p> <span>Nintendo Switch Joy-Con Poign\u00e9e de charge<\/span>  <\/p>\n<h3> <span>Amazon.fr<\/span> <\/h3>\n<p> <span>Accessoire hybrid toy Nintendo official<\/span>  <\/p>\n<p>Production interrompue par le fabricant                                     \u200f                                          :                                     \u200e  Non          Pile(s) \/ Batterie(s) :                                     \u200f                                          :                                     \u200e  1 Inconnu n\u00e9cessite des piles.          Class\u00e9                                     \u200f                                          :                                     \u200e  To Be Announced          Langue                                     \u200f                                          :                                     \u200e  Espagnol, Allemand          Dimensions du produit (L x l x h)                                     \u200f                                          :                                     \u200e  5,9 x 14,9 x 11 cm; 200 grammes                Code UNSPSC  :  43230000 (Logiciels) Signaler un code incorrect              Date de sortie                                     \u200f                                          :                                     \u200e  3 mars 2017          Date de mise en ligne sur Amazon.fr                                     \u200f                                          :                                     \u200e  13 janvier 2017                                  ASIN                                     \u200f                                          :                                     \u200e  B01N3374BH          Num\u00e9ro du mod\u00e8le de l&#8217;article                                     \u200f                                          :                                     \u200e  2510566          Pays d&#8217;origine                                     \u200f                                          :                                     \u200e  Chine          Disponibilit\u00e9 des pi\u00e8ces d\u00e9tach\u00e9es                                     \u200f                                          :                                     \u200e  Information indisponible sur les pi\u00e8ces d\u00e9tach\u00e9es<\/p>\n","protected":false},"excerpt":{"rendered":"<p>Description du produit Nintendo Switch Joy-Con Poign\u00e9e de charge Amazon.fr Accessoire hybrid toy Nintendo official Production interrompue par le fabricant \u200f : \u200e Non Pile(s) \/ Batterie(s) : \u200f :<\/p>\n","protected":false},"featured_media":321907,"comment_status":"","ping_status":"closed","template":"","meta":{"_acf_changed":false},"product_brand":[],"product_cat":[18],"product_tag":[],"class_list":{"0":"post-321906","1":"product","2":"type-product","3":"status-publish","4":"has-post-thumbnail","6":"product_cat-nintendo","8":"first","9":"instock","10":"taxable","11":"shipping-taxable","12":"purchasable","13":"product-type-simple","14":"add-to-wishlist-after_add_to_cart"},"acf":[],"_links":{"self":[{"href":"https:\/\/amazonyguyane.fr\/wp-json\/wp\/v2\/product\/321906","targetHints":{"allow":["GET"]}}],"collection":[{"href":"https:\/\/amazonyguyane.fr\/wp-json\/wp\/v2\/product"}],"about":[{"href":"https:\/\/amazonyguyane.fr\/wp-json\/wp\/v2\/types\/product"}],"replies":[{"embeddable":true,"href":"https:\/\/amazonyguyane.fr\/wp-json\/wp\/v2\/comments?post=321906"}],"version-history":[{"count":0,"href":"https:\/\/amazonyguyane.fr\/wp-json\/wp\/v2\/product\/321906\/revisions"}],"wp:featuredmedia":[{"embeddable":true,"href":"https:\/\/amazonyguyane.fr\/wp-json\/wp\/v2\/media\/321907"}],"wp:attachment":[{"href":"https:\/\/amazonyguyane.fr\/wp-json\/wp\/v2\/media?parent=321906"}],"wp:term":[{"taxonomy":"product_brand","embeddable":true,"href":"https:\/\/amazonyguyane.fr\/wp-json\/wp\/v2\/product_brand?post=321906"},{"taxonomy":"product_cat","embeddable":true,"href":"https:\/\/amazonyguyane.fr\/wp-json\/wp\/v2\/product_cat?post=321906"},{"taxonomy":"product_tag","embeddable":true,"href":"https:\/\/amazonyguyane.fr\/wp-json\/wp\/v2\/product_tag?post=321906"}],"curies":[{"name":"wp","href":"https:\/\/api.w.org\/{rel}","templated":true}]}}