{"id":322104,"date":"2023-10-08T16:26:43","date_gmt":"2023-10-08T15:26:43","guid":{"rendered":"https:\/\/amazonyguyane.fr\/?product=mug-anniversaire-18-ans-gamer"},"modified":"2023-10-08T16:26:43","modified_gmt":"2023-10-08T15:26:43","slug":"mug-anniversaire-18-ans-gamer","status":"publish","type":"product","link":"https:\/\/amazonyguyane.fr\/?product=mug-anniversaire-18-ans-gamer","title":{"rendered":"Mug Anniversaire 18 ans Gamer"},"content":{"rendered":"<li class=\"a-spacing-mini\"><span class=\"a-list-item\"> <b>\ud83d\ude06 Message amusant <\/b>: Le mug arbore l&#8217;inscription ludique &#8220;Niveau 18 d\u00e9bloqu\u00e9, appuyez sur Start pour continuer&#8221;. Cette citation rappelle les codes et l&#8217;excitation des jeux vid\u00e9o r\u00e9tro, o\u00f9 chaque niveau franchi \u00e9tait une v\u00e9ritable victoire. Elle t\u00e9moigne de votre passion pour les jeux vid\u00e9o et invite \u00e0 continuer l&#8217;aventure virtuelle avec \u00e9nergie et d\u00e9termination.  <\/span><\/li>\n<li class=\"a-spacing-mini\"><span class=\"a-list-item\"> <b>\ud83d\ude1c Design r\u00e9tro <\/b>: Le mug est d\u00e9cor\u00e9 d&#8217;une illustration d\u00e9taill\u00e9e d&#8217;une manette de gaming r\u00e9tro. Les couleurs vives et les d\u00e9tails fid\u00e8les aux consoles classiques ajoutent une touche nostalgique \u00e0 l&#8217;ensemble. Ce mug \u00e9voque instantan\u00e9ment les souvenirs des heures pass\u00e9es \u00e0 jouer aux jeux vid\u00e9o r\u00e9tro, et saura ravir les amateurs de cette \u00e8re dor\u00e9e du gaming.  <\/span><\/li>\n<li class=\"a-spacing-mini\"><span class=\"a-list-item\"> <b>\ud83d\ude32 GRANDE CAPACIT\u00c9<\/b>: Avec sa contenance g\u00e9n\u00e9reuse de 325 ml, ce mug peut accueillir votre boisson pr\u00e9f\u00e9r\u00e9e, qu&#8217;il s&#8217;agisse de caf\u00e9, de th\u00e9, de chocolat chaud ou m\u00eame d&#8217;un bouillon revigorant. Il vous accompagnera tout au long de votre journ\u00e9e de travail, vous maintenant hydrat\u00e9(e) et plein(e) d&#8217;\u00e9nergie.  <\/span><\/li>\n<li class=\"a-spacing-mini\"><span class=\"a-list-item\"> <b>\ud83d\ude0e MAT\u00c9RIAU DE QUALIT\u00c9 <\/b>: Fabriqu\u00e9 en c\u00e9ramique r\u00e9sistante, ce mug est con\u00e7u pour durer. Son film lisse et brillant en fait un v\u00e9ritable plaisir \u00e0 tenir et \u00e0 utiliser.  <\/span><\/li>\n<p><\/p>\n","protected":false},"excerpt":{"rendered":"<p>\ud83d\ude06 Message amusant : Le mug arbore l&#8217;inscription ludique &#8220;Niveau 18 d\u00e9bloqu\u00e9, appuyez sur Start pour continuer&#8221;. Cette citation rappelle les codes et l&#8217;excitation des jeux vid\u00e9o r\u00e9tro, o\u00f9 chaque<\/p>\n","protected":false},"featured_media":322105,"comment_status":"","ping_status":"closed","template":"","meta":{"_acf_changed":false},"product_brand":[],"product_cat":[32],"product_tag":[],"class_list":{"0":"post-322104","1":"product","2":"type-product","3":"status-publish","4":"has-post-thumbnail","6":"product_cat-mugs","8":"first","9":"instock","10":"taxable","11":"shipping-taxable","12":"purchasable","13":"product-type-simple","14":"add-to-wishlist-after_add_to_cart"},"acf":[],"_links":{"self":[{"href":"https:\/\/amazonyguyane.fr\/index.php?rest_route=\/wp\/v2\/product\/322104","targetHints":{"allow":["GET"]}}],"collection":[{"href":"https:\/\/amazonyguyane.fr\/index.php?rest_route=\/wp\/v2\/product"}],"about":[{"href":"https:\/\/amazonyguyane.fr\/index.php?rest_route=\/wp\/v2\/types\/product"}],"replies":[{"embeddable":true,"href":"https:\/\/amazonyguyane.fr\/index.php?rest_route=%2Fwp%2Fv2%2Fcomments&post=322104"}],"version-history":[{"count":0,"href":"https:\/\/amazonyguyane.fr\/index.php?rest_route=\/wp\/v2\/product\/322104\/revisions"}],"wp:featuredmedia":[{"embeddable":true,"href":"https:\/\/amazonyguyane.fr\/index.php?rest_route=\/wp\/v2\/media\/322105"}],"wp:attachment":[{"href":"https:\/\/amazonyguyane.fr\/index.php?rest_route=%2Fwp%2Fv2%2Fmedia&parent=322104"}],"wp:term":[{"taxonomy":"product_brand","embeddable":true,"href":"https:\/\/amazonyguyane.fr\/index.php?rest_route=%2Fwp%2Fv2%2Fproduct_brand&post=322104"},{"taxonomy":"product_cat","embeddable":true,"href":"https:\/\/amazonyguyane.fr\/index.php?rest_route=%2Fwp%2Fv2%2Fproduct_cat&post=322104"},{"taxonomy":"product_tag","embeddable":true,"href":"https:\/\/amazonyguyane.fr\/index.php?rest_route=%2Fwp%2Fv2%2Fproduct_tag&post=322104"}],"curies":[{"name":"wp","href":"https:\/\/api.w.org\/{rel}","templated":true}]}}