{"id":322132,"date":"2023-10-08T16:27:27","date_gmt":"2023-10-08T15:27:27","guid":{"rendered":"https:\/\/amazonyguyane.fr\/?product=meta-merch-star-wars-storm-trooper-arm-mug"},"modified":"2023-10-08T16:27:27","modified_gmt":"2023-10-08T15:27:27","slug":"meta-merch-star-wars-storm-trooper-arm-mug","status":"publish","type":"product","link":"https:\/\/amazonyguyane.fr\/?product=meta-merch-star-wars-storm-trooper-arm-mug","title":{"rendered":"Meta Merch Star Wars Storm Trooper Arm Mug"},"content":{"rendered":"<p><!-- show up to 2 reviews by default -->                <\/p>\n<h3> <span>Description du produit<\/span> <\/h3>\n<p> <span>Mug Storm Trooper (Star Wars). Cette tasse est le cadeau id\u00e9al pour les amateurs de Star Wars.<\/span>  <\/p>\n<h3> <span>Amazon.fr<\/span> <\/h3>\n<p> <span>Mug de 350ml inspir\u00e9 d&#8217;un Storm Trooper avec poign\u00e9e sculpt\u00e9e du bras. Sous licence officielle Star Wars.<\/span>  <\/p>\n<p>Langue                                     \u200f                                          :                                     \u200e  Anglais          Dimensions du produit (L x l x h)                                     \u200f                                          :                                     \u200e  10 x 13 x 13 cm; 250 grammes                Code UNSPSC  :  48101905 (Tasses ou bols de table) Signaler un code incorrect              Date de sortie                                     \u200f                                          :                                     \u200e  15 mars 2020          \u00c2ge recommand\u00e9 par le fabricant                                     \u200f                                          :                                     \u200e  3 an et plus          Num\u00e9ro du mod\u00e8le de l&#8217;article                                     \u200f                                          :                                     \u200e  MGSTRWS006          ASIN                                     \u200f                                          :                                     \u200e  B07773QLQS<\/p>\n","protected":false},"excerpt":{"rendered":"<p>Description du produit Mug Storm Trooper (Star Wars). Cette tasse est le cadeau id\u00e9al pour les amateurs de Star Wars. Amazon.fr Mug de 350ml inspir\u00e9 d&#8217;un Storm Trooper avec poign\u00e9e<\/p>\n","protected":false},"featured_media":322133,"comment_status":"","ping_status":"closed","template":"","meta":{"_acf_changed":false},"product_brand":[],"product_cat":[32],"product_tag":[],"class_list":{"0":"post-322132","1":"product","2":"type-product","3":"status-publish","4":"has-post-thumbnail","6":"product_cat-mugs","8":"first","9":"instock","10":"taxable","11":"shipping-taxable","12":"purchasable","13":"product-type-simple","14":"add-to-wishlist-after_add_to_cart"},"acf":[],"_links":{"self":[{"href":"https:\/\/amazonyguyane.fr\/index.php?rest_route=\/wp\/v2\/product\/322132","targetHints":{"allow":["GET"]}}],"collection":[{"href":"https:\/\/amazonyguyane.fr\/index.php?rest_route=\/wp\/v2\/product"}],"about":[{"href":"https:\/\/amazonyguyane.fr\/index.php?rest_route=\/wp\/v2\/types\/product"}],"replies":[{"embeddable":true,"href":"https:\/\/amazonyguyane.fr\/index.php?rest_route=%2Fwp%2Fv2%2Fcomments&post=322132"}],"version-history":[{"count":0,"href":"https:\/\/amazonyguyane.fr\/index.php?rest_route=\/wp\/v2\/product\/322132\/revisions"}],"wp:featuredmedia":[{"embeddable":true,"href":"https:\/\/amazonyguyane.fr\/index.php?rest_route=\/wp\/v2\/media\/322133"}],"wp:attachment":[{"href":"https:\/\/amazonyguyane.fr\/index.php?rest_route=%2Fwp%2Fv2%2Fmedia&parent=322132"}],"wp:term":[{"taxonomy":"product_brand","embeddable":true,"href":"https:\/\/amazonyguyane.fr\/index.php?rest_route=%2Fwp%2Fv2%2Fproduct_brand&post=322132"},{"taxonomy":"product_cat","embeddable":true,"href":"https:\/\/amazonyguyane.fr\/index.php?rest_route=%2Fwp%2Fv2%2Fproduct_cat&post=322132"},{"taxonomy":"product_tag","embeddable":true,"href":"https:\/\/amazonyguyane.fr\/index.php?rest_route=%2Fwp%2Fv2%2Fproduct_tag&post=322132"}],"curies":[{"name":"wp","href":"https:\/\/api.w.org\/{rel}","templated":true}]}}