{"id":322202,"date":"2023-10-08T16:29:12","date_gmt":"2023-10-08T15:29:12","guid":{"rendered":"https:\/\/amazonyguyane.fr\/?product=the-legend-of-zelda-vitraux-link-mug-ceramique-multicolore-315-ml-11-oz"},"modified":"2023-10-08T16:29:12","modified_gmt":"2023-10-08T15:29:12","slug":"the-legend-of-zelda-vitraux-link-mug-ceramique-multicolore-315-ml-11-oz","status":"publish","type":"product","link":"https:\/\/amazonyguyane.fr\/produit\/the-legend-of-zelda-vitraux-link-mug-ceramique-multicolore-315-ml-11-oz\/","title":{"rendered":"The Legend of Zelda Vitraux Link Mug, C\u00e9ramique, Multicolore, 315 ml\/11 oz"},"content":{"rendered":"<p><!-- show up to 2 reviews by default -->                <\/p>\n<h3> <span>Description du produit<\/span> <\/h3>\n<p> <span>The Legend of Zelda ou simplement Zelda, est une s\u00e9rie de jeux vid\u00e9o d\u2019action-aventure produite par Nintendo et cr\u00e9\u00e9e par les concepteurs japonais Shigeru Miyamoto et Takashi Tezuka. De 1986, avec le jeu The Legend of Zelda paru sur NES, \u00e0 2017 avec The Legend of Zelda: Breath of the Wild sorti sur Wii U et Nintendo Switch, dix-neuf jeux font officiellement partie de la saga. Plusieurs jeux d\u00e9riv\u00e9s ont \u00e9galement vu le jour.<\/span>  <\/p>\n<h3> <span>Avertissement De S\u00fbret\u00e9<\/span> <\/h3>\n<p> <span>Avant la premi\u00e8re utilisation, retirer tous les emballages et laver \u00e0 la main la tasse avec de l&#8217;eau chaude et un d\u00e9tergent naturel, puis bien laisser s\u00e9cher. La tasse r\u00e9siste au micro-ondes et \u00e0 l&#8217;eau de vaisselle \u00e0 40 \u00b0 C. Cependant, un lavage prolong\u00e9 dans l&#8217;eau de vaisselle peut ternir l&#8217;apparence de la d\u00e9coration. Des pr\u00e9cautions doivent \u00eatre prises lors de la manipulation car la tasse peut devenir chaude apr\u00e8s le passage au micro-ondes.<\/span>  <\/p>\n<div data-a-expander-name=\"toggle_description\" class=\"a-row a-expander-container a-expander-extend-container\">\n                  P.when(&#8216;A&#8217;).execute(function(A) {<br \/>\n                      A.on(&#8216;a:expander:toggle_description:toggle:collapse&#8217;, function(data) {<br \/>\n                        window.scroll(0, data.expander.$expander[0].offsetTop-100);<br \/>\n                      });<br \/>\n                    });<\/p>\n<div aria-expanded=\"false\" class=\"a-expander-content a-expander-extend-content\">\n<h3> <span>Contenu du coffret<\/span> <\/h3>\n<p> <span>1 x 1 Mug sous licence officielle<\/span>  <\/p>\n<\/p><\/div>\n<p> <i class=\"a-icon a-icon-extender-expand\"><\/i><span class=\"a-expander-prompt\">Voir plus<\/span> <\/div>\n<p><\/p>\n","protected":false},"excerpt":{"rendered":"<p>Description du produit The Legend of Zelda ou simplement Zelda, est une s\u00e9rie de jeux vid\u00e9o d\u2019action-aventure produite par Nintendo et cr\u00e9\u00e9e par les concepteurs japonais Shigeru Miyamoto et Takashi<\/p>\n","protected":false},"featured_media":322203,"comment_status":"","ping_status":"closed","template":"","meta":{"_acf_changed":false},"product_brand":[],"product_cat":[32],"product_tag":[],"class_list":{"0":"post-322202","1":"product","2":"type-product","3":"status-publish","4":"has-post-thumbnail","6":"product_cat-mugs","8":"first","9":"instock","10":"taxable","11":"shipping-taxable","12":"purchasable","13":"product-type-simple","14":"add-to-wishlist-after_add_to_cart"},"acf":[],"_links":{"self":[{"href":"https:\/\/amazonyguyane.fr\/wp-json\/wp\/v2\/product\/322202","targetHints":{"allow":["GET"]}}],"collection":[{"href":"https:\/\/amazonyguyane.fr\/wp-json\/wp\/v2\/product"}],"about":[{"href":"https:\/\/amazonyguyane.fr\/wp-json\/wp\/v2\/types\/product"}],"replies":[{"embeddable":true,"href":"https:\/\/amazonyguyane.fr\/wp-json\/wp\/v2\/comments?post=322202"}],"version-history":[{"count":0,"href":"https:\/\/amazonyguyane.fr\/wp-json\/wp\/v2\/product\/322202\/revisions"}],"wp:featuredmedia":[{"embeddable":true,"href":"https:\/\/amazonyguyane.fr\/wp-json\/wp\/v2\/media\/322203"}],"wp:attachment":[{"href":"https:\/\/amazonyguyane.fr\/wp-json\/wp\/v2\/media?parent=322202"}],"wp:term":[{"taxonomy":"product_brand","embeddable":true,"href":"https:\/\/amazonyguyane.fr\/wp-json\/wp\/v2\/product_brand?post=322202"},{"taxonomy":"product_cat","embeddable":true,"href":"https:\/\/amazonyguyane.fr\/wp-json\/wp\/v2\/product_cat?post=322202"},{"taxonomy":"product_tag","embeddable":true,"href":"https:\/\/amazonyguyane.fr\/wp-json\/wp\/v2\/product_tag?post=322202"}],"curies":[{"name":"wp","href":"https:\/\/api.w.org\/{rel}","templated":true}]}}