{"id":322376,"date":"2023-10-08T16:33:32","date_gmt":"2023-10-08T15:33:32","guid":{"rendered":"https:\/\/amazonyguyane.fr\/?product=abystyle-tasse-dragon-ball-super-transformations-goku"},"modified":"2023-10-08T16:33:32","modified_gmt":"2023-10-08T15:33:32","slug":"abystyle-tasse-dragon-ball-super-transformations-goku","status":"publish","type":"product","link":"https:\/\/amazonyguyane.fr\/produit\/abystyle-tasse-dragon-ball-super-transformations-goku\/","title":{"rendered":"ABYSTYLE &#8211; &#8211; Tasse DRAGON BALL SUPER Transformations Goku"},"content":{"rendered":"<p><!-- show up to 2 reviews by default -->                        <\/p>\n<p> <span>Les transformations de Goku sur votre mug ! Ce mug Dragon Ball Super par ABYstyle repr\u00e9sente toutes les diff\u00e9rentes transformations de Goku. Mug en c\u00e9ramique de haute qualit\u00e9 Contenance standard (320 ml) Convient aux micro-ondes et lave-vaisselle<\/span>  <\/p>\n<p><\/p>\n","protected":false},"excerpt":{"rendered":"<p>Les transformations de Goku sur votre mug ! Ce mug Dragon Ball Super par ABYstyle repr\u00e9sente toutes les diff\u00e9rentes transformations de Goku. Mug en c\u00e9ramique de haute qualit\u00e9 Contenance standard<\/p>\n","protected":false},"featured_media":322377,"comment_status":"","ping_status":"closed","template":"","meta":{"_acf_changed":false},"product_brand":[],"product_cat":[32],"product_tag":[],"class_list":{"0":"post-322376","1":"product","2":"type-product","3":"status-publish","4":"has-post-thumbnail","6":"product_cat-mugs","8":"first","9":"instock","10":"taxable","11":"shipping-taxable","12":"purchasable","13":"product-type-simple","14":"add-to-wishlist-after_add_to_cart"},"acf":[],"_links":{"self":[{"href":"https:\/\/amazonyguyane.fr\/wp-json\/wp\/v2\/product\/322376","targetHints":{"allow":["GET"]}}],"collection":[{"href":"https:\/\/amazonyguyane.fr\/wp-json\/wp\/v2\/product"}],"about":[{"href":"https:\/\/amazonyguyane.fr\/wp-json\/wp\/v2\/types\/product"}],"replies":[{"embeddable":true,"href":"https:\/\/amazonyguyane.fr\/wp-json\/wp\/v2\/comments?post=322376"}],"version-history":[{"count":0,"href":"https:\/\/amazonyguyane.fr\/wp-json\/wp\/v2\/product\/322376\/revisions"}],"wp:featuredmedia":[{"embeddable":true,"href":"https:\/\/amazonyguyane.fr\/wp-json\/wp\/v2\/media\/322377"}],"wp:attachment":[{"href":"https:\/\/amazonyguyane.fr\/wp-json\/wp\/v2\/media?parent=322376"}],"wp:term":[{"taxonomy":"product_brand","embeddable":true,"href":"https:\/\/amazonyguyane.fr\/wp-json\/wp\/v2\/product_brand?post=322376"},{"taxonomy":"product_cat","embeddable":true,"href":"https:\/\/amazonyguyane.fr\/wp-json\/wp\/v2\/product_cat?post=322376"},{"taxonomy":"product_tag","embeddable":true,"href":"https:\/\/amazonyguyane.fr\/wp-json\/wp\/v2\/product_tag?post=322376"}],"curies":[{"name":"wp","href":"https:\/\/api.w.org\/{rel}","templated":true}]}}