{"id":322492,"date":"2023-10-08T16:36:14","date_gmt":"2023-10-08T15:36:14","guid":{"rendered":"https:\/\/amazonyguyane.fr\/?product=abystyle-naruto-mug-jiraiya-naruto"},"modified":"2023-10-08T16:36:14","modified_gmt":"2023-10-08T15:36:14","slug":"abystyle-naruto-mug-jiraiya-naruto","status":"publish","type":"product","link":"https:\/\/amazonyguyane.fr\/?product=abystyle-naruto-mug-jiraiya-naruto","title":{"rendered":"ABYSTYLE &#8211; NARUTO Mug Jiraiya &#038; Naruto"},"content":{"rendered":"<p><!-- show up to 2 reviews by default -->                        <\/p>\n<p> <span>Le mug de Jiraya par ABYstyle ! Retrouvez Jiraiya avec son \u00e9l\u00e8ve et filleul Naruto sur ce mug par ABYstyle. Gr\u00e2ce \u00e0 son aide, la technique d&#8217;invocation des crapauds n&#8217;aura bient\u00f4t plus de secrets pour Naruto ! Mug en c\u00e9ramique de haute qualit\u00e9 Contenance standard (320 ml) Convient aux micro-ondes et lave-vaisselle<\/span>  <\/p>\n<p><\/p>\n","protected":false},"excerpt":{"rendered":"<p>Le mug de Jiraya par ABYstyle ! Retrouvez Jiraiya avec son \u00e9l\u00e8ve et filleul Naruto sur ce mug par ABYstyle. Gr\u00e2ce \u00e0 son aide, la technique d&#8217;invocation des crapauds n&#8217;aura<\/p>\n","protected":false},"featured_media":322493,"comment_status":"","ping_status":"closed","template":"","meta":{"_acf_changed":false},"product_brand":[],"product_cat":[32],"product_tag":[],"class_list":{"0":"post-322492","1":"product","2":"type-product","3":"status-publish","4":"has-post-thumbnail","6":"product_cat-mugs","8":"first","9":"instock","10":"taxable","11":"shipping-taxable","12":"purchasable","13":"product-type-simple","14":"add-to-wishlist-after_add_to_cart"},"acf":[],"_links":{"self":[{"href":"https:\/\/amazonyguyane.fr\/index.php?rest_route=\/wp\/v2\/product\/322492","targetHints":{"allow":["GET"]}}],"collection":[{"href":"https:\/\/amazonyguyane.fr\/index.php?rest_route=\/wp\/v2\/product"}],"about":[{"href":"https:\/\/amazonyguyane.fr\/index.php?rest_route=\/wp\/v2\/types\/product"}],"replies":[{"embeddable":true,"href":"https:\/\/amazonyguyane.fr\/index.php?rest_route=%2Fwp%2Fv2%2Fcomments&post=322492"}],"version-history":[{"count":0,"href":"https:\/\/amazonyguyane.fr\/index.php?rest_route=\/wp\/v2\/product\/322492\/revisions"}],"wp:featuredmedia":[{"embeddable":true,"href":"https:\/\/amazonyguyane.fr\/index.php?rest_route=\/wp\/v2\/media\/322493"}],"wp:attachment":[{"href":"https:\/\/amazonyguyane.fr\/index.php?rest_route=%2Fwp%2Fv2%2Fmedia&parent=322492"}],"wp:term":[{"taxonomy":"product_brand","embeddable":true,"href":"https:\/\/amazonyguyane.fr\/index.php?rest_route=%2Fwp%2Fv2%2Fproduct_brand&post=322492"},{"taxonomy":"product_cat","embeddable":true,"href":"https:\/\/amazonyguyane.fr\/index.php?rest_route=%2Fwp%2Fv2%2Fproduct_cat&post=322492"},{"taxonomy":"product_tag","embeddable":true,"href":"https:\/\/amazonyguyane.fr\/index.php?rest_route=%2Fwp%2Fv2%2Fproduct_tag&post=322492"}],"curies":[{"name":"wp","href":"https:\/\/api.w.org\/{rel}","templated":true}]}}