{"id":322580,"date":"2023-10-08T16:38:25","date_gmt":"2023-10-08T15:38:25","guid":{"rendered":"https:\/\/amazonyguyane.fr\/?product=print-corner-mug-tasse-manga-80s-candy-2"},"modified":"2023-10-08T16:38:25","modified_gmt":"2023-10-08T15:38:25","slug":"print-corner-mug-tasse-manga-80s-candy-2","status":"publish","type":"product","link":"https:\/\/amazonyguyane.fr\/produit\/print-corner-mug-tasse-manga-80s-candy-2\/","title":{"rendered":"Print Corner Mug\/Tasse Manga 80&#8217;s &#8211; CANDY 2"},"content":{"rendered":"<p><!-- show up to 2 reviews by default -->                        <\/p>\n<p> <span>Mug Manga 80&#8217;s C\u00e9ramique Contenance : 325ml Un mug unique pour les nostalgiques des dessins anim\u00e9s de leur enfance !!! Un petit d\u00e9jeuner en t\u00eate \u00e0 t\u00eate avec nos h\u00e9ros des Ann\u00e9es 80 gr\u00e2ce \u00e0 ce mug unique !<\/span>  <\/p>\n<p><\/p>\n","protected":false},"excerpt":{"rendered":"<p>Mug Manga 80&#8217;s C\u00e9ramique Contenance : 325ml Un mug unique pour les nostalgiques des dessins anim\u00e9s de leur enfance !!! Un petit d\u00e9jeuner en t\u00eate \u00e0 t\u00eate avec nos h\u00e9ros<\/p>\n","protected":false},"featured_media":322581,"comment_status":"","ping_status":"closed","template":"","meta":{"_acf_changed":false},"product_brand":[],"product_cat":[32],"product_tag":[],"class_list":{"0":"post-322580","1":"product","2":"type-product","3":"status-publish","4":"has-post-thumbnail","6":"product_cat-mugs","8":"first","9":"instock","10":"taxable","11":"shipping-taxable","12":"purchasable","13":"product-type-simple","14":"add-to-wishlist-after_add_to_cart"},"acf":[],"_links":{"self":[{"href":"https:\/\/amazonyguyane.fr\/wp-json\/wp\/v2\/product\/322580","targetHints":{"allow":["GET"]}}],"collection":[{"href":"https:\/\/amazonyguyane.fr\/wp-json\/wp\/v2\/product"}],"about":[{"href":"https:\/\/amazonyguyane.fr\/wp-json\/wp\/v2\/types\/product"}],"replies":[{"embeddable":true,"href":"https:\/\/amazonyguyane.fr\/wp-json\/wp\/v2\/comments?post=322580"}],"version-history":[{"count":0,"href":"https:\/\/amazonyguyane.fr\/wp-json\/wp\/v2\/product\/322580\/revisions"}],"wp:featuredmedia":[{"embeddable":true,"href":"https:\/\/amazonyguyane.fr\/wp-json\/wp\/v2\/media\/322581"}],"wp:attachment":[{"href":"https:\/\/amazonyguyane.fr\/wp-json\/wp\/v2\/media?parent=322580"}],"wp:term":[{"taxonomy":"product_brand","embeddable":true,"href":"https:\/\/amazonyguyane.fr\/wp-json\/wp\/v2\/product_brand?post=322580"},{"taxonomy":"product_cat","embeddable":true,"href":"https:\/\/amazonyguyane.fr\/wp-json\/wp\/v2\/product_cat?post=322580"},{"taxonomy":"product_tag","embeddable":true,"href":"https:\/\/amazonyguyane.fr\/wp-json\/wp\/v2\/product_tag?post=322580"}],"curies":[{"name":"wp","href":"https:\/\/api.w.org\/{rel}","templated":true}]}}