{"id":325116,"date":"2023-10-08T21:37:48","date_gmt":"2023-10-08T20:37:48","guid":{"rendered":"https:\/\/amazonyguyane.fr\/?product=tommy-hilfigerhomme-evo-mix-baskets-runner"},"modified":"2023-10-08T21:38:23","modified_gmt":"2023-10-08T20:38:23","slug":"tommy-hilfigerhomme-evo-mix-baskets-runner","status":"publish","type":"product","link":"https:\/\/amazonyguyane.fr\/produit\/tommy-hilfigerhomme-evo-mix-baskets-runner\/","title":{"rendered":"Tommy HilfigerHomme Evo Mix Baskets Runner"},"content":{"rendered":"<p><!-- show up to 2 reviews by default -->                        <\/p>\n<p> <span>Faites une d\u00e9claration de style cette saison avec les chaussures Tommy Hilfiger. Notre collection de chaussures luxueuses comprend des designs tendance : des bottes \u00e0 lacets pour toutes les occasions aux baskets d\u00e9contract\u00e9es pour un look sportif et des escarpins pour femme pour ajouter une touche glamour \u00e0 votre tenue de soir\u00e9e. D\u00e9couvrez \u00e9galement nos chaussures en cuir de qualit\u00e9 sup\u00e9rieure, nos mocassins en cuir \u00e9l\u00e9gants et nos chaussures basses classiques. Nos bottines et bottines ou talons hauts peuvent \u00eatre parfaitement combin\u00e9es avec un jean skinny. Nos chaussures plates noires classiques sont la touche finale id\u00e9ale \u00e0 n&#8217;importe quel look de bureau.<\/span>  <\/p>\n<p>Date de mise en ligne sur Amazon.fr                                     \u200f                                          :                                     \u200e  13 octobre 2022                                  Fabricant                                     \u200f                                          :                                     \u200e  Tommy Hilfiger          ASIN                                     \u200f                                          :                                     \u200e  B0BJ3L6V8X          Num\u00e9ro du mod\u00e8le de l&#8217;article                                     \u200f                                          :                                     \u200e  FM0FM04699          Service                                     \u200f                                          :                                     \u200e  Homme<\/p>\n","protected":false},"excerpt":{"rendered":"<p>Faites une d\u00e9claration de style cette saison avec les chaussures Tommy Hilfiger. Notre collection de chaussures luxueuses comprend des designs tendance : des bottes \u00e0 lacets pour toutes les occasions<\/p>\n","protected":false},"featured_media":325117,"comment_status":"","ping_status":"closed","template":"","meta":{"_acf_changed":false},"product_brand":[],"product_cat":[5320],"product_tag":[],"class_list":{"0":"post-325116","1":"product","2":"type-product","3":"status-publish","4":"has-post-thumbnail","6":"product_cat-baskets-hommes","8":"first","9":"instock","10":"taxable","11":"shipping-taxable","12":"purchasable","13":"product-type-variable","14":"add-to-wishlist-after_add_to_cart"},"acf":[],"_links":{"self":[{"href":"https:\/\/amazonyguyane.fr\/wp-json\/wp\/v2\/product\/325116","targetHints":{"allow":["GET"]}}],"collection":[{"href":"https:\/\/amazonyguyane.fr\/wp-json\/wp\/v2\/product"}],"about":[{"href":"https:\/\/amazonyguyane.fr\/wp-json\/wp\/v2\/types\/product"}],"replies":[{"embeddable":true,"href":"https:\/\/amazonyguyane.fr\/wp-json\/wp\/v2\/comments?post=325116"}],"version-history":[{"count":0,"href":"https:\/\/amazonyguyane.fr\/wp-json\/wp\/v2\/product\/325116\/revisions"}],"wp:featuredmedia":[{"embeddable":true,"href":"https:\/\/amazonyguyane.fr\/wp-json\/wp\/v2\/media\/325117"}],"wp:attachment":[{"href":"https:\/\/amazonyguyane.fr\/wp-json\/wp\/v2\/media?parent=325116"}],"wp:term":[{"taxonomy":"product_brand","embeddable":true,"href":"https:\/\/amazonyguyane.fr\/wp-json\/wp\/v2\/product_brand?post=325116"},{"taxonomy":"product_cat","embeddable":true,"href":"https:\/\/amazonyguyane.fr\/wp-json\/wp\/v2\/product_cat?post=325116"},{"taxonomy":"product_tag","embeddable":true,"href":"https:\/\/amazonyguyane.fr\/wp-json\/wp\/v2\/product_tag?post=325116"}],"curies":[{"name":"wp","href":"https:\/\/api.w.org\/{rel}","templated":true}]}}