{"id":325264,"date":"2023-10-08T21:40:03","date_gmt":"2023-10-08T20:40:03","guid":{"rendered":"https:\/\/amazonyguyane.fr\/?product=nikemidnight-chaussures-de-sport-homme"},"modified":"2023-10-08T21:40:44","modified_gmt":"2023-10-08T20:40:44","slug":"nikemidnight-chaussures-de-sport-homme","status":"publish","type":"product","link":"https:\/\/amazonyguyane.fr\/produit\/nikemidnight-chaussures-de-sport-homme\/","title":{"rendered":"NikeMidnight Chaussures de Sport Homme"},"content":{"rendered":"<p><!-- show up to 2 reviews by default -->                <\/p>\n<h3> <span>Description du produit<\/span> <\/h3>\n<p> <span>Max Air unit pour un confort maximum. Cuir pour super r\u00e9sistance. La chaussure Nike Air Max ltd 3 pour hommes offre un confort optimal avec une tige en cuir synth\u00e9tique v\u00e9ritable et un amorti gr\u00e2ce \u00e0 une unit\u00e9 Max Air sous le talon. Rainures flexibles dans la semelle pour permettre une totale libert\u00e9 de mouvement au pied. Empeigne en cuir v\u00e9ritable et synth\u00e9tique pour plus de durabilit\u00e9 et un confort id\u00e9al. L&#8217;empeigne en mesh sur toute la surface assure une respirabilit\u00e9 optimale. Unit\u00e9 Max Air visible dans le talon pour l\u2019amorti. Semelle interm\u00e9diaire pleine longueur durable pour la stabilit\u00e9. Des rainures flexibles qui suivent la d\u00e9marche du pied pour des mouvements plus naturels. Semelle en caoutchouc solide pour une r\u00e9sistance durable.<\/span>  <\/p>\n<h3> <span>Avertissement De S\u00fbret\u00e9<\/span> <\/h3>\n<p> <span>Avertissement de s\u00e9curit\u00e9 standard<\/span>  <\/p>\n<p>Production interrompue par le fabricant                                     \u200f                                          :                                     \u200e  Non          Dimensions du produit (L x l x h)                                     \u200f                                          :                                     \u200e  27,94 x 10,16 x 17,78 cm; 1 kilogrammes          Date de mise en ligne sur Amazon.fr                                     \u200f                                          :                                     \u200e  23 juillet 2015                                  Fabricant                                     \u200f                                          :                                     \u200e  Nike          ASIN                                     \u200f                                          :                                     \u200e  B0B3GZX2J2          Num\u00e9ro du mod\u00e8le de l&#8217;article                                     \u200f                                          :                                     \u200e  687977          Service                                     \u200f                                          :                                     \u200e  Homme<\/p>\n","protected":false},"excerpt":{"rendered":"<p>Description du produit Max Air unit pour un confort maximum. Cuir pour super r\u00e9sistance. La chaussure Nike Air Max ltd 3 pour hommes offre un confort optimal avec une tige<\/p>\n","protected":false},"featured_media":325269,"comment_status":"","ping_status":"closed","template":"","meta":{"_acf_changed":false},"product_brand":[],"product_cat":[5320],"product_tag":[],"class_list":{"0":"post-325264","1":"product","2":"type-product","3":"status-publish","4":"has-post-thumbnail","6":"product_cat-baskets-hommes","8":"first","9":"instock","10":"taxable","11":"shipping-taxable","12":"purchasable","13":"product-type-variable","14":"add-to-wishlist-after_add_to_cart"},"acf":[],"_links":{"self":[{"href":"https:\/\/amazonyguyane.fr\/wp-json\/wp\/v2\/product\/325264","targetHints":{"allow":["GET"]}}],"collection":[{"href":"https:\/\/amazonyguyane.fr\/wp-json\/wp\/v2\/product"}],"about":[{"href":"https:\/\/amazonyguyane.fr\/wp-json\/wp\/v2\/types\/product"}],"replies":[{"embeddable":true,"href":"https:\/\/amazonyguyane.fr\/wp-json\/wp\/v2\/comments?post=325264"}],"version-history":[{"count":0,"href":"https:\/\/amazonyguyane.fr\/wp-json\/wp\/v2\/product\/325264\/revisions"}],"wp:featuredmedia":[{"embeddable":true,"href":"https:\/\/amazonyguyane.fr\/wp-json\/wp\/v2\/media\/325269"}],"wp:attachment":[{"href":"https:\/\/amazonyguyane.fr\/wp-json\/wp\/v2\/media?parent=325264"}],"wp:term":[{"taxonomy":"product_brand","embeddable":true,"href":"https:\/\/amazonyguyane.fr\/wp-json\/wp\/v2\/product_brand?post=325264"},{"taxonomy":"product_cat","embeddable":true,"href":"https:\/\/amazonyguyane.fr\/wp-json\/wp\/v2\/product_cat?post=325264"},{"taxonomy":"product_tag","embeddable":true,"href":"https:\/\/amazonyguyane.fr\/wp-json\/wp\/v2\/product_tag?post=325264"}],"curies":[{"name":"wp","href":"https:\/\/api.w.org\/{rel}","templated":true}]}}