{"id":325384,"date":"2023-10-08T21:41:47","date_gmt":"2023-10-08T20:41:47","guid":{"rendered":"https:\/\/amazonyguyane.fr\/?product=adidashomme-strutter-chaussure-de-piste-dathletisme"},"modified":"2023-10-08T21:42:22","modified_gmt":"2023-10-08T20:42:22","slug":"adidashomme-strutter-chaussure-de-piste-dathletisme","status":"publish","type":"product","link":"https:\/\/amazonyguyane.fr\/produit\/adidashomme-strutter-chaussure-de-piste-dathletisme\/","title":{"rendered":"adidasHomme Strutter Chaussure de Piste d&#8217;athl\u00e9tisme"},"content":{"rendered":"<p><!-- show up to 2 reviews by default -->                        <\/p>\n<p> <span>La sneaker adidas Strutter a une tige en cuir souple avec des d\u00e9coupes et des superpositions pour un ajustement confortable. Les 3 bandes sur le c\u00f4t\u00e9 donnent un look sportif. La semelle interm\u00e9diaire et la semelle ext\u00e9rieure plus \u00e9paisses et pr\u00e9form\u00e9es offrent une adh\u00e9rence optimale.<\/span>  <\/p>\n<p>Code UNSPSC  :  53111600 (Chaussures) Signaler un code incorrect              Dimensions du produit (L x l x h)                                     \u200f                                          :                                     \u200e  33,5 x 21 x 13,5 cm; 100 grammes          Date de mise en ligne sur Amazon.fr                                     \u200f                                          :                                     \u200e  2 juillet 2019                                  Fabricant                                     \u200f                                          :                                     \u200e  adidas          ASIN                                     \u200f                                          :                                     \u200e  B07S8SY4MX          Num\u00e9ro du mod\u00e8le de l&#8217;article                                     \u200f                                          :                                     \u200e  GTI69          Service                                     \u200f                                          :                                     \u200e  Homme<\/p>\n","protected":false},"excerpt":{"rendered":"<p>La sneaker adidas Strutter a une tige en cuir souple avec des d\u00e9coupes et des superpositions pour un ajustement confortable. Les 3 bandes sur le c\u00f4t\u00e9 donnent un look sportif.<\/p>\n","protected":false},"featured_media":325385,"comment_status":"","ping_status":"closed","template":"","meta":{"_acf_changed":false},"product_brand":[],"product_cat":[5320],"product_tag":[],"class_list":{"0":"post-325384","1":"product","2":"type-product","3":"status-publish","4":"has-post-thumbnail","6":"product_cat-baskets-hommes","8":"first","9":"instock","10":"taxable","11":"shipping-taxable","12":"purchasable","13":"product-type-variable","14":"add-to-wishlist-after_add_to_cart"},"acf":[],"_links":{"self":[{"href":"https:\/\/amazonyguyane.fr\/wp-json\/wp\/v2\/product\/325384","targetHints":{"allow":["GET"]}}],"collection":[{"href":"https:\/\/amazonyguyane.fr\/wp-json\/wp\/v2\/product"}],"about":[{"href":"https:\/\/amazonyguyane.fr\/wp-json\/wp\/v2\/types\/product"}],"replies":[{"embeddable":true,"href":"https:\/\/amazonyguyane.fr\/wp-json\/wp\/v2\/comments?post=325384"}],"version-history":[{"count":0,"href":"https:\/\/amazonyguyane.fr\/wp-json\/wp\/v2\/product\/325384\/revisions"}],"wp:featuredmedia":[{"embeddable":true,"href":"https:\/\/amazonyguyane.fr\/wp-json\/wp\/v2\/media\/325385"}],"wp:attachment":[{"href":"https:\/\/amazonyguyane.fr\/wp-json\/wp\/v2\/media?parent=325384"}],"wp:term":[{"taxonomy":"product_brand","embeddable":true,"href":"https:\/\/amazonyguyane.fr\/wp-json\/wp\/v2\/product_brand?post=325384"},{"taxonomy":"product_cat","embeddable":true,"href":"https:\/\/amazonyguyane.fr\/wp-json\/wp\/v2\/product_cat?post=325384"},{"taxonomy":"product_tag","embeddable":true,"href":"https:\/\/amazonyguyane.fr\/wp-json\/wp\/v2\/product_tag?post=325384"}],"curies":[{"name":"wp","href":"https:\/\/api.w.org\/{rel}","templated":true}]}}