{"id":327963,"date":"2023-10-08T22:41:31","date_gmt":"2023-10-08T21:41:31","guid":{"rendered":"https:\/\/amazonyguyane.fr\/?product=jazmontre-homme"},"modified":"2023-10-08T22:41:31","modified_gmt":"2023-10-08T21:41:31","slug":"jazmontre-homme","status":"publish","type":"product","link":"https:\/\/amazonyguyane.fr\/?product=jazmontre-homme","title":{"rendered":"JAZMontre Homme"},"content":{"rendered":"<p><!-- show up to 2 reviews by default -->                        <\/p>\n<p><span>Le bracelet en cuir de la cat\u00e9gorie Esthetic se d\u00e9cline en noir, bleu, marron, beige, pour contenter les d\u00e9sirs de chacun. Jaz veille \u00e0 pr\u00e9senter des couleurs classiques pouvant s&#8217;adapter \u00e0 toutes les tenues. Que vous optiez pour une \u00e9l\u00e9gante robe rouge ou un pull confortable, les femmes comme les hommes ont la garantie d&#8217;arborer une allure chic correspondant en tout point \u00e0 leur personnalit\u00e9. Les cadrans reprennent le coloris du bracelet pour une parfaite harmonie. Les subtiles index s&#8217;\u00e9tirent avec distinction jusqu&#8217;aux abords du bo\u00eetier, pour un r\u00e9sultat original et raffin\u00e9 \u00e0 l&#8217;extr\u00eame.<\/span><\/p>\n<\/p>\n<p>Code UNSPSC  :  54111501 (Montres-bracelets) Signaler un code incorrect              Poids de l&#8217;article                                     \u200f                                          :                                     \u200e  250 grammes          Date de mise en ligne sur Amazon.fr                                     \u200f                                          :                                     \u200e  10 janvier 2019                                  Fabricant                                     \u200f                                          :                                     \u200e  JAZ          ASIN                                     \u200f                                          :                                     \u200e  B07MQFMQ7C          Num\u00e9ro du mod\u00e8le de l&#8217;article                                     \u200f                                          :                                     \u200e  25351          Disponibilit\u00e9 des pi\u00e8ces d\u00e9tach\u00e9es                                     \u200f                                          :                                     \u200e  Information indisponible sur les pi\u00e8ces d\u00e9tach\u00e9es<\/p>\n","protected":false},"excerpt":{"rendered":"<p>Le bracelet en cuir de la cat\u00e9gorie Esthetic se d\u00e9cline en noir, bleu, marron, beige, pour contenter les d\u00e9sirs de chacun. Jaz veille \u00e0 pr\u00e9senter des couleurs classiques pouvant s&#8217;adapter<\/p>\n","protected":false},"featured_media":327965,"comment_status":"","ping_status":"closed","template":"","meta":{"_acf_changed":false},"product_brand":[],"product_cat":[16],"product_tag":[],"class_list":{"0":"post-327963","1":"product","2":"type-product","3":"status-publish","4":"has-post-thumbnail","6":"product_cat-montres-hommes","8":"first","9":"instock","10":"taxable","11":"shipping-taxable","12":"purchasable","13":"product-type-simple","14":"add-to-wishlist-after_add_to_cart"},"acf":[],"_links":{"self":[{"href":"https:\/\/amazonyguyane.fr\/index.php?rest_route=\/wp\/v2\/product\/327963","targetHints":{"allow":["GET"]}}],"collection":[{"href":"https:\/\/amazonyguyane.fr\/index.php?rest_route=\/wp\/v2\/product"}],"about":[{"href":"https:\/\/amazonyguyane.fr\/index.php?rest_route=\/wp\/v2\/types\/product"}],"replies":[{"embeddable":true,"href":"https:\/\/amazonyguyane.fr\/index.php?rest_route=%2Fwp%2Fv2%2Fcomments&post=327963"}],"version-history":[{"count":0,"href":"https:\/\/amazonyguyane.fr\/index.php?rest_route=\/wp\/v2\/product\/327963\/revisions"}],"wp:featuredmedia":[{"embeddable":true,"href":"https:\/\/amazonyguyane.fr\/index.php?rest_route=\/wp\/v2\/media\/327965"}],"wp:attachment":[{"href":"https:\/\/amazonyguyane.fr\/index.php?rest_route=%2Fwp%2Fv2%2Fmedia&parent=327963"}],"wp:term":[{"taxonomy":"product_brand","embeddable":true,"href":"https:\/\/amazonyguyane.fr\/index.php?rest_route=%2Fwp%2Fv2%2Fproduct_brand&post=327963"},{"taxonomy":"product_cat","embeddable":true,"href":"https:\/\/amazonyguyane.fr\/index.php?rest_route=%2Fwp%2Fv2%2Fproduct_cat&post=327963"},{"taxonomy":"product_tag","embeddable":true,"href":"https:\/\/amazonyguyane.fr\/index.php?rest_route=%2Fwp%2Fv2%2Fproduct_tag&post=327963"}],"curies":[{"name":"wp","href":"https:\/\/api.w.org\/{rel}","templated":true}]}}