{"id":328907,"date":"2023-10-08T23:28:57","date_gmt":"2023-10-08T22:28:57","guid":{"rendered":"https:\/\/amazonyguyane.fr\/?product=katana-sacoche-homme-en-cuir-chocolat-15-x-17-5-x-4-5-cm"},"modified":"2023-10-08T23:28:57","modified_gmt":"2023-10-08T22:28:57","slug":"katana-sacoche-homme-en-cuir-chocolat-15-x-17-5-x-4-5-cm","status":"publish","type":"product","link":"https:\/\/amazonyguyane.fr\/produit\/katana-sacoche-homme-en-cuir-chocolat-15-x-17-5-x-4-5-cm\/","title":{"rendered":"Katana &#8211; Sacoche Homme en Cuir &#8211; Chocolat &#8211; 15 x 17.5 x 4.5 cm"},"content":{"rendered":"<p><!-- show up to 2 reviews by default -->                        <\/p>\n<p> <span>Sacoche bandouli\u00e8re pour homme en cuir de vachette sauvage KATANA Dimensions : 15 x 17.5 x 4.5 cm Poids : 0.30 kg Bandouli\u00e8re r\u00e9glable Type :: Sacoche homme Marque :: Katana Garantie :: 1 an Mati\u00e8re ext\u00e9rieure :: Cuir Couleur :: Marron Dimensions :: 15 x 17.5 x 4.5 cm Poids en Kg :: 0.30 Public :: Homme. R\u00e9f\u00e9rence produit : KAT-81661-02-Chocolat. id produit : 4180<\/span>  <\/p>\n<p>Code UNSPSC  :  53120000 (Bagages, sacs \u00e0 main, paquets et bo\u00eetes) Signaler un code incorrect              Poids de l&#8217;article                                     \u200f                                          :                                     \u200e  299,37 grammes          Date de mise en ligne sur Amazon.fr                                     \u200f                                          :                                     \u200e  31 juillet 2014                                  Fabricant                                     \u200f                                          :                                     \u200e  Katana          ASIN                                     \u200f                                          :                                     \u200e  B00KLKO94C          R\u00e9f\u00e9rence constructeur                                     \u200f                                          :                                     \u200e  mp-4180          Pays d&#8217;origine                                     \u200f                                          :                                     \u200e  Chine<\/p>\n","protected":false},"excerpt":{"rendered":"<p>Sacoche bandouli\u00e8re pour homme en cuir de vachette sauvage KATANA Dimensions : 15 x 17.5 x 4.5 cm Poids : 0.30 kg Bandouli\u00e8re r\u00e9glable Type :: Sacoche homme Marque ::<\/p>\n","protected":false},"featured_media":328910,"comment_status":"","ping_status":"closed","template":"","meta":{"_acf_changed":false},"product_brand":[],"product_cat":[78813],"product_tag":[],"class_list":{"0":"post-328907","1":"product","2":"type-product","3":"status-publish","4":"has-post-thumbnail","6":"product_cat-sacoche-homme","8":"first","9":"instock","10":"taxable","11":"shipping-taxable","12":"purchasable","13":"product-type-simple","14":"add-to-wishlist-after_add_to_cart"},"acf":[],"_links":{"self":[{"href":"https:\/\/amazonyguyane.fr\/wp-json\/wp\/v2\/product\/328907","targetHints":{"allow":["GET"]}}],"collection":[{"href":"https:\/\/amazonyguyane.fr\/wp-json\/wp\/v2\/product"}],"about":[{"href":"https:\/\/amazonyguyane.fr\/wp-json\/wp\/v2\/types\/product"}],"replies":[{"embeddable":true,"href":"https:\/\/amazonyguyane.fr\/wp-json\/wp\/v2\/comments?post=328907"}],"version-history":[{"count":0,"href":"https:\/\/amazonyguyane.fr\/wp-json\/wp\/v2\/product\/328907\/revisions"}],"wp:featuredmedia":[{"embeddable":true,"href":"https:\/\/amazonyguyane.fr\/wp-json\/wp\/v2\/media\/328910"}],"wp:attachment":[{"href":"https:\/\/amazonyguyane.fr\/wp-json\/wp\/v2\/media?parent=328907"}],"wp:term":[{"taxonomy":"product_brand","embeddable":true,"href":"https:\/\/amazonyguyane.fr\/wp-json\/wp\/v2\/product_brand?post=328907"},{"taxonomy":"product_cat","embeddable":true,"href":"https:\/\/amazonyguyane.fr\/wp-json\/wp\/v2\/product_cat?post=328907"},{"taxonomy":"product_tag","embeddable":true,"href":"https:\/\/amazonyguyane.fr\/wp-json\/wp\/v2\/product_tag?post=328907"}],"curies":[{"name":"wp","href":"https:\/\/api.w.org\/{rel}","templated":true}]}}