{"id":328963,"date":"2023-10-08T23:30:02","date_gmt":"2023-10-08T22:30:02","guid":{"rendered":"https:\/\/amazonyguyane.fr\/?product=lancaster-sac-reporter"},"modified":"2023-10-08T23:30:02","modified_gmt":"2023-10-08T22:30:02","slug":"lancaster-sac-reporter","status":"publish","type":"product","link":"https:\/\/amazonyguyane.fr\/produit\/lancaster-sac-reporter\/","title":{"rendered":"LANCASTER Sac reporter"},"content":{"rendered":"<li class=\"a-spacing-mini\"><span class=\"a-list-item\"> <b>Fermeture&nbsp;<\/b>: Fermeture \u00e9clair  <\/span><\/li>\n<p>Code UNSPSC  :  53120000 (Bagages, sacs \u00e0 main, paquets et bo\u00eetes) Signaler un code incorrect              Date de mise en ligne sur Amazon.fr                                     \u200f                                          :                                     \u200e  13 janvier 2021                                  Fabricant                                     \u200f                                          :                                     \u200e  LANCASTER          ASIN                                     \u200f                                          :                                     \u200e  B08SVZ2D5V          Num\u00e9ro du mod\u00e8le de l&#8217;article                                     \u200f                                          :                                     \u200e  304-46-NOIR          Pays d&#8217;origine                                     \u200f                                          :                                     \u200e  France<\/p>\n","protected":false},"excerpt":{"rendered":"<p>Fermeture&nbsp;: Fermeture \u00e9clair Code UNSPSC : 53120000 (Bagages, sacs \u00e0 main, paquets et bo\u00eetes) Signaler un code incorrect Date de mise en ligne sur Amazon.fr \u200f : \u200e 13 janvier<\/p>\n","protected":false},"featured_media":328966,"comment_status":"","ping_status":"closed","template":"","meta":{"_acf_changed":false},"product_brand":[],"product_cat":[78813],"product_tag":[],"class_list":{"0":"post-328963","1":"product","2":"type-product","3":"status-publish","4":"has-post-thumbnail","6":"product_cat-sacoche-homme","8":"first","9":"instock","10":"taxable","11":"shipping-taxable","12":"purchasable","13":"product-type-simple","14":"add-to-wishlist-after_add_to_cart"},"acf":[],"_links":{"self":[{"href":"https:\/\/amazonyguyane.fr\/wp-json\/wp\/v2\/product\/328963","targetHints":{"allow":["GET"]}}],"collection":[{"href":"https:\/\/amazonyguyane.fr\/wp-json\/wp\/v2\/product"}],"about":[{"href":"https:\/\/amazonyguyane.fr\/wp-json\/wp\/v2\/types\/product"}],"replies":[{"embeddable":true,"href":"https:\/\/amazonyguyane.fr\/wp-json\/wp\/v2\/comments?post=328963"}],"version-history":[{"count":0,"href":"https:\/\/amazonyguyane.fr\/wp-json\/wp\/v2\/product\/328963\/revisions"}],"wp:featuredmedia":[{"embeddable":true,"href":"https:\/\/amazonyguyane.fr\/wp-json\/wp\/v2\/media\/328966"}],"wp:attachment":[{"href":"https:\/\/amazonyguyane.fr\/wp-json\/wp\/v2\/media?parent=328963"}],"wp:term":[{"taxonomy":"product_brand","embeddable":true,"href":"https:\/\/amazonyguyane.fr\/wp-json\/wp\/v2\/product_brand?post=328963"},{"taxonomy":"product_cat","embeddable":true,"href":"https:\/\/amazonyguyane.fr\/wp-json\/wp\/v2\/product_cat?post=328963"},{"taxonomy":"product_tag","embeddable":true,"href":"https:\/\/amazonyguyane.fr\/wp-json\/wp\/v2\/product_tag?post=328963"}],"curies":[{"name":"wp","href":"https:\/\/api.w.org\/{rel}","templated":true}]}}