{"id":329119,"date":"2023-10-08T23:32:43","date_gmt":"2023-10-08T22:32:43","guid":{"rendered":"https:\/\/amazonyguyane.fr\/?product=mannuosi-sacoche-bandouliere-homme-toile-sac-depaule-sac-a-bandouliere-de-vachette-retro-cartable-sac-a-main-marron"},"modified":"2023-10-08T23:33:07","modified_gmt":"2023-10-08T22:33:07","slug":"mannuosi-sacoche-bandouliere-homme-toile-sac-depaule-sac-a-bandouliere-de-vachette-retro-cartable-sac-a-main-marron","status":"publish","type":"product","link":"https:\/\/amazonyguyane.fr\/produit\/mannuosi-sacoche-bandouliere-homme-toile-sac-depaule-sac-a-bandouliere-de-vachette-retro-cartable-sac-a-main-marron\/","title":{"rendered":"MANNUOSI Sacoche Bandouli\u00e8re Homme Toile Sac d&#8217;\u00e9paule Sac \u00e0 Bandouli\u00e8re de Vachette R\u00e9tro Cartable Sac \u00e0 Main Marron"},"content":{"rendered":"<p><!-- show up to 2 reviews by default -->                        <\/p>\n<p> <span class=\"a-text-bold\">100% tout nouveau sac \u00e0 bandouli\u00e8re en toile<\/span><span><\/p>\n<p><\/span><span class=\"a-text-bold\">Mat\u00e9riau ext\u00e9rieur:&nbsp;<\/span><span>toile<\/p>\n<p><\/span><span class=\"a-text-bold\">Mati\u00e8re interne:<\/span><span>&nbsp;coton polyester<\/p>\n<p><\/span><span class=\"a-text-bold\">Style de design:&nbsp;<\/span><span>\u00e0 la mode, d\u00e9contract\u00e9, polyvalent<\/p>\n<p><\/span><span class=\"a-text-bold\">Public cible:<\/span><span>&nbsp;unisexe<\/p>\n<p><\/span><span class=\"a-text-bold\">Fonction:<\/span><span>&nbsp;\u00e9tanche et r\u00e9sistant \u00e0 l&#8217;usure<\/p>\n<p><\/span><span class=\"a-text-bold\">Occasion:<\/span><span>&nbsp;convient au bureau, au shopping, aux affaires, aux voyages<\/p>\n<p><\/span><span class=\"a-text-bold\">Rappel:<\/span><span>&nbsp;la taille du produit est pour r\u00e9f\u00e9rence uniquement, la m\u00e9thode de mesure est diff\u00e9rente, l&#8217;erreur est dans la plage de 1 cm \u00e0 3 cm est normal.<\/p>\n<p>Marque MANNUOSI. La soci\u00e9t\u00e9 est une entreprise int\u00e9grant la conception, la recherche et d\u00e9veloppement, la production et la vente de bagages haut de gamme.&nbsp;<br \/>L&#8217;entreprise s&#8217;appuie sur un design avant-gardiste et une r\u00e9putation de qualit\u00e9 fiable pour permettre aux consommateurs de ressentir d&#8217;abord la tendance de la mode internationale et de se tenir \u00e0 la pointe de la mode.<\/p>\n<p>MANNUOSI est entr\u00e9 dans la plate-forme e-commerce de l&#8217;innovation e-commerce.<br \/>&nbsp;Gr\u00e2ce \u00e0 la combinaison du marketing \u00aben ligne\u00bb et \u00abhors ligne\u00bb, la soci\u00e9t\u00e9 renforce la cr\u00e9ation et la promotion de sa marque et s&#8217;efforce de cr\u00e9er une marque de sacs pour hommes \u00e0 la mode, \u00e9l\u00e9gante et de haute qualit\u00e9.&nbsp;<br \/>L&#8217;entreprise cr\u00e9e \u00e9galement des produits de luxe abordables pour les hommes urbains \u00e0 la mode qui recherchent une vie de qualit\u00e9.<\/span>  <\/p>\n<p>Code UNSPSC  :  43211600 (Accessoires informatiques) Signaler un code incorrect              Dimensions du produit (L x l x h)                                     \u200f                                          :                                     \u200e  38 x 13 x 27 cm; 810 grammes          Date de mise en ligne sur Amazon.fr                                     \u200f                                          :                                     \u200e  29 septembre 2020                                  Fabricant                                     \u200f                                          :                                     \u200e  MANNUOSI          ASIN                                     \u200f                                          :                                     \u200e  B08KDKDDLQ          Num\u00e9ro du mod\u00e8le de l&#8217;article                                     \u200f                                          :                                     \u200e  MAN-SO58001          Pays d&#8217;origine                                     \u200f                                          :                                     \u200e  Italie          Service                                     \u200f                                          :                                     \u200e  Homme<\/p>\n","protected":false},"excerpt":{"rendered":"<p>100% tout nouveau sac \u00e0 bandouli\u00e8re en toile Mat\u00e9riau ext\u00e9rieur:&nbsp;toile Mati\u00e8re interne:&nbsp;coton polyester Style de design:&nbsp;\u00e0 la mode, d\u00e9contract\u00e9, polyvalent Public cible:&nbsp;unisexe Fonction:&nbsp;\u00e9tanche et r\u00e9sistant \u00e0 l&#8217;usure Occasion:&nbsp;convient au bureau,<\/p>\n","protected":false},"featured_media":329121,"comment_status":"","ping_status":"closed","template":"","meta":{"_acf_changed":false},"product_brand":[],"product_cat":[78813],"product_tag":[],"class_list":{"0":"post-329119","1":"product","2":"type-product","3":"status-publish","4":"has-post-thumbnail","6":"product_cat-sacoche-homme","8":"first","9":"instock","10":"taxable","11":"shipping-taxable","12":"purchasable","13":"product-type-variable","14":"add-to-wishlist-after_add_to_cart"},"acf":[],"_links":{"self":[{"href":"https:\/\/amazonyguyane.fr\/wp-json\/wp\/v2\/product\/329119","targetHints":{"allow":["GET"]}}],"collection":[{"href":"https:\/\/amazonyguyane.fr\/wp-json\/wp\/v2\/product"}],"about":[{"href":"https:\/\/amazonyguyane.fr\/wp-json\/wp\/v2\/types\/product"}],"replies":[{"embeddable":true,"href":"https:\/\/amazonyguyane.fr\/wp-json\/wp\/v2\/comments?post=329119"}],"version-history":[{"count":0,"href":"https:\/\/amazonyguyane.fr\/wp-json\/wp\/v2\/product\/329119\/revisions"}],"wp:featuredmedia":[{"embeddable":true,"href":"https:\/\/amazonyguyane.fr\/wp-json\/wp\/v2\/media\/329121"}],"wp:attachment":[{"href":"https:\/\/amazonyguyane.fr\/wp-json\/wp\/v2\/media?parent=329119"}],"wp:term":[{"taxonomy":"product_brand","embeddable":true,"href":"https:\/\/amazonyguyane.fr\/wp-json\/wp\/v2\/product_brand?post=329119"},{"taxonomy":"product_cat","embeddable":true,"href":"https:\/\/amazonyguyane.fr\/wp-json\/wp\/v2\/product_cat?post=329119"},{"taxonomy":"product_tag","embeddable":true,"href":"https:\/\/amazonyguyane.fr\/wp-json\/wp\/v2\/product_tag?post=329119"}],"curies":[{"name":"wp","href":"https:\/\/api.w.org\/{rel}","templated":true}]}}