{"id":329732,"date":"2023-10-08T23:44:21","date_gmt":"2023-10-08T22:44:21","guid":{"rendered":"https:\/\/amazonyguyane.fr\/?product=fandare-homme-sac-bandouliere-extensible-garcon-sacoche-sac-depaule-avec-port-de-chargement-usb-messenger-bag-pour-10-5-pouces-laptop-briefcase-grand-sac-de-travail-universite-cartable-noir"},"modified":"2023-10-08T23:44:56","modified_gmt":"2023-10-08T22:44:56","slug":"fandare-homme-sac-bandouliere-extensible-garcon-sacoche-sac-depaule-avec-port-de-chargement-usb-messenger-bag-pour-10-5-pouces-laptop-briefcase-grand-sac-de-travail-universite-cartable-noir","status":"publish","type":"product","link":"https:\/\/amazonyguyane.fr\/produit\/fandare-homme-sac-bandouliere-extensible-garcon-sacoche-sac-depaule-avec-port-de-chargement-usb-messenger-bag-pour-10-5-pouces-laptop-briefcase-grand-sac-de-travail-universite-cartable-noir\/","title":{"rendered":"FANDARE Homme Sac Bandouli\u00e8re Extensible Gar\u00e7on Sacoche Sac d&#8217;\u00e9paule avec Port de Chargement USB Messenger Bag pour 10.5 Pouces Laptop Briefcase Grand Sac de Travail Universit\u00e9 Cartable Noir"},"content":{"rendered":"<li class=\"a-spacing-mini\"><span class=\"a-list-item\"> Sacoche portable pour ordinateur portable &#8211; Avec un port de chargement USB sur le c\u00f4t\u00e9 du sac \u00e0 dos et un c\u00e2ble de chargement int\u00e9gr\u00e9 \u00e0 l&#8217;int\u00e9rieur, il offre un acc\u00e8s facile pour charger votre t\u00e9l\u00e9phone lorsque vous transportez un sac \u00e0 dos sur la route. Le sac \u00e0 bandouli\u00e8re pour ados est ultra l\u00e9ger et confortable. Vous pouvez l&#8217;utiliser quelle que soit la saison. Il peut \u00eatre utilis\u00e9 pour voyages, la randonn\u00e9e, shopping, affaires, l&#8217;\u00e9cole, l&#8217;alpinisme, le fitness, les vacances,la f\u00eate, etc.  <\/span><\/li>\n<li class=\"a-spacing-mini\"><span class=\"a-list-item\"> Grande capacit\u00e9 &#8211; Dimension: longueur: 32 cm, largeur: 9 cm, hauteur: 22 cm. La poche principale peut contenir une tablette de 10,5 pouces, des parapluies, des lunettes, des portefeuilles, une alimentation mobile et d&#8217;autres n\u00e9cessit\u00e9s quotidiennes. La poche arri\u00e8re antivol est con\u00e7ue pour votre t\u00e9l\u00e9phone, carte de cr\u00e9dit, cl\u00e9s, portefeuille et autres objets de valeur. La conception du fond \u00e9volutif augmente non seulement la capacit\u00e9 du sac, mais rend \u00e9galement le sac plus pratique et \u00e9l\u00e9gant.  <\/span><\/li>\n<li class=\"a-spacing-mini\"><span class=\"a-list-item\"> Mat\u00e9riau de qualit\u00e9 sup\u00e9rieure &#8211; Nos concepteurs ont soigneusement s\u00e9lectionn\u00e9 un tissu en polyester de qualit\u00e9 sup\u00e9rieure, respirant, portable, doux, l\u00e9ger, imperm\u00e9able et r\u00e9sistant \u00e0 la d\u00e9chirure. Nous avons s\u00e9lectionn\u00e9 des fermetures \u00e0 glissi\u00e8re de haute qualit\u00e9, combin\u00e9es avec les meilleures mati\u00e8res premi\u00e8res et une m\u00e9thode de couture renforc\u00e9e, tr\u00e8s pratique et pratique.  <\/span><\/li>\n<li class=\"a-spacing-mini\"><span class=\"a-list-item\"> Sac \u00e0 bandouli\u00e8re l\u00e9ger &#8211; Sac messager polyvalent pour la plupart de vos besoins, facile \u00e0 assortir \u00e0 vos v\u00eatements, adapt\u00e9 au travail, \u00e0 l&#8217;\u00e9cole, aux voyages, au shopping, \u00e0 l&#8217;universit\u00e9, au coll\u00e8ge, au campus, etc. Un excellent choix pour tous les voyages et la vie quotidienne. Aussi comme un excellent cadeau pour les petits amis, les hommes, les gar\u00e7ons, les enfants et les adolescents pour l&#8217;anniversaire, la Saint-Valentin, le festival.  <\/span><\/li>\n<li class=\"a-spacing-mini\"><span class=\"a-list-item\"> Service &#8211; Si vous avez des questions et nous r\u00e9soudrons votre probl\u00e8me dans un premier temps. FANDARE s&#8217;engage \u00e0 offrir un service sans faille \u00e0 chaque client afin de gagner le plus de satisfaction client. Notre objectif est de cr\u00e9er et de fournir \u00e0 tout le monde le meilleur sac, le plus pratique et le plus polyvalent.  <\/span><\/li>\n<p>Code UNSPSC  :  43211619 (Sac de transport pour ordinateur portable) Signaler un code incorrect              Dimensions du produit (L x l x h)                                     \u200f                                          :                                     \u200e  32 x 9 x 22 cm; 590 grammes          Date de mise en ligne sur Amazon.fr                                     \u200f                                          :                                     \u200e  20 janvier 2021                                  ASIN                                     \u200f                                          :                                     \u200e  B08XZ1Q6P4          Num\u00e9ro du mod\u00e8le de l&#8217;article                                     \u200f                                          :                                     \u200e  AK-MV002          Service                                     \u200f                                          :                                     \u200e  Mixte<\/p>\n","protected":false},"excerpt":{"rendered":"<p>Sacoche portable pour ordinateur portable &#8211; Avec un port de chargement USB sur le c\u00f4t\u00e9 du sac \u00e0 dos et un c\u00e2ble de chargement int\u00e9gr\u00e9 \u00e0 l&#8217;int\u00e9rieur, il offre un<\/p>\n","protected":false},"featured_media":329734,"comment_status":"","ping_status":"closed","template":"","meta":{"_acf_changed":false},"product_brand":[],"product_cat":[78813],"product_tag":[],"class_list":{"0":"post-329732","1":"product","2":"type-product","3":"status-publish","4":"has-post-thumbnail","6":"product_cat-sacoche-homme","8":"first","9":"instock","10":"taxable","11":"shipping-taxable","12":"purchasable","13":"product-type-variable","14":"add-to-wishlist-after_add_to_cart"},"acf":[],"_links":{"self":[{"href":"https:\/\/amazonyguyane.fr\/wp-json\/wp\/v2\/product\/329732","targetHints":{"allow":["GET"]}}],"collection":[{"href":"https:\/\/amazonyguyane.fr\/wp-json\/wp\/v2\/product"}],"about":[{"href":"https:\/\/amazonyguyane.fr\/wp-json\/wp\/v2\/types\/product"}],"replies":[{"embeddable":true,"href":"https:\/\/amazonyguyane.fr\/wp-json\/wp\/v2\/comments?post=329732"}],"version-history":[{"count":0,"href":"https:\/\/amazonyguyane.fr\/wp-json\/wp\/v2\/product\/329732\/revisions"}],"wp:featuredmedia":[{"embeddable":true,"href":"https:\/\/amazonyguyane.fr\/wp-json\/wp\/v2\/media\/329734"}],"wp:attachment":[{"href":"https:\/\/amazonyguyane.fr\/wp-json\/wp\/v2\/media?parent=329732"}],"wp:term":[{"taxonomy":"product_brand","embeddable":true,"href":"https:\/\/amazonyguyane.fr\/wp-json\/wp\/v2\/product_brand?post=329732"},{"taxonomy":"product_cat","embeddable":true,"href":"https:\/\/amazonyguyane.fr\/wp-json\/wp\/v2\/product_cat?post=329732"},{"taxonomy":"product_tag","embeddable":true,"href":"https:\/\/amazonyguyane.fr\/wp-json\/wp\/v2\/product_tag?post=329732"}],"curies":[{"name":"wp","href":"https:\/\/api.w.org\/{rel}","templated":true}]}}