{"id":329864,"date":"2023-10-08T23:46:43","date_gmt":"2023-10-08T22:46:43","guid":{"rendered":"https:\/\/amazonyguyane.fr\/?product=mil-tec-etui-aviator-pour-documents"},"modified":"2023-10-08T23:46:43","modified_gmt":"2023-10-08T22:46:43","slug":"mil-tec-etui-aviator-pour-documents","status":"publish","type":"product","link":"https:\/\/amazonyguyane.fr\/produit\/mil-tec-etui-aviator-pour-documents\/","title":{"rendered":"Mil-Tec \u00c9tui Aviator pour documents."},"content":{"rendered":"<p><!-- show up to 2 reviews by default -->                        <\/p>\n<p> <span>Composition : 100 % polyester. <br \/>Dimensions : 41 x 33 x 17 cm <\/p>\n<p>Sac \u00e0 bandouli\u00e8re fonctionnel avec beaucoup d&#8217;espace de rangement. <\/p>\n<p>&#8211; Bandouli\u00e8re amovible et r\u00e9glable avec rembourrage au niveau du portage. <br \/>&#8211; Poign\u00e9e rembourr\u00e9e. <br \/>&#8211; Grand compartiment principal avec fermeture \u00e9clair et compartiments rembourr\u00e9s amovibles. <br \/>&#8211; Poche avant avec fermeture \u00e9clair et organiseur int\u00e9gr\u00e9. <br \/>&#8211; Grand compartiment rembourr\u00e9 pour ordinateur portable avec fermeture \u00e9clair. <br \/>&#8211; Bretelles de transport dissimul\u00e9es dans la poche ext\u00e9rieure. <br \/>&#8211; 2 petites poches plaqu\u00e9es avec fermeture velcro. <br \/><\/span>  <\/p>\n<p><\/p>\n","protected":false},"excerpt":{"rendered":"<p>Composition : 100 % polyester. Dimensions : 41 x 33 x 17 cm Sac \u00e0 bandouli\u00e8re fonctionnel avec beaucoup d&#8217;espace de rangement. &#8211; Bandouli\u00e8re amovible et r\u00e9glable avec rembourrage au<\/p>\n","protected":false},"featured_media":329866,"comment_status":"","ping_status":"closed","template":"","meta":{"_acf_changed":false},"product_brand":[],"product_cat":[78813],"product_tag":[],"class_list":{"0":"post-329864","1":"product","2":"type-product","3":"status-publish","4":"has-post-thumbnail","6":"product_cat-sacoche-homme","8":"first","9":"instock","10":"taxable","11":"shipping-taxable","12":"purchasable","13":"product-type-simple","14":"add-to-wishlist-after_add_to_cart"},"acf":[],"_links":{"self":[{"href":"https:\/\/amazonyguyane.fr\/wp-json\/wp\/v2\/product\/329864","targetHints":{"allow":["GET"]}}],"collection":[{"href":"https:\/\/amazonyguyane.fr\/wp-json\/wp\/v2\/product"}],"about":[{"href":"https:\/\/amazonyguyane.fr\/wp-json\/wp\/v2\/types\/product"}],"replies":[{"embeddable":true,"href":"https:\/\/amazonyguyane.fr\/wp-json\/wp\/v2\/comments?post=329864"}],"version-history":[{"count":0,"href":"https:\/\/amazonyguyane.fr\/wp-json\/wp\/v2\/product\/329864\/revisions"}],"wp:featuredmedia":[{"embeddable":true,"href":"https:\/\/amazonyguyane.fr\/wp-json\/wp\/v2\/media\/329866"}],"wp:attachment":[{"href":"https:\/\/amazonyguyane.fr\/wp-json\/wp\/v2\/media?parent=329864"}],"wp:term":[{"taxonomy":"product_brand","embeddable":true,"href":"https:\/\/amazonyguyane.fr\/wp-json\/wp\/v2\/product_brand?post=329864"},{"taxonomy":"product_cat","embeddable":true,"href":"https:\/\/amazonyguyane.fr\/wp-json\/wp\/v2\/product_cat?post=329864"},{"taxonomy":"product_tag","embeddable":true,"href":"https:\/\/amazonyguyane.fr\/wp-json\/wp\/v2\/product_tag?post=329864"}],"curies":[{"name":"wp","href":"https:\/\/api.w.org\/{rel}","templated":true}]}}