{"id":330404,"date":"2023-10-31T13:03:26","date_gmt":"2023-10-31T12:03:26","guid":{"rendered":"https:\/\/amazonyguyane.fr\/?product=coffre-fort-de-46-litres-nestling-coffre-fort-en-acier-avec-serrure-electronique-et-2-cles-coffre-fort-mural-pour-bijoux-documents-passeport-medicaments-23-x-17-x-17-cm"},"modified":"2023-10-31T13:03:26","modified_gmt":"2023-10-31T12:03:26","slug":"coffre-fort-de-46-litres-nestling-coffre-fort-en-acier-avec-serrure-electronique-et-2-cles-coffre-fort-mural-pour-bijoux-documents-passeport-medicaments-23-x-17-x-17-cm","status":"publish","type":"product","link":"https:\/\/amazonyguyane.fr\/produit\/coffre-fort-de-46-litres-nestling-coffre-fort-en-acier-avec-serrure-electronique-et-2-cles-coffre-fort-mural-pour-bijoux-documents-passeport-medicaments-23-x-17-x-17-cm\/","title":{"rendered":"Coffre-fort de 4,6 litres &#8211; Nestling\u00ae coffre-fort en acier avec serrure \u00e9lectronique et 2 cl\u00e9s, coffre fort mural pour Bijoux Documents Passeport M\u00e9dicaments (23 x 17 x 17 cm)"},"content":{"rendered":"","protected":false},"excerpt":{"rendered":"","protected":false},"featured_media":330405,"comment_status":"","ping_status":"closed","template":"","meta":{"_acf_changed":false},"product_brand":[],"product_cat":[71694],"product_tag":[],"class_list":{"0":"post-330404","1":"product","2":"type-product","3":"status-publish","4":"has-post-thumbnail","6":"product_cat-ventes-flash","8":"first","9":"instock","10":"taxable","11":"shipping-taxable","12":"purchasable","13":"product-type-simple","14":"add-to-wishlist-after_add_to_cart"},"acf":[],"_links":{"self":[{"href":"https:\/\/amazonyguyane.fr\/wp-json\/wp\/v2\/product\/330404","targetHints":{"allow":["GET"]}}],"collection":[{"href":"https:\/\/amazonyguyane.fr\/wp-json\/wp\/v2\/product"}],"about":[{"href":"https:\/\/amazonyguyane.fr\/wp-json\/wp\/v2\/types\/product"}],"replies":[{"embeddable":true,"href":"https:\/\/amazonyguyane.fr\/wp-json\/wp\/v2\/comments?post=330404"}],"version-history":[{"count":0,"href":"https:\/\/amazonyguyane.fr\/wp-json\/wp\/v2\/product\/330404\/revisions"}],"wp:featuredmedia":[{"embeddable":true,"href":"https:\/\/amazonyguyane.fr\/wp-json\/wp\/v2\/media\/330405"}],"wp:attachment":[{"href":"https:\/\/amazonyguyane.fr\/wp-json\/wp\/v2\/media?parent=330404"}],"wp:term":[{"taxonomy":"product_brand","embeddable":true,"href":"https:\/\/amazonyguyane.fr\/wp-json\/wp\/v2\/product_brand?post=330404"},{"taxonomy":"product_cat","embeddable":true,"href":"https:\/\/amazonyguyane.fr\/wp-json\/wp\/v2\/product_cat?post=330404"},{"taxonomy":"product_tag","embeddable":true,"href":"https:\/\/amazonyguyane.fr\/wp-json\/wp\/v2\/product_tag?post=330404"}],"curies":[{"name":"wp","href":"https:\/\/api.w.org\/{rel}","templated":true}]}}