{"id":330511,"date":"2023-10-31T17:41:54","date_gmt":"2023-10-31T16:41:54","guid":{"rendered":"https:\/\/amazonyguyane.fr\/?product=aocwei-ordinateur-portable-16-2"},"modified":"2023-10-31T17:41:54","modified_gmt":"2023-10-31T16:41:54","slug":"aocwei-ordinateur-portable-16-2","status":"publish","type":"product","link":"https:\/\/amazonyguyane.fr\/?product=aocwei-ordinateur-portable-16-2","title":{"rendered":"Aocwei Ordinateur Portable 16"},"content":{"rendered":"<\/p>\n<p><span>Pourquoi choisir Aowei Laptop A6 ?<\/span><\/p>\n<p><span>L&#8217;ordinateur portable Aocwei A6 est con\u00e7u pour vous aider \u00e0 vivre une exp\u00e9rience plus efficace et pratique dans l&#8217;\u00e9tude, le travail et le divertissement, cet ordinateur portable l\u00e9ger de 16 pouces est aliment\u00e9 par un processeur Intel N5095, \u00e9quip\u00e9 d&#8217;une batterie de 5000 mAh, et a une longue dur\u00e9e de vie de la batterie, permettant vous permet de voyager confortablement Plus ennuyeux. \u00c9quip\u00e9 du syst\u00e8me Win 11, la vitesse de traitement est excellente. L&#8217;ordinateur portable est \u00e9galement \u00e9quip\u00e9 de Wi-Fi 2.4G+5G, Bluetooth 4.2, double USB 3.0 et HDMI, vous permettant de connecter plusieurs appareils et de profiter de fonctions de transmission efficaces \u00e0 tout moment, n&#8217;importe o\u00f9.<\/span><\/p>\n<p><span>L&#8217;ordinateur portable Aocwei A6 offre la combinaison parfaite de fonctionnalit\u00e9, de mobilit\u00e9 et de performance.<\/span><\/p>\n<p><span>Emballage pour ordinateur portable A6<\/span><\/p>\n<p><span>1 Laptop A6 Violet<\/span><\/p>\n<p><span>1 chargeur<\/span><\/p>\n<p><span>1 souris sans fil<\/span><\/p>\n<p><span>1 mode d&#8217;emploi<\/span><\/p>\n<p><span>1 protecteur de clavier en silicone fran\u00e7ais<\/span><\/p>\n<p><span>Vous recevrez 5 accessoires<\/span><\/p>\n<p><span>Param\u00e8tres du cahier A6 :<\/span><\/p>\n<p><span>Marque : Aocwei<\/span><\/p>\n<p><span>Syst\u00e8me : Win 11<\/span><\/p>\n<p><span>Couleur Violet<\/span><\/p>\n<p><span>Capacit\u00e9 m\u00e9moire : 12 Go<\/span><\/p>\n<p><span>SSD : 512 Go<\/span><\/p>\n<p><span>Support d&#8217;extension : la carte SD prend en charge 128 \u00e0 512 Go, le SSD prend en charge 512 \u00e0 1 To<\/span><\/p>\n<p><span>Taille de l&#8217;\u00e9cran : 16 pouces<\/span><\/p>\n<p><span>R\u00e9solution d&#8217;\u00e9cran : 1920*1080 Full HD<\/span><\/p>\n<p><span>Wi-Fi : 802.11ac\/b\/g\/n, 2.4G\/5G<\/span><\/p>\n<p><span>Bluetooth : prise en charge 4.2<\/span><\/p>\n<p><span>Param\u00e8tres suppl\u00e9mentaires pour la tablette<\/span><\/p>\n<p><span>Batterie : 5000 mAh<\/span><\/p>\n<p><span>Temps de lecture vid\u00e9o : 5 \u00e0 6 heures<\/span><\/p>\n<p><span>Autonomie en veille : 8 jours<\/span><\/p>\n<p><span>Poids du produit : 1,66 kg<\/span><\/p>\n<p><span>Connexions : 2 ports USB 3.0, HDMI<\/span><\/p>\n<p><span>Dimensions du produit : 35,6 x 24,1 x 2,1 cm<\/span><\/p>\n<\/p>\n<p><\/p>\n","protected":false},"excerpt":{"rendered":"<p>Pourquoi choisir Aowei Laptop A6 ? L&#8217;ordinateur portable Aocwei A6 est con\u00e7u pour vous aider \u00e0 vivre une exp\u00e9rience plus efficace et pratique dans l&#8217;\u00e9tude, le travail et le divertissement,<\/p>\n","protected":false},"featured_media":330512,"comment_status":"","ping_status":"closed","template":"","meta":{"_acf_changed":false},"product_brand":[],"product_cat":[20],"product_tag":[],"class_list":{"0":"post-330511","1":"product","2":"type-product","3":"status-publish","4":"has-post-thumbnail","6":"product_cat-ordinateur-gaming","8":"first","9":"outofstock","10":"taxable","11":"shipping-taxable","12":"purchasable","13":"product-type-simple","14":"add-to-wishlist-after_add_to_cart"},"acf":[],"_links":{"self":[{"href":"https:\/\/amazonyguyane.fr\/index.php?rest_route=\/wp\/v2\/product\/330511","targetHints":{"allow":["GET"]}}],"collection":[{"href":"https:\/\/amazonyguyane.fr\/index.php?rest_route=\/wp\/v2\/product"}],"about":[{"href":"https:\/\/amazonyguyane.fr\/index.php?rest_route=\/wp\/v2\/types\/product"}],"replies":[{"embeddable":true,"href":"https:\/\/amazonyguyane.fr\/index.php?rest_route=%2Fwp%2Fv2%2Fcomments&post=330511"}],"version-history":[{"count":0,"href":"https:\/\/amazonyguyane.fr\/index.php?rest_route=\/wp\/v2\/product\/330511\/revisions"}],"wp:featuredmedia":[{"embeddable":true,"href":"https:\/\/amazonyguyane.fr\/index.php?rest_route=\/wp\/v2\/media\/330512"}],"wp:attachment":[{"href":"https:\/\/amazonyguyane.fr\/index.php?rest_route=%2Fwp%2Fv2%2Fmedia&parent=330511"}],"wp:term":[{"taxonomy":"product_brand","embeddable":true,"href":"https:\/\/amazonyguyane.fr\/index.php?rest_route=%2Fwp%2Fv2%2Fproduct_brand&post=330511"},{"taxonomy":"product_cat","embeddable":true,"href":"https:\/\/amazonyguyane.fr\/index.php?rest_route=%2Fwp%2Fv2%2Fproduct_cat&post=330511"},{"taxonomy":"product_tag","embeddable":true,"href":"https:\/\/amazonyguyane.fr\/index.php?rest_route=%2Fwp%2Fv2%2Fproduct_tag&post=330511"}],"curies":[{"name":"wp","href":"https:\/\/api.w.org\/{rel}","templated":true}]}}