{"id":330645,"date":"2023-10-31T18:04:00","date_gmt":"2023-10-31T17:04:00","guid":{"rendered":"https:\/\/amazonyguyane.fr\/?product=vibox-viii-2-pc-gamer-27"},"modified":"2023-10-31T18:04:00","modified_gmt":"2023-10-31T17:04:00","slug":"vibox-viii-2-pc-gamer-27","status":"publish","type":"product","link":"https:\/\/amazonyguyane.fr\/?product=vibox-viii-2-pc-gamer-27","title":{"rendered":"VIBOX VIII-2 PC Gamer &#8211; 27"},"content":{"rendered":"<p> <span>Un 11th g\u00e9n\u00e9ration Intel Core i9 11900F fournit la plate-forme solide n\u00e9cessaire pour un PC de jeu moderne, avec la technologie 8-core pour am\u00e9liorer les performances. La NVIDIA GeForce RTX 3060 est une carte graphique VR-Ready avec Ray-Tracing, qui vous permet de jouer \u00e0 des jeux les plus populaires tels que Fortnite, PUBG, GTA, Fallout, Minecraft et League of Legends \u00e0 un minimum de 60FPS dans la belle haute d\u00e9finition. Cette rubrique comprend \u00e9galement un 1 To NVMe M.2 Solid State Drive, ce qui signifie votre nouveau PC d\u00e9marrer Windows en quelques secondes, les programmes ouverts plus rapidement et \u00eatre plus r\u00e9actif que jamais.<\/p>\n<p><\/span><span class=\"a-text-bold\">Sp\u00e9cification Du Syst\u00e8me<\/span><span><\/p>\n<p>PROCESSEUR &gt; Intel i9 11900F 8-Core 5.20GHz Turbo CPU (16 Threads \/ 16MB SmartCache \/ 65W TDP)<br \/>CARTE GRAPHIQUE &gt; Nvidia GeForce RTX 3060 (12Go GDDR6 RAM \/ HDMI 2.1 \/ DisplayPort 1.4a)<br \/>RAM &gt; 32 Go DDR4 2666MHz High Speed M\u00e9moire<br \/>SSD &gt; 1To NVMe M.2 Solid State Drive (Pour un d\u00e9marrage rapide du PC, sauvegarde des fichiers et plus rapide)<br \/>CAS &gt; Kolink Void X RGB Gaming Bo\u00eetier<br \/>SYST\u00c8ME OP\u00c9RATEUR &gt; Pre install\u00e9 Microsoft Windows 11 Home<br \/>\u00c9CRAN &gt; 27&#8243; 165Hz 1080p \u00c9cran (FullHD 1920&#215;1080 \/ 5ms R\u00e9ponse \/ LED R\u00e9tro\u00e9clairage)<br \/>CLAVIER &amp; SOURIS &gt; Kit clavier et souris gaming RGB<br \/>TAPIS DE SOURIS &gt; Vibox Glide (Surface lisse pour le jeu \/ Base en caoutchouc antid\u00e9rapante)<br \/>AUDIO &gt; Gamer Casque<br \/>PSU &gt; Aerocool 600W 85 PLUS PSU<br \/> CPU Cooler &gt;Refroidisseur d&#8217;air d\u00e9di\u00e9 <br \/>WIFI &gt; Adaptateur r\u00e9seau sans fil WiFi 300Mbps<br \/>GARANTIE &gt; Garantie \u00c9volution Vibox \u00e0 Vie<br \/>CADEAU GRATUIT&gt; Obtenez un cadeau gratuit jusqu&#8217;\u00e0 une valeur de 20\u20ac\u200e avec votre achat ! Utilisez-le pour jouer \u00e0 tous vos jeux pr\u00e9f\u00e9r\u00e9s sur Steam, Xbox et Battle.net &#8211; ou m\u00eame obtenir les derniers produits cosm\u00e9tiques de Fortnite ! Les instructions sur la fa\u00e7on d&#8217;\u00e9changer votre cadeau seront avec votre PC<\/span>  <\/p>\n<p><\/p>\n","protected":false},"excerpt":{"rendered":"<p>Un 11th g\u00e9n\u00e9ration Intel Core i9 11900F fournit la plate-forme solide n\u00e9cessaire pour un PC de jeu moderne, avec la technologie 8-core pour am\u00e9liorer les performances. La NVIDIA GeForce RTX<\/p>\n","protected":false},"featured_media":330646,"comment_status":"","ping_status":"closed","template":"","meta":{"_acf_changed":false},"product_brand":[],"product_cat":[20],"product_tag":[],"class_list":{"0":"post-330645","1":"product","2":"type-product","3":"status-publish","4":"has-post-thumbnail","6":"product_cat-ordinateur-gaming","8":"first","9":"outofstock","10":"taxable","11":"shipping-taxable","12":"purchasable","13":"product-type-simple","14":"add-to-wishlist-after_add_to_cart"},"acf":[],"_links":{"self":[{"href":"https:\/\/amazonyguyane.fr\/index.php?rest_route=\/wp\/v2\/product\/330645","targetHints":{"allow":["GET"]}}],"collection":[{"href":"https:\/\/amazonyguyane.fr\/index.php?rest_route=\/wp\/v2\/product"}],"about":[{"href":"https:\/\/amazonyguyane.fr\/index.php?rest_route=\/wp\/v2\/types\/product"}],"replies":[{"embeddable":true,"href":"https:\/\/amazonyguyane.fr\/index.php?rest_route=%2Fwp%2Fv2%2Fcomments&post=330645"}],"version-history":[{"count":0,"href":"https:\/\/amazonyguyane.fr\/index.php?rest_route=\/wp\/v2\/product\/330645\/revisions"}],"wp:featuredmedia":[{"embeddable":true,"href":"https:\/\/amazonyguyane.fr\/index.php?rest_route=\/wp\/v2\/media\/330646"}],"wp:attachment":[{"href":"https:\/\/amazonyguyane.fr\/index.php?rest_route=%2Fwp%2Fv2%2Fmedia&parent=330645"}],"wp:term":[{"taxonomy":"product_brand","embeddable":true,"href":"https:\/\/amazonyguyane.fr\/index.php?rest_route=%2Fwp%2Fv2%2Fproduct_brand&post=330645"},{"taxonomy":"product_cat","embeddable":true,"href":"https:\/\/amazonyguyane.fr\/index.php?rest_route=%2Fwp%2Fv2%2Fproduct_cat&post=330645"},{"taxonomy":"product_tag","embeddable":true,"href":"https:\/\/amazonyguyane.fr\/index.php?rest_route=%2Fwp%2Fv2%2Fproduct_tag&post=330645"}],"curies":[{"name":"wp","href":"https:\/\/api.w.org\/{rel}","templated":true}]}}