{"id":330844,"date":"2023-10-31T22:36:05","date_gmt":"2023-10-31T21:36:05","guid":{"rendered":"https:\/\/amazonyguyane.fr\/?product=susenstonesandales-compensees-femme-grande-taille-respirant-antiderapante-a-bout-ouvert-sandales-pas-cher-ete-sandales-de-plage"},"modified":"2023-10-31T22:36:33","modified_gmt":"2023-10-31T21:36:33","slug":"susenstonesandales-compensees-femme-grande-taille-respirant-antiderapante-a-bout-ouvert-sandales-pas-cher-ete-sandales-de-plage","status":"publish","type":"product","link":"https:\/\/amazonyguyane.fr\/produit\/susenstonesandales-compensees-femme-grande-taille-respirant-antiderapante-a-bout-ouvert-sandales-pas-cher-ete-sandales-de-plage\/","title":{"rendered":"SusenstoneSandales Compens\u00e9Es Femme Grande Taille Respirant Antid\u00e9Rapante \u00e0 Bout Ouvert Sandales Pas Cher \u00c9T\u00e9 Sandales De Plage"},"content":{"rendered":"<p> <span>Bienvenue dans le monde glamour Susenstone<\/p>\n<p>Susenstone-\u265b\u265b traite principalement de produits de haute qualit\u00e9 pour femmes. La conception professionnelle et unique peut montrer votre temp\u00e9rament beau et \u00e9l\u00e9gant. Conception plus conviviale. Prix et qualit\u00e9 sont les plus hauts niveaux d&#8217;Amazon. Nous lan\u00e7ons de nouveaux produits tous les jours, bienvenue dans notre magasin pour acheter des produits!<\/p>\n<p>sandales femme Susenstone<\/p>\n<p>Caract\u00e9ristiques principales:<br \/>\u273f &#8220;Des sandales confortables, un rapport qualit\u00e9 \/ prix absolu.<\/p>\n<p>\u273f CoupeBonne coupe et bonne taille, vraiment conforme \u00e0 la photo.<\/p>\n<p>\u273f Tissu super durable ainsi que doux, chic et \u00e9l\u00e9gant<\/p>\n<p>\u273f Repr\u00e9sente la mode f\u00e9minine pour les femmes qui ont confiance en elles. Le label garantit une offre polyvalente avec un excellent rapport qualit\u00e9 \/ prix. De nombreux mod\u00e8les et styles dans des couleurs \u00e0 la mode avec des d\u00e9tails sophistiqu\u00e9s sont transform\u00e9s en derni\u00e8res nouveaut\u00e9s saisonni\u00e8res. sandales ou mode &#8211; les collections vous offrent un m\u00e9lange vari\u00e9 de classiques et de tendances \u00e0 la mode pour toutes les occasions.<\/p>\n<p>\u273f Nous offrons un retour et un \u00e9change flexibles et gratuits. Si vous avez des questions. veuillez me contacter par e-mail. Nous vous r\u00e9pondrons dans les 24 heures.<\/span>  <\/p>\n<p>Code UNSPSC  :  53111800 (Sandales) Signaler un code incorrect              Date de mise en ligne sur Amazon.fr                                     \u200f                                          :                                     \u200e  18 mai 2020                                  ASIN                                     \u200f                                          :                                     \u200e  B088RBW6S7          Service                                     \u200f                                          :                                     \u200e  Femme<\/p>\n","protected":false},"excerpt":{"rendered":"<p>Bienvenue dans le monde glamour Susenstone Susenstone-\u265b\u265b traite principalement de produits de haute qualit\u00e9 pour femmes. La conception professionnelle et unique peut montrer votre temp\u00e9rament beau et \u00e9l\u00e9gant. Conception plus<\/p>\n","protected":false},"featured_media":330845,"comment_status":"","ping_status":"closed","template":"","meta":{"_acf_changed":false},"product_brand":[],"product_cat":[20424],"product_tag":[],"class_list":{"0":"post-330844","1":"product","2":"type-product","3":"status-publish","4":"has-post-thumbnail","6":"product_cat-sandales-de-plage-femmes","8":"first","9":"instock","10":"taxable","11":"shipping-taxable","12":"purchasable","13":"product-type-variable","14":"add-to-wishlist-after_add_to_cart"},"acf":[],"_links":{"self":[{"href":"https:\/\/amazonyguyane.fr\/wp-json\/wp\/v2\/product\/330844","targetHints":{"allow":["GET"]}}],"collection":[{"href":"https:\/\/amazonyguyane.fr\/wp-json\/wp\/v2\/product"}],"about":[{"href":"https:\/\/amazonyguyane.fr\/wp-json\/wp\/v2\/types\/product"}],"replies":[{"embeddable":true,"href":"https:\/\/amazonyguyane.fr\/wp-json\/wp\/v2\/comments?post=330844"}],"version-history":[{"count":0,"href":"https:\/\/amazonyguyane.fr\/wp-json\/wp\/v2\/product\/330844\/revisions"}],"wp:featuredmedia":[{"embeddable":true,"href":"https:\/\/amazonyguyane.fr\/wp-json\/wp\/v2\/media\/330845"}],"wp:attachment":[{"href":"https:\/\/amazonyguyane.fr\/wp-json\/wp\/v2\/media?parent=330844"}],"wp:term":[{"taxonomy":"product_brand","embeddable":true,"href":"https:\/\/amazonyguyane.fr\/wp-json\/wp\/v2\/product_brand?post=330844"},{"taxonomy":"product_cat","embeddable":true,"href":"https:\/\/amazonyguyane.fr\/wp-json\/wp\/v2\/product_cat?post=330844"},{"taxonomy":"product_tag","embeddable":true,"href":"https:\/\/amazonyguyane.fr\/wp-json\/wp\/v2\/product_tag?post=330844"}],"curies":[{"name":"wp","href":"https:\/\/api.w.org\/{rel}","templated":true}]}}