{"id":330860,"date":"2023-10-31T22:36:19","date_gmt":"2023-10-31T21:36:19","guid":{"rendered":"https:\/\/amazonyguyane.fr\/?product=motive-lifevamp-net-souple-sandales-a-enfiler-femmes"},"modified":"2023-10-31T22:37:01","modified_gmt":"2023-10-31T21:37:01","slug":"motive-lifevamp-net-souple-sandales-a-enfiler-femmes","status":"publish","type":"product","link":"https:\/\/amazonyguyane.fr\/produit\/motive-lifevamp-net-souple-sandales-a-enfiler-femmes\/","title":{"rendered":"MOTIVE LIFEVamp Net Souple Sandales \u00e0 Enfiler Femmes"},"content":{"rendered":"<p> <span>MOTIVE LIFE 2018 Nouveau design de mode cr\u00e9atif, 100% tout neuf, de haute qualit\u00e9! <\/p>\n<p> <\/span><span class=\"a-text-bold\"> mat\u00e9riau vamp: <\/span><span> EVA souple <br \/> <\/span><span class=\"a-text-bold\"> Mat\u00e9riau de la semelle: <\/span><span> PVC <br \/> <\/span><span class=\"a-text-bold\"> Mod\u00e8le: <\/span><span> Nid d&#8217;oiseau creux <br \/> <\/span><span class=\"a-text-bold\"> Type d&#8217;\u00e9l\u00e9ment: <\/span><span> sandales d&#8217;\u00e9t\u00e9 \u00e0 bout rond <br \/> <\/span><span class=\"a-text-bold\"> Type de talon: <\/span><span> plat <br \/> <\/span><span class=\"a-text-bold\"> Style: <\/span><span> Style d\u00e9contract\u00e9 mode <br \/> <\/span><span class=\"a-text-bold\"> Caract\u00e8res: <\/span><span> <br \/> Conception antid\u00e9rapante, plus de s\u00e9curit\u00e9. <br \/> Tr\u00e8s doux pour les voyages, le shopping, la plage et les v\u00eatements d\u00e9contract\u00e9s. <br \/> Chaussures \u00e0 la main <\/p>\n<p> <\/span><span class=\"a-text-bold\"> Livraison: <\/span><span> <br \/> Afin de r\u00e9duire les co\u00fbts d&#8217;exp\u00e9dition et de donner plus d&#8217;avantages aux clients, les chaussures sont bien emball\u00e9es sans bo\u00eete. <\/p>\n<p> <\/span><span class=\"a-text-bold\"> Description de la taille (important): <\/span><span> <br \/> Toutes les tailles marqu\u00e9es sont des tailles asiatiques Les relations avec les tailles UE sont list\u00e9es ci-dessous: <\/p>\n<p> Asiatique35 = EU34 = 225mm <br \/> Asiatique36 = EU35 = 230mm <br \/> Asiatique37 = EU36 = 235 mm <br \/> Asiatique38 = EU37 = 240mm <br \/> Asiatique39 = EU38 = 245 mm <br \/> Asiatique40 = EU39 = 250 mm <br \/> Asiatique41 = EU40 = 255mm <br \/> Asiatique42 = EU41 = 260mm <br \/> Asiatique43 = EU42 = 265 mm <br \/> Asiatique44 = EU43 = 270mm <br \/> Asiatique45 = EU44 = 275mm<\/span>  <\/p>\n<p>Code UNSPSC  :  53111800 (Sandales) Signaler un code incorrect              Dimensions du colis                                     \u200f                                          :                                     \u200e  22 x 8 x 5 cm; 230 grammes          Date de mise en ligne sur Amazon.fr                                     \u200f                                          :                                     \u200e  14 juillet 2023                                  ASIN                                     \u200f                                          :                                     \u200e  B0CBTKK9D3          Service                                     \u200f                                          :                                     \u200e  Femme<\/p>\n","protected":false},"excerpt":{"rendered":"<p>MOTIVE LIFE 2018 Nouveau design de mode cr\u00e9atif, 100% tout neuf, de haute qualit\u00e9! mat\u00e9riau vamp: EVA souple Mat\u00e9riau de la semelle: PVC Mod\u00e8le: Nid d&#8217;oiseau creux Type d&#8217;\u00e9l\u00e9ment: sandales<\/p>\n","protected":false},"featured_media":330861,"comment_status":"","ping_status":"closed","template":"","meta":{"_acf_changed":false},"product_brand":[],"product_cat":[20424],"product_tag":[],"class_list":{"0":"post-330860","1":"product","2":"type-product","3":"status-publish","4":"has-post-thumbnail","6":"product_cat-sandales-de-plage-femmes","8":"first","9":"instock","10":"taxable","11":"shipping-taxable","12":"purchasable","13":"product-type-variable","14":"add-to-wishlist-after_add_to_cart"},"acf":[],"_links":{"self":[{"href":"https:\/\/amazonyguyane.fr\/wp-json\/wp\/v2\/product\/330860","targetHints":{"allow":["GET"]}}],"collection":[{"href":"https:\/\/amazonyguyane.fr\/wp-json\/wp\/v2\/product"}],"about":[{"href":"https:\/\/amazonyguyane.fr\/wp-json\/wp\/v2\/types\/product"}],"replies":[{"embeddable":true,"href":"https:\/\/amazonyguyane.fr\/wp-json\/wp\/v2\/comments?post=330860"}],"version-history":[{"count":0,"href":"https:\/\/amazonyguyane.fr\/wp-json\/wp\/v2\/product\/330860\/revisions"}],"wp:featuredmedia":[{"embeddable":true,"href":"https:\/\/amazonyguyane.fr\/wp-json\/wp\/v2\/media\/330861"}],"wp:attachment":[{"href":"https:\/\/amazonyguyane.fr\/wp-json\/wp\/v2\/media?parent=330860"}],"wp:term":[{"taxonomy":"product_brand","embeddable":true,"href":"https:\/\/amazonyguyane.fr\/wp-json\/wp\/v2\/product_brand?post=330860"},{"taxonomy":"product_cat","embeddable":true,"href":"https:\/\/amazonyguyane.fr\/wp-json\/wp\/v2\/product_cat?post=330860"},{"taxonomy":"product_tag","embeddable":true,"href":"https:\/\/amazonyguyane.fr\/wp-json\/wp\/v2\/product_tag?post=330860"}],"curies":[{"name":"wp","href":"https:\/\/api.w.org\/{rel}","templated":true}]}}