{"id":330904,"date":"2023-10-31T22:37:00","date_gmt":"2023-10-31T21:37:00","guid":{"rendered":"https:\/\/amazonyguyane.fr\/?product=arenahydrosoft-ii-hook-sandales-de-piscine-ou-de-plage-pour-femmes-et-hommes"},"modified":"2023-10-31T22:37:43","modified_gmt":"2023-10-31T21:37:43","slug":"arenahydrosoft-ii-hook-sandales-de-piscine-ou-de-plage-pour-femmes-et-hommes","status":"publish","type":"product","link":"https:\/\/amazonyguyane.fr\/produit\/arenahydrosoft-ii-hook-sandales-de-piscine-ou-de-plage-pour-femmes-et-hommes\/","title":{"rendered":"arenaHydrosoft II Hook, Sandales de Piscine ou de Plage pour Femmes et Hommes"},"content":{"rendered":"<p> <span>Les chaussons Arena se distinguent par des lignes originales et essentielles ainsi que la qualit\u00e9 des mat\u00e9riaux. La multiprise unisexe Arena Hydrosoft II Hook, confortable et ultra l\u00e9g\u00e8re, est id\u00e9ale pour la piscine comme pour la mer. Fabriqu\u00e9 en mat\u00e9riau hypoallerg\u00e9nique et r\u00e9sistant au chlore \u00e0 s\u00e9chage rapide. La conception de trous de drainage favorise l&#8217;\u00e9vacuation rapide de l&#8217;eau, gardant vos pieds au sec. La semelle int\u00e9rieure douce et ergonomique offre un amorti exceptionnel et un grand confort. La semelle ext\u00e9rieure assure une excellente adh\u00e9rence sur les surfaces s\u00e8ches et humides. Sans PVC.<\/span>  <\/p>\n<p><\/p>\n","protected":false},"excerpt":{"rendered":"<p>Les chaussons Arena se distinguent par des lignes originales et essentielles ainsi que la qualit\u00e9 des mat\u00e9riaux. La multiprise unisexe Arena Hydrosoft II Hook, confortable et ultra l\u00e9g\u00e8re, est id\u00e9ale<\/p>\n","protected":false},"featured_media":330909,"comment_status":"","ping_status":"closed","template":"","meta":{"_acf_changed":false},"product_brand":[],"product_cat":[20424],"product_tag":[],"class_list":{"0":"post-330904","1":"product","2":"type-product","3":"status-publish","4":"has-post-thumbnail","6":"product_cat-sandales-de-plage-femmes","8":"first","9":"instock","10":"taxable","11":"shipping-taxable","12":"purchasable","13":"product-type-variable","14":"add-to-wishlist-after_add_to_cart"},"acf":[],"_links":{"self":[{"href":"https:\/\/amazonyguyane.fr\/wp-json\/wp\/v2\/product\/330904","targetHints":{"allow":["GET"]}}],"collection":[{"href":"https:\/\/amazonyguyane.fr\/wp-json\/wp\/v2\/product"}],"about":[{"href":"https:\/\/amazonyguyane.fr\/wp-json\/wp\/v2\/types\/product"}],"replies":[{"embeddable":true,"href":"https:\/\/amazonyguyane.fr\/wp-json\/wp\/v2\/comments?post=330904"}],"version-history":[{"count":0,"href":"https:\/\/amazonyguyane.fr\/wp-json\/wp\/v2\/product\/330904\/revisions"}],"wp:featuredmedia":[{"embeddable":true,"href":"https:\/\/amazonyguyane.fr\/wp-json\/wp\/v2\/media\/330909"}],"wp:attachment":[{"href":"https:\/\/amazonyguyane.fr\/wp-json\/wp\/v2\/media?parent=330904"}],"wp:term":[{"taxonomy":"product_brand","embeddable":true,"href":"https:\/\/amazonyguyane.fr\/wp-json\/wp\/v2\/product_brand?post=330904"},{"taxonomy":"product_cat","embeddable":true,"href":"https:\/\/amazonyguyane.fr\/wp-json\/wp\/v2\/product_cat?post=330904"},{"taxonomy":"product_tag","embeddable":true,"href":"https:\/\/amazonyguyane.fr\/wp-json\/wp\/v2\/product_tag?post=330904"}],"curies":[{"name":"wp","href":"https:\/\/api.w.org\/{rel}","templated":true}]}}