{"id":331136,"date":"2023-10-31T22:40:32","date_gmt":"2023-10-31T21:40:32","guid":{"rendered":"https:\/\/amazonyguyane.fr\/?product=susenstonechaussons-sandales-pantoufles-ete-femme-avec-support-de-orthopedique-tongs-de-plage-et-claquettes-de-piscine-cloudfeet-ultra-soft-slippers-pillow-slides-plage-a-semelles-epaisses"},"modified":"2023-10-31T22:41:13","modified_gmt":"2023-10-31T21:41:13","slug":"susenstonechaussons-sandales-pantoufles-ete-femme-avec-support-de-orthopedique-tongs-de-plage-et-claquettes-de-piscine-cloudfeet-ultra-soft-slippers-pillow-slides-plage-a-semelles-epaisses","status":"publish","type":"product","link":"https:\/\/amazonyguyane.fr\/produit\/susenstonechaussons-sandales-pantoufles-ete-femme-avec-support-de-orthopedique-tongs-de-plage-et-claquettes-de-piscine-cloudfeet-ultra-soft-slippers-pillow-slides-plage-a-semelles-epaisses\/","title":{"rendered":"SusenstoneChaussons Sandales Pantoufles \u00e9t\u00e9 femme Avec Support de Orthop\u00e9dique Tongs de Plage et Claquettes de Piscine CloudFeet Ultra-Soft Slippers Pillow Slides Plage \u00c0 Semelles \u00c9paisses"},"content":{"rendered":"<p> <span>Bienvenue dans le magasin phare de la marque Susensone. <\/p>\n<p> \u261b\u261b\u261bTableau des tailles<br \/> Taille: 35 Longueur du pied: 22,5 cm \/ 8,7 \u00e0 8,9 &#8220;&#8221; Largeur du pied: 8,5 cm \/ 3,3&#8243;&#8221; UE: 35<br \/> Taille: 36 Longueur du pied: 23-23,5 cm \/ 9,1-9,3 &#8220;&#8221;Largeur du pied: 8,5-9 cm \/ 3,4-3,5&#8243;&#8221; EU: 36<br \/> Taille: 37 Longueur du pied: 24 cm \/ 9,5 &#8220;&#8221;Largeur du pied: 9-9,5 cm \/ 3,5-3,7&#8243;&#8221; EU: 37<br \/> Taille: 38 Longueur du pied: 24,8 cm \/ 9,7 &#8220;&#8221;Largeur du pied: 9,5 cm \/ 3,7&#8243;&#8221; EU: 38<br \/> Taille: 39 Longueur du pied: 25-25,5 cm \/ 9,8-10 &#8220;&#8221;Largeur du pied: 9,5-10 cm \/ 3,7-3,9&#8243;&#8221; EU: 39<br \/> Taille: 40 Longueur du pied: 26 cm \/ 10,2 &#8220;&#8221;Largeur du pied: 10-10,5 cm \/ 3,9-4,1 &#8221; EU: 40<br \/> Taille: 41 Longueur du pied: 26,5 cm \/ 10,4 &#8220;&#8221;Largeur du pied: 10,5 cm \/ 4,1&#8243;&#8221; EU: 41<br \/> Taille: 42 Longueur du pied: 27-27,5 cm \/ 10..6-10,8 &#8220;&#8221;Largeur du pied: 10,5-11 cm \/ 4,1-4,3 &#8221;&#8221;&#8221; EU: 42<br \/> Taille: 43 Longueur du pied: 28 cm \/ 11 &#8220;&#8221;Largeur du pied: 11-11,5 cm \/ 4,3-4,5&#8243;&#8221; EU: 43<br \/> Femmes pantoufle tongs sandales Introduction:<br \/> 1. mat\u00e9riau de haute qualit\u00e9, confortable et doux, r\u00e9duit le stress sur les articulations, renforce et tonifie, am\u00e9liore la posture<br \/> 2. Une nouvelle ligne de jeunes chaussures contemporaines propos\u00e9es par des cr\u00e9ateurs qui parcourent le monde \u00e0 la recherche d&#8217;inspiration et de tendances pour apporter bonheur et look cool \u00e0 vos pieds.<br \/> 3. conception de pointe \u00e9l\u00e9gante, vue, personnalit\u00e9, nous avons plus de tailles conception de couleur pour vous et votre famille ou votre amoureux ou vos amis s\u00e9lectionnez<br \/> 4. convient \u00e0 la marche en plein air, au divertissement, aux loisirs, \u00e0 la f\u00eate, au travail, au mariage et \u00e0 d&#8217;autres occasions, couleur robuste et \u00e9l\u00e9gante.<br \/> La description<br \/> Sexe: femmes\/fille<br \/> Mat\u00e9riau unique: caoutchouc<br \/> Sc\u00e8nes appropri\u00e9es: ext\u00e9rieur, mode, loisirs<br \/> Style: d\u00e9contract\u00e9, simple<br \/><\/span>  <\/p>\n<p>Code UNSPSC  :  53111800 (Sandales) Signaler un code incorrect              Date de mise en ligne sur Amazon.fr                                     \u200f                                          :                                     \u200e  7 juin 2021                                  ASIN                                     \u200f                                          :                                     \u200e  B096SSP2F6          Service                                     \u200f                                          :                                     \u200e  Femme<\/p>\n","protected":false},"excerpt":{"rendered":"<p>Bienvenue dans le magasin phare de la marque Susensone. \u261b\u261b\u261bTableau des tailles Taille: 35 Longueur du pied: 22,5 cm \/ 8,7 \u00e0 8,9 &#8220;&#8221; Largeur du pied: 8,5 cm \/<\/p>\n","protected":false},"featured_media":331139,"comment_status":"","ping_status":"closed","template":"","meta":{"_acf_changed":false},"product_brand":[],"product_cat":[20424],"product_tag":[],"class_list":{"0":"post-331136","1":"product","2":"type-product","3":"status-publish","4":"has-post-thumbnail","6":"product_cat-sandales-de-plage-femmes","8":"first","9":"instock","10":"taxable","11":"shipping-taxable","12":"purchasable","13":"product-type-variable","14":"add-to-wishlist-after_add_to_cart"},"acf":[],"_links":{"self":[{"href":"https:\/\/amazonyguyane.fr\/wp-json\/wp\/v2\/product\/331136","targetHints":{"allow":["GET"]}}],"collection":[{"href":"https:\/\/amazonyguyane.fr\/wp-json\/wp\/v2\/product"}],"about":[{"href":"https:\/\/amazonyguyane.fr\/wp-json\/wp\/v2\/types\/product"}],"replies":[{"embeddable":true,"href":"https:\/\/amazonyguyane.fr\/wp-json\/wp\/v2\/comments?post=331136"}],"version-history":[{"count":0,"href":"https:\/\/amazonyguyane.fr\/wp-json\/wp\/v2\/product\/331136\/revisions"}],"wp:featuredmedia":[{"embeddable":true,"href":"https:\/\/amazonyguyane.fr\/wp-json\/wp\/v2\/media\/331139"}],"wp:attachment":[{"href":"https:\/\/amazonyguyane.fr\/wp-json\/wp\/v2\/media?parent=331136"}],"wp:term":[{"taxonomy":"product_brand","embeddable":true,"href":"https:\/\/amazonyguyane.fr\/wp-json\/wp\/v2\/product_brand?post=331136"},{"taxonomy":"product_cat","embeddable":true,"href":"https:\/\/amazonyguyane.fr\/wp-json\/wp\/v2\/product_cat?post=331136"},{"taxonomy":"product_tag","embeddable":true,"href":"https:\/\/amazonyguyane.fr\/wp-json\/wp\/v2\/product_tag?post=331136"}],"curies":[{"name":"wp","href":"https:\/\/api.w.org\/{rel}","templated":true}]}}