{"id":335346,"date":"2023-11-01T02:56:15","date_gmt":"2023-11-01T01:56:15","guid":{"rendered":"https:\/\/amazonyguyane.fr\/?product=elarasandales-a-bout-ouvert-femmes-chunkyrayan"},"modified":"2023-11-01T02:56:52","modified_gmt":"2023-11-01T01:56:52","slug":"elarasandales-a-bout-ouvert-femmes-chunkyrayan","status":"publish","type":"product","link":"https:\/\/amazonyguyane.fr\/produit\/elarasandales-a-bout-ouvert-femmes-chunkyrayan\/","title":{"rendered":"ElaraSandales \u00e0 Bout Ouvert Femmes Chunkyrayan"},"content":{"rendered":"<p> <span>* Parfait pour toutes les occasions <br \/>* confort de port \u00e9lev\u00e9 et tr\u00e8s confortable <\/p>\n<p>* Mod\u00e8le de chaussure: Pompes \u00e0 plate-forme <br \/>* Saison: printemps\/\u00e9t\u00e9 <br \/>* alimentation: non nourri <br \/>* Mati\u00e8re sup\u00e9rieure: synth\u00e9tique, aspect daim de haute qualit\u00e9 <br \/>* Mat\u00e9riau int\u00e9rieur: mati\u00e8res synth\u00e9tiques de haute qualit\u00e9 <br \/> * Forme de talon: bloc <br \/>* Forme de la chaussure avant: ronde <br \/>* Hauteur du talon: env. 10 cm <br \/> * Plateau: env. 2,3 cm <br \/>* Fermeture: boucle <br \/>* Les indications de taille sont bas\u00e9es sur la majorit\u00e9 des opinions des clients, aucune responsabilit\u00e9 n&#8217;est prise pour l&#8217;exactitude de ces informations <br \/><\/span>  <\/p>\n<p>Code UNSPSC  :  53110000 (Chaussures) Signaler un code incorrect              Dimensions du colis                                     \u200f                                          :                                     \u200e  24,3 x 22,2 x 9,4 cm; 200 grammes          Date de mise en ligne sur Amazon.fr                                     \u200f                                          :                                     \u200e  2 janvier 2023                                  ASIN                                     \u200f                                          :                                     \u200e  B0BRJSY76K          Num\u00e9ro du mod\u00e8le de l&#8217;article                                     \u200f                                          :                                     \u200e  AT0985 Beige-35          Service                                     \u200f                                          :                                     \u200e  Femme<\/p>\n","protected":false},"excerpt":{"rendered":"<p>* Parfait pour toutes les occasions * confort de port \u00e9lev\u00e9 et tr\u00e8s confortable * Mod\u00e8le de chaussure: Pompes \u00e0 plate-forme * Saison: printemps\/\u00e9t\u00e9 * alimentation: non nourri * Mati\u00e8re<\/p>\n","protected":false},"featured_media":335349,"comment_status":"","ping_status":"closed","template":"","meta":{"_acf_changed":false},"product_brand":[],"product_cat":[19836],"product_tag":[],"class_list":{"0":"post-335346","1":"product","2":"type-product","3":"status-publish","4":"has-post-thumbnail","6":"product_cat-talons-hauts","8":"first","9":"instock","10":"taxable","11":"shipping-taxable","12":"purchasable","13":"product-type-variable","14":"add-to-wishlist-after_add_to_cart"},"acf":[],"_links":{"self":[{"href":"https:\/\/amazonyguyane.fr\/wp-json\/wp\/v2\/product\/335346","targetHints":{"allow":["GET"]}}],"collection":[{"href":"https:\/\/amazonyguyane.fr\/wp-json\/wp\/v2\/product"}],"about":[{"href":"https:\/\/amazonyguyane.fr\/wp-json\/wp\/v2\/types\/product"}],"replies":[{"embeddable":true,"href":"https:\/\/amazonyguyane.fr\/wp-json\/wp\/v2\/comments?post=335346"}],"version-history":[{"count":0,"href":"https:\/\/amazonyguyane.fr\/wp-json\/wp\/v2\/product\/335346\/revisions"}],"wp:featuredmedia":[{"embeddable":true,"href":"https:\/\/amazonyguyane.fr\/wp-json\/wp\/v2\/media\/335349"}],"wp:attachment":[{"href":"https:\/\/amazonyguyane.fr\/wp-json\/wp\/v2\/media?parent=335346"}],"wp:term":[{"taxonomy":"product_brand","embeddable":true,"href":"https:\/\/amazonyguyane.fr\/wp-json\/wp\/v2\/product_brand?post=335346"},{"taxonomy":"product_cat","embeddable":true,"href":"https:\/\/amazonyguyane.fr\/wp-json\/wp\/v2\/product_cat?post=335346"},{"taxonomy":"product_tag","embeddable":true,"href":"https:\/\/amazonyguyane.fr\/wp-json\/wp\/v2\/product_tag?post=335346"}],"curies":[{"name":"wp","href":"https:\/\/api.w.org\/{rel}","templated":true}]}}