{"id":336232,"date":"2023-11-01T03:06:57","date_gmt":"2023-11-01T02:06:57","guid":{"rendered":"https:\/\/amazonyguyane.fr\/?product=elarafemmes-escarpins-a-talons-hauts-chunkyrayan"},"modified":"2023-11-01T03:07:25","modified_gmt":"2023-11-01T02:07:25","slug":"elarafemmes-escarpins-a-talons-hauts-chunkyrayan","status":"publish","type":"product","link":"https:\/\/amazonyguyane.fr\/?product=elarafemmes-escarpins-a-talons-hauts-chunkyrayan","title":{"rendered":"ElaraFemmes Escarpins \u00e0 Talons Hauts Chunkyrayan"},"content":{"rendered":"<p> <span>* Parfait pour toutes les occasions <br \/>* confort de port \u00e9lev\u00e9 et tr\u00e8s confortable <\/p>\n<p>* Mod\u00e8le de chaussure: Escarpins <br \/>* Saison: toute l&#8217;ann\u00e9e <br \/>* alimentation: non nourri <br \/>* Mati\u00e8re sup\u00e9rieure: Synth\u00e9tique en aspect cuir verni de haute qualit\u00e9 <br \/>* Mat\u00e9riau int\u00e9rieur: mat\u00e9riaux synth\u00e9tiques de haute qualit\u00e9 <br \/>* Forme de talon: Aiguille <br \/>* Forme de la chaussure avant: pointue <br \/>* Hauteur du talon: env. 8 cm <br \/>* Fermeture: pas de fermeture <br \/><\/span>  <\/p>\n<p>Code UNSPSC  :  53100000 (V\u00eatements) Signaler un code incorrect              Dimensions du colis                                     \u200f                                          :                                     \u200e  26,4 x 17,9 x 9,6 cm; 200 grammes          Date de mise en ligne sur Amazon.fr                                     \u200f                                          :                                     \u200e  24 f\u00e9vrier 2023                                  ASIN                                     \u200f                                          :                                     \u200e  B0BWS81DHT          Num\u00e9ro du mod\u00e8le de l&#8217;article                                     \u200f                                          :                                     \u200e  MEL0443 Yellow-36          Service                                     \u200f                                          :                                     \u200e  Femme<\/p>\n","protected":false},"excerpt":{"rendered":"<p>* Parfait pour toutes les occasions * confort de port \u00e9lev\u00e9 et tr\u00e8s confortable * Mod\u00e8le de chaussure: Escarpins * Saison: toute l&#8217;ann\u00e9e * alimentation: non nourri * Mati\u00e8re sup\u00e9rieure:<\/p>\n","protected":false},"featured_media":336233,"comment_status":"","ping_status":"closed","template":"","meta":{"_acf_changed":false},"product_brand":[],"product_cat":[19836],"product_tag":[],"class_list":{"0":"post-336232","1":"product","2":"type-product","3":"status-publish","4":"has-post-thumbnail","6":"product_cat-talons-hauts","8":"first","9":"instock","10":"taxable","11":"shipping-taxable","12":"purchasable","13":"product-type-variable","14":"add-to-wishlist-after_add_to_cart"},"acf":[],"_links":{"self":[{"href":"https:\/\/amazonyguyane.fr\/index.php?rest_route=\/wp\/v2\/product\/336232","targetHints":{"allow":["GET"]}}],"collection":[{"href":"https:\/\/amazonyguyane.fr\/index.php?rest_route=\/wp\/v2\/product"}],"about":[{"href":"https:\/\/amazonyguyane.fr\/index.php?rest_route=\/wp\/v2\/types\/product"}],"replies":[{"embeddable":true,"href":"https:\/\/amazonyguyane.fr\/index.php?rest_route=%2Fwp%2Fv2%2Fcomments&post=336232"}],"version-history":[{"count":0,"href":"https:\/\/amazonyguyane.fr\/index.php?rest_route=\/wp\/v2\/product\/336232\/revisions"}],"wp:featuredmedia":[{"embeddable":true,"href":"https:\/\/amazonyguyane.fr\/index.php?rest_route=\/wp\/v2\/media\/336233"}],"wp:attachment":[{"href":"https:\/\/amazonyguyane.fr\/index.php?rest_route=%2Fwp%2Fv2%2Fmedia&parent=336232"}],"wp:term":[{"taxonomy":"product_brand","embeddable":true,"href":"https:\/\/amazonyguyane.fr\/index.php?rest_route=%2Fwp%2Fv2%2Fproduct_brand&post=336232"},{"taxonomy":"product_cat","embeddable":true,"href":"https:\/\/amazonyguyane.fr\/index.php?rest_route=%2Fwp%2Fv2%2Fproduct_cat&post=336232"},{"taxonomy":"product_tag","embeddable":true,"href":"https:\/\/amazonyguyane.fr\/index.php?rest_route=%2Fwp%2Fv2%2Fproduct_tag&post=336232"}],"curies":[{"name":"wp","href":"https:\/\/api.w.org\/{rel}","templated":true}]}}