{"id":345518,"date":"2023-11-04T11:48:07","date_gmt":"2023-11-04T10:48:07","guid":{"rendered":"https:\/\/amazonyguyane.fr\/?product=celimsvalise-abs-rigide-resistante-4-roues-pivotantes-360-legere-avec-cadenas-integre-grande-vanity-rose-gold"},"modified":"2023-11-04T11:49:03","modified_gmt":"2023-11-04T10:49:03","slug":"celimsvalise-abs-rigide-resistante-4-roues-pivotantes-360-legere-avec-cadenas-integre-grande-vanity-rose-gold","status":"publish","type":"product","link":"https:\/\/amazonyguyane.fr\/produit\/celimsvalise-abs-rigide-resistante-4-roues-pivotantes-360-legere-avec-cadenas-integre-grande-vanity-rose-gold\/","title":{"rendered":"CELIMSValise ABS, Rigide, R\u00e9sistante, 4 Roues pivotantes 360\u00b0, L\u00e9gere avec Cadenas int\u00e9gr\u00e9. (Grande + Vanity, Rose Gold)"},"content":{"rendered":"<p><!-- show up to 2 reviews by default --><br \/>Code UNSPSC  :  53120000 (Bagages, sacs \u00e0 main, paquets et bo\u00eetes) Signaler un code incorrect              Dimensions du produit (L x l x h)                                     \u200f                                          :                                     \u200e  35 x 45 x 75 cm          Date de mise en ligne sur Amazon.fr                                     \u200f                                          :                                     \u200e  18 septembre 2023                                  ASIN                                     \u200f                                          :                                     \u200e  B0CJ9FQYCG          Pays d&#8217;origine                                     \u200f                                          :                                     \u200e  Chine<\/p>\n","protected":false},"excerpt":{"rendered":"<p>Code UNSPSC : 53120000 (Bagages, sacs \u00e0 main, paquets et bo\u00eetes) Signaler un code incorrect Dimensions du produit (L x l x h) \u200f : \u200e 35 x 45 x<\/p>\n","protected":false},"featured_media":345519,"comment_status":"","ping_status":"closed","template":"","meta":{"_acf_changed":false},"product_brand":[],"product_cat":[20785],"product_tag":[],"class_list":{"0":"post-345518","1":"product","2":"type-product","3":"status-publish","4":"has-post-thumbnail","6":"product_cat-sacs-valises-femmes","8":"first","9":"instock","10":"taxable","11":"shipping-taxable","12":"purchasable","13":"product-type-variable","14":"add-to-wishlist-after_add_to_cart"},"acf":[],"_links":{"self":[{"href":"https:\/\/amazonyguyane.fr\/wp-json\/wp\/v2\/product\/345518","targetHints":{"allow":["GET"]}}],"collection":[{"href":"https:\/\/amazonyguyane.fr\/wp-json\/wp\/v2\/product"}],"about":[{"href":"https:\/\/amazonyguyane.fr\/wp-json\/wp\/v2\/types\/product"}],"replies":[{"embeddable":true,"href":"https:\/\/amazonyguyane.fr\/wp-json\/wp\/v2\/comments?post=345518"}],"version-history":[{"count":0,"href":"https:\/\/amazonyguyane.fr\/wp-json\/wp\/v2\/product\/345518\/revisions"}],"wp:featuredmedia":[{"embeddable":true,"href":"https:\/\/amazonyguyane.fr\/wp-json\/wp\/v2\/media\/345519"}],"wp:attachment":[{"href":"https:\/\/amazonyguyane.fr\/wp-json\/wp\/v2\/media?parent=345518"}],"wp:term":[{"taxonomy":"product_brand","embeddable":true,"href":"https:\/\/amazonyguyane.fr\/wp-json\/wp\/v2\/product_brand?post=345518"},{"taxonomy":"product_cat","embeddable":true,"href":"https:\/\/amazonyguyane.fr\/wp-json\/wp\/v2\/product_cat?post=345518"},{"taxonomy":"product_tag","embeddable":true,"href":"https:\/\/amazonyguyane.fr\/wp-json\/wp\/v2\/product_tag?post=345518"}],"curies":[{"name":"wp","href":"https:\/\/api.w.org\/{rel}","templated":true}]}}