{"id":345790,"date":"2023-11-04T11:53:45","date_gmt":"2023-11-04T10:53:45","guid":{"rendered":"https:\/\/amazonyguyane.fr\/?product=aiqinuaiqinu-sac-easyjet-avion-45x30x13cm-sac-de-voyage-pliable-portable-resistant-a-leau-leger-bagages-de-voyage-sac-de-sport-bagage-cabine-sac-baggage-valise-voyage-pour-femmes-et-hommes"},"modified":"2023-11-04T11:53:45","modified_gmt":"2023-11-04T10:53:45","slug":"aiqinuaiqinu-sac-easyjet-avion-45x30x13cm-sac-de-voyage-pliable-portable-resistant-a-leau-leger-bagages-de-voyage-sac-de-sport-bagage-cabine-sac-baggage-valise-voyage-pour-femmes-et-hommes","status":"publish","type":"product","link":"https:\/\/amazonyguyane.fr\/?product=aiqinuaiqinu-sac-easyjet-avion-45x30x13cm-sac-de-voyage-pliable-portable-resistant-a-leau-leger-bagages-de-voyage-sac-de-sport-bagage-cabine-sac-baggage-valise-voyage-pour-femmes-et-hommes","title":{"rendered":"AiQInuAiQInu Sac Easyjet Avion 45x30x13cm Sac de Voyage Pliable, Portable R\u00e9sistant \u00e0 l&#8217;eau L\u00e9ger Bagages de Voyage Sac de Sport Bagage Cabine Sac Baggage Valise Voyage pour Femmes et Hommes"},"content":{"rendered":"<li class=\"a-spacing-mini\"><span class=\"a-list-item\"> <b>\u00c9conomisez sur vos frais de surdimensionnement <\/b>: Sac de voyage mesure 45 x 30 x 13cm, a une capacit\u00e9 de 30L, un poids ultra-l\u00e9ger de 197g pour offrir plus de capacit\u00e9 et d&#8217;espace \u00e0 emporter \u00e0 bord afin d&#8217;\u00e9conomiser sur vos frais de surdimensionnement. Convient \u00e0 la plupart des bagages \u00e0 main sous le si\u00e8ge des compagnies a\u00e9riennes telles que Easyjet Airlines, TUI Airlines, etc. Il peut \u00eatre facilement install\u00e9 sous le si\u00e8ge ou sur le coffre de la cabine pour une exp\u00e9rience de vol d\u00e9tendue.  <\/span><\/li>\n<li class=\"a-spacing-mini\"><span class=\"a-list-item\"> <b>Haute Qualit\u00e9 <\/b>: Le bagage cabine easyjet est fabriqu\u00e9 en tissu oxford haute densit\u00e9, qui est l\u00e9ger et durable, doux et lisse, de sorte que vous n&#8217;avez pas \u00e0 vous soucier de la d\u00e9chirure ou de la rupture en voyage. Il est r\u00e9sistant \u00e0 l&#8217;eau et prot\u00e8gera bien vos affaires de la pluie ou de l&#8217;humidit\u00e9. Les fermetures \u00e0 glissi\u00e8re en m\u00e9tal de haute qualit\u00e9 ne se cassent jamais et cette housse est une v\u00e9ritable bou\u00e9e de sauvetage pour l&#8217;a\u00e9roport, quel que soit le voyage.  <\/span><\/li>\n<li class=\"a-spacing-mini\"><span class=\"a-list-item\"> <b>Pochette zipp\u00e9e pour trolley <\/b>: la pochette pour trolley au dos de ce sac easyjet avion \u00e0 main vous permet de glisser votre sac de voyage sur la poign\u00e9e de votre valise, ce qui vous lib\u00e8re les mains. Une poche zipp\u00e9e suppl\u00e9mentaire permet de ranger vos affaires quotidiennes et peut \u00eatre port\u00e9e \u00e0 la main ou plac\u00e9e sur une valise \u00e0 roulettes pour lib\u00e9rer votre corps. La valise id\u00e9ale pour les bagages \u00e0 main. Parfait comme sac de voyage suppl\u00e9mentaire \u00e0 emporter \u00e0 l&#8217;a\u00e9roport  <\/span><\/li>\n<li class=\"a-spacing-mini\"><span class=\"a-list-item\"> <b>Pliable et facile \u00e0 transporter <\/b>: Sac de voyage pliable se replie facilement en un petit sac de 22 x 15 cm lorsqu&#8217;il n&#8217;est pas utilis\u00e9, ce qui permet de le ranger facilement dans un tiroir ou un placard. Il est \u00e9galement facile \u00e0 transporter lors de vos d\u00e9placements. Le sac de voyage peut contenir tous vos accessoires de voyage et a \u00e9galement la taille id\u00e9ale pour servir de sac de sport l\u00e9ger, avec deux poches lat\u00e9rales pour une bouteille d&#8217;eau, un t\u00e9l\u00e9phone portable ou des mouchoirs en papier.  <\/span><\/li>\n<li class=\"a-spacing-mini\"><span class=\"a-list-item\"> <b>Polyvalent <\/b>: c&#8217;est un sac polyvalent qui peut \u00eatre utilis\u00e9 comme sac \u00e0 main, sac de voyage,sac de transport a\u00e9rien ou sac mobile. Super l\u00e9ger, durable et \u00e9l\u00e9gant pour les voyages quotidiens en plein air. C&#8217;est le cadeau id\u00e9al pour les voyageurs.vous pouvez b\u00e9n\u00e9ficier de notre garantie de remboursement de 30 jours et de notre garantie de remplacement gratuit d&#8217;un an. Il n&#8217;y a aucun risque lorsque vous achetez dans notre boutique. Si vous l&#8217;aimez, ajoutez-le \u00e0 votre panier aujourd&#8217;hui !  <\/span><\/li>\n<p><\/p>\n","protected":false},"excerpt":{"rendered":"<p>\u00c9conomisez sur vos frais de surdimensionnement : Sac de voyage mesure 45 x 30 x 13cm, a une capacit\u00e9 de 30L, un poids ultra-l\u00e9ger de 197g pour offrir plus de<\/p>\n","protected":false},"featured_media":345791,"comment_status":"","ping_status":"closed","template":"","meta":{"_acf_changed":false},"product_brand":[],"product_cat":[20785],"product_tag":[],"class_list":{"0":"post-345790","1":"product","2":"type-product","3":"status-publish","4":"has-post-thumbnail","6":"product_cat-sacs-valises-femmes","8":"first","9":"instock","10":"taxable","11":"shipping-taxable","12":"purchasable","13":"product-type-simple","14":"add-to-wishlist-after_add_to_cart"},"acf":[],"_links":{"self":[{"href":"https:\/\/amazonyguyane.fr\/index.php?rest_route=\/wp\/v2\/product\/345790","targetHints":{"allow":["GET"]}}],"collection":[{"href":"https:\/\/amazonyguyane.fr\/index.php?rest_route=\/wp\/v2\/product"}],"about":[{"href":"https:\/\/amazonyguyane.fr\/index.php?rest_route=\/wp\/v2\/types\/product"}],"replies":[{"embeddable":true,"href":"https:\/\/amazonyguyane.fr\/index.php?rest_route=%2Fwp%2Fv2%2Fcomments&post=345790"}],"version-history":[{"count":0,"href":"https:\/\/amazonyguyane.fr\/index.php?rest_route=\/wp\/v2\/product\/345790\/revisions"}],"wp:featuredmedia":[{"embeddable":true,"href":"https:\/\/amazonyguyane.fr\/index.php?rest_route=\/wp\/v2\/media\/345791"}],"wp:attachment":[{"href":"https:\/\/amazonyguyane.fr\/index.php?rest_route=%2Fwp%2Fv2%2Fmedia&parent=345790"}],"wp:term":[{"taxonomy":"product_brand","embeddable":true,"href":"https:\/\/amazonyguyane.fr\/index.php?rest_route=%2Fwp%2Fv2%2Fproduct_brand&post=345790"},{"taxonomy":"product_cat","embeddable":true,"href":"https:\/\/amazonyguyane.fr\/index.php?rest_route=%2Fwp%2Fv2%2Fproduct_cat&post=345790"},{"taxonomy":"product_tag","embeddable":true,"href":"https:\/\/amazonyguyane.fr\/index.php?rest_route=%2Fwp%2Fv2%2Fproduct_tag&post=345790"}],"curies":[{"name":"wp","href":"https:\/\/api.w.org\/{rel}","templated":true}]}}