{"id":346162,"date":"2023-11-04T12:28:33","date_gmt":"2023-11-04T11:28:33","guid":{"rendered":"https:\/\/amazonyguyane.fr\/?product=stamp-sttich-skateboard-cruiser-275"},"modified":"2023-11-04T12:28:33","modified_gmt":"2023-11-04T11:28:33","slug":"stamp-sttich-skateboard-cruiser-275","status":"publish","type":"product","link":"https:\/\/amazonyguyane.fr\/?product=stamp-sttich-skateboard-cruiser-275","title":{"rendered":"Stamp- STTICH Skateboard Cruiser 27,5"},"content":{"rendered":"<h3> <span>Description du produit<\/span> <\/h3>\n<p> <span>Cruiser 27,5&#8243; x 8&#8243; pouces (70cm x 20cm) &#8211; Truck 5&#8221; gros calibre Aluminium &#8211; 9 couches \u00e9rable Chinois &#8211; Plateau anti-d\u00e9rapant &#8211; Roues PU 60&#215;45 mm &#8211; Roulement ABEC 7 &#8211; Impression design sur les deux faces &#8211; Petit Skateboard, rapide, maniable, stable et l\u00e9ger \u2013<\/span>  <\/p>\n<h3> <span>Avertissement De S\u00fbret\u00e9<\/span> <\/h3>\n<p> <span>PLEASE SEE PACKAGING<\/span>  <\/p>\n<p>Dimensions du produit (L x l x h)                                     \u200f                                          :                                     \u200e  70 x 20 x 12 cm; 8,8 kilogrammes                Code UNSPSC  :  49221512 (Skateboard) Signaler un code incorrect              Date de sortie                                     \u200f                                          :                                     \u200e  8 ao\u00fbt 2023          \u00c2ge recommand\u00e9 par le fabricant                                     \u200f                                          :                                     \u200e  10 &#8211; 80 ans          Num\u00e9ro du mod\u00e8le de l&#8217;article                                     \u200f                                          :                                     \u200e  ST626310          ASIN                                     \u200f                                          :                                     \u200e  B0C7QP6P2C          Pays d&#8217;origine                                     \u200f                                          :                                     \u200e  Chine<\/p>\n","protected":false},"excerpt":{"rendered":"<p>Description du produit Cruiser 27,5&#8243; x 8&#8243; pouces (70cm x 20cm) &#8211; Truck 5&#8221; gros calibre Aluminium &#8211; 9 couches \u00e9rable Chinois &#8211; Plateau anti-d\u00e9rapant &#8211; Roues PU 60&#215;45 mm<\/p>\n","protected":false},"featured_media":346163,"comment_status":"","ping_status":"closed","template":"","meta":{"_acf_changed":false},"product_brand":[],"product_cat":[2906],"product_tag":[],"class_list":{"0":"post-346162","1":"product","2":"type-product","3":"status-publish","4":"has-post-thumbnail","6":"product_cat-glisse-urbaine","8":"first","9":"instock","10":"taxable","11":"shipping-taxable","12":"purchasable","13":"product-type-simple","14":"add-to-wishlist-after_add_to_cart"},"acf":[],"_links":{"self":[{"href":"https:\/\/amazonyguyane.fr\/index.php?rest_route=\/wp\/v2\/product\/346162","targetHints":{"allow":["GET"]}}],"collection":[{"href":"https:\/\/amazonyguyane.fr\/index.php?rest_route=\/wp\/v2\/product"}],"about":[{"href":"https:\/\/amazonyguyane.fr\/index.php?rest_route=\/wp\/v2\/types\/product"}],"replies":[{"embeddable":true,"href":"https:\/\/amazonyguyane.fr\/index.php?rest_route=%2Fwp%2Fv2%2Fcomments&post=346162"}],"version-history":[{"count":0,"href":"https:\/\/amazonyguyane.fr\/index.php?rest_route=\/wp\/v2\/product\/346162\/revisions"}],"wp:featuredmedia":[{"embeddable":true,"href":"https:\/\/amazonyguyane.fr\/index.php?rest_route=\/wp\/v2\/media\/346163"}],"wp:attachment":[{"href":"https:\/\/amazonyguyane.fr\/index.php?rest_route=%2Fwp%2Fv2%2Fmedia&parent=346162"}],"wp:term":[{"taxonomy":"product_brand","embeddable":true,"href":"https:\/\/amazonyguyane.fr\/index.php?rest_route=%2Fwp%2Fv2%2Fproduct_brand&post=346162"},{"taxonomy":"product_cat","embeddable":true,"href":"https:\/\/amazonyguyane.fr\/index.php?rest_route=%2Fwp%2Fv2%2Fproduct_cat&post=346162"},{"taxonomy":"product_tag","embeddable":true,"href":"https:\/\/amazonyguyane.fr\/index.php?rest_route=%2Fwp%2Fv2%2Fproduct_tag&post=346162"}],"curies":[{"name":"wp","href":"https:\/\/api.w.org\/{rel}","templated":true}]}}