{"id":346186,"date":"2023-11-04T12:29:07","date_gmt":"2023-11-04T11:29:07","guid":{"rendered":"https:\/\/amazonyguyane.fr\/?product=skateboard-17"},"modified":"2023-11-04T12:29:07","modified_gmt":"2023-11-04T11:29:07","slug":"skateboard-17","status":"publish","type":"product","link":"https:\/\/amazonyguyane.fr\/?product=skateboard-17","title":{"rendered":"Skateboard 17"},"content":{"rendered":"<h3> <span>Description du produit<\/span> <\/h3>\n<p> <span>Skate board 17&#8243;x5&#8243; pouces (43 x 12,8 x 11 cm). &#8211; Truck PP haute resistance &#8211; 9 couches \u00e9rable Chinois &#8211; Plateau anti-d\u00e9rapant &#8211; Roues PVC diam\u00e8tre 50mm &#8211; Roulement 608Z &#8211; Impression design sur les deux faces &#8211;<\/span>  <\/p>\n<h3> <span>Avertissement De S\u00fbret\u00e9<\/span> <\/h3>\n<p> <span>PLEASE SEE PACKAGING<\/span>  <\/p>\n<p>Dimensions du produit (L x l x h)                                     \u200f                                          :                                     \u200e  43 x 13 x 11 cm; 930 grammes                Code UNSPSC  :  53100000 (V\u00eatements) Signaler un code incorrect              Date de sortie                                     \u200f                                          :                                     \u200e  8 ao\u00fbt 2023          \u00c2ge recommand\u00e9 par le fabricant                                     \u200f                                          :                                     \u200e  36 mois &#8211; 8 ans          Num\u00e9ro du mod\u00e8le de l&#8217;article                                     \u200f                                          :                                     \u200e  PA450310          ASIN                                     \u200f                                          :                                     \u200e  B0C7QR9ZVJ          Pays d&#8217;origine                                     \u200f                                          :                                     \u200e  Chine<\/p>\n","protected":false},"excerpt":{"rendered":"<p>Description du produit Skate board 17&#8243;x5&#8243; pouces (43 x 12,8 x 11 cm). &#8211; Truck PP haute resistance &#8211; 9 couches \u00e9rable Chinois &#8211; Plateau anti-d\u00e9rapant &#8211; Roues PVC diam\u00e8tre<\/p>\n","protected":false},"featured_media":346187,"comment_status":"","ping_status":"closed","template":"","meta":{"_acf_changed":false},"product_brand":[],"product_cat":[2906],"product_tag":[],"class_list":{"0":"post-346186","1":"product","2":"type-product","3":"status-publish","4":"has-post-thumbnail","6":"product_cat-glisse-urbaine","8":"first","9":"instock","10":"taxable","11":"shipping-taxable","12":"purchasable","13":"product-type-simple","14":"add-to-wishlist-after_add_to_cart"},"acf":[],"_links":{"self":[{"href":"https:\/\/amazonyguyane.fr\/index.php?rest_route=\/wp\/v2\/product\/346186","targetHints":{"allow":["GET"]}}],"collection":[{"href":"https:\/\/amazonyguyane.fr\/index.php?rest_route=\/wp\/v2\/product"}],"about":[{"href":"https:\/\/amazonyguyane.fr\/index.php?rest_route=\/wp\/v2\/types\/product"}],"replies":[{"embeddable":true,"href":"https:\/\/amazonyguyane.fr\/index.php?rest_route=%2Fwp%2Fv2%2Fcomments&post=346186"}],"version-history":[{"count":0,"href":"https:\/\/amazonyguyane.fr\/index.php?rest_route=\/wp\/v2\/product\/346186\/revisions"}],"wp:featuredmedia":[{"embeddable":true,"href":"https:\/\/amazonyguyane.fr\/index.php?rest_route=\/wp\/v2\/media\/346187"}],"wp:attachment":[{"href":"https:\/\/amazonyguyane.fr\/index.php?rest_route=%2Fwp%2Fv2%2Fmedia&parent=346186"}],"wp:term":[{"taxonomy":"product_brand","embeddable":true,"href":"https:\/\/amazonyguyane.fr\/index.php?rest_route=%2Fwp%2Fv2%2Fproduct_brand&post=346186"},{"taxonomy":"product_cat","embeddable":true,"href":"https:\/\/amazonyguyane.fr\/index.php?rest_route=%2Fwp%2Fv2%2Fproduct_cat&post=346186"},{"taxonomy":"product_tag","embeddable":true,"href":"https:\/\/amazonyguyane.fr\/index.php?rest_route=%2Fwp%2Fv2%2Fproduct_tag&post=346186"}],"curies":[{"name":"wp","href":"https:\/\/api.w.org\/{rel}","templated":true}]}}