{"id":346410,"date":"2023-11-04T12:33:30","date_gmt":"2023-11-04T11:33:30","guid":{"rendered":"https:\/\/amazonyguyane.fr\/?product=fayrimi-8-pouces-8-couches-erable-blank-double-concave-skateboards-patin-a-roulettes-naturel-planche-a-roulettes-table-bois-erable"},"modified":"2023-11-04T12:33:30","modified_gmt":"2023-11-04T11:33:30","slug":"fayrimi-8-pouces-8-couches-erable-blank-double-concave-skateboards-patin-a-roulettes-naturel-planche-a-roulettes-table-bois-erable","status":"publish","type":"product","link":"https:\/\/amazonyguyane.fr\/produit\/fayrimi-8-pouces-8-couches-erable-blank-double-concave-skateboards-patin-a-roulettes-naturel-planche-a-roulettes-table-bois-erable\/","title":{"rendered":"Fayrimi 8 Pouces 8 Couches \u00c9rable Blank Double Concave Skateboards Patin \u00e0 roulettes Naturel Planche \u00e0 roulettes Table Bois \u00e9rable"},"content":{"rendered":"<p> <span>Fayrimi Board Cat\u00e9gorie : double Rocker. <br \/>Type : skateboard Dragon (). <br \/>Num\u00e9ro de mod\u00e8le : accessoire de skateboard. <br \/>Couleur : bois <br \/>Mat\u00e9riau : \u00e9rable <br \/>Dimensions : 79 x 19 cm. <\/p>\n<p>Contenu : <br \/>1 planche de skateboard. <\/p>\n<p>Contenu du colis cit\u00e9 ci-dessus seulement, aucun autre produit n&#8217;est inclus. <br \/>Remarque : en raison de l&#8217;\u00e9clairage et du r\u00e9glage de l&#8217;\u00e9cran, la couleur du produit en photo et celle du produit r\u00e9el peuvent \u00eatre l\u00e9g\u00e8rement diff\u00e9rentes. La taille de l&#8217;article peut de +\/- 1 \u00e0 3 cm.<\/span>  <\/p>\n<p><\/p>\n","protected":false},"excerpt":{"rendered":"<p>Fayrimi Board Cat\u00e9gorie : double Rocker. Type : skateboard Dragon (). Num\u00e9ro de mod\u00e8le : accessoire de skateboard. Couleur : bois Mat\u00e9riau : \u00e9rable Dimensions : 79 x 19 cm.<\/p>\n","protected":false},"featured_media":346411,"comment_status":"","ping_status":"closed","template":"","meta":{"_acf_changed":false},"product_brand":[],"product_cat":[2906],"product_tag":[],"class_list":{"0":"post-346410","1":"product","2":"type-product","3":"status-publish","4":"has-post-thumbnail","6":"product_cat-glisse-urbaine","8":"first","9":"instock","10":"taxable","11":"shipping-taxable","12":"purchasable","13":"product-type-simple","14":"add-to-wishlist-after_add_to_cart"},"acf":[],"_links":{"self":[{"href":"https:\/\/amazonyguyane.fr\/wp-json\/wp\/v2\/product\/346410","targetHints":{"allow":["GET"]}}],"collection":[{"href":"https:\/\/amazonyguyane.fr\/wp-json\/wp\/v2\/product"}],"about":[{"href":"https:\/\/amazonyguyane.fr\/wp-json\/wp\/v2\/types\/product"}],"replies":[{"embeddable":true,"href":"https:\/\/amazonyguyane.fr\/wp-json\/wp\/v2\/comments?post=346410"}],"version-history":[{"count":0,"href":"https:\/\/amazonyguyane.fr\/wp-json\/wp\/v2\/product\/346410\/revisions"}],"wp:featuredmedia":[{"embeddable":true,"href":"https:\/\/amazonyguyane.fr\/wp-json\/wp\/v2\/media\/346411"}],"wp:attachment":[{"href":"https:\/\/amazonyguyane.fr\/wp-json\/wp\/v2\/media?parent=346410"}],"wp:term":[{"taxonomy":"product_brand","embeddable":true,"href":"https:\/\/amazonyguyane.fr\/wp-json\/wp\/v2\/product_brand?post=346410"},{"taxonomy":"product_cat","embeddable":true,"href":"https:\/\/amazonyguyane.fr\/wp-json\/wp\/v2\/product_cat?post=346410"},{"taxonomy":"product_tag","embeddable":true,"href":"https:\/\/amazonyguyane.fr\/wp-json\/wp\/v2\/product_tag?post=346410"}],"curies":[{"name":"wp","href":"https:\/\/api.w.org\/{rel}","templated":true}]}}