{"id":346580,"date":"2023-11-04T12:37:37","date_gmt":"2023-11-04T11:37:37","guid":{"rendered":"https:\/\/amazonyguyane.fr\/?product=weskate-3108-1-skateboard-mixte"},"modified":"2023-11-04T12:38:42","modified_gmt":"2023-11-04T11:38:42","slug":"weskate-3108-1-skateboard-mixte","status":"publish","type":"product","link":"https:\/\/amazonyguyane.fr\/produit\/weskate-3108-1-skateboard-mixte\/","title":{"rendered":"WeSkate 3108-1 Skateboard Mixte"},"content":{"rendered":"<li class=\"a-spacing-mini\"><span class=\"a-list-item\"> DOUBLE KIKE DECK ET CONCAVE MOELLEUX:Conception de planche \u00e0 roulettes double Snubby avec 20 degr\u00e9s vers le haut et concave en forme de U,ce qui vous fait sentir skateboard plus sensible. Convient pour la rue de patineur, les parcs de skate, les rampes, les piscines et autres surfaces lisses.  <\/span><\/li>\n<li class=\"a-spacing-mini\"><span class=\"a-list-item\"> STABLE ET ROBUSTE: La plate-forme en bois d&#8217;\u00e9rable de qualit\u00e9 de 7 plis r\u00e9siste jusqu&#8217;\u00e0 220lbs\/100kg. Le plateau en \u00e9rable de qualit\u00e9 sup\u00e9rieure a une bonne capacit\u00e9 d&#8217;absorption des chocs et de charge pour assurer une exp\u00e9rience merveilleuse aux patineurs et une conduite en toute s\u00e9curit\u00e9.  <\/span><\/li>\n<li class=\"a-spacing-mini\"><span class=\"a-list-item\"> EXCELLENTE ADH\u00c9RENCE ET CONDUITE DOUCE: Avec ABEC-7 Ball Bearing, 5 pouces Skateboard Trucks, 5mm PU Trucks Pad,Roue PU 85A et amortisseur HR-95A Vous pouvez conduire rapidement et r\u00e9guli\u00e8rement le Skateboard sans aucun bruit.  <\/span><\/li>\n<li class=\"a-spacing-mini\"><span class=\"a-list-item\"> COMPLET PR\u00c9-ASSEMBL\u00c9: Notre planche \u00e0 roulettes compl\u00e8te est livr\u00e9e avec des chariots en aluminium robustes et des roues en PU, ce qui vous permet de gagner du temps et de l&#8217;effort.  <\/span><\/li>\n<li class=\"a-spacing-mini\"><span class=\"a-list-item\"> GARANTIE DE SKATEBOARD: cette planche \u00e0 roulettes bien construite est s\u00e9curitaire \u00e0 conduire, avec des motifs attrayants \u00e0 l&#8217;arri\u00e8re, notre planche \u00e0 roulettes ajoute un style cool au cycliste. Chaque deck est emball\u00e9 avec un bel autocollant, parfait comme d\u00e9coration de cadeau.  <\/span><\/li>\n<p><\/p>\n","protected":false},"excerpt":{"rendered":"<p>DOUBLE KIKE DECK ET CONCAVE MOELLEUX:Conception de planche \u00e0 roulettes double Snubby avec 20 degr\u00e9s vers le haut et concave en forme de U,ce qui vous fait sentir skateboard plus<\/p>\n","protected":false},"featured_media":346581,"comment_status":"","ping_status":"closed","template":"","meta":{"_acf_changed":false},"product_brand":[],"product_cat":[2906],"product_tag":[],"class_list":{"0":"post-346580","1":"product","2":"type-product","3":"status-publish","4":"has-post-thumbnail","6":"product_cat-glisse-urbaine","8":"first","9":"instock","10":"taxable","11":"shipping-taxable","12":"purchasable","13":"product-type-variable","14":"add-to-wishlist-after_add_to_cart"},"acf":[],"_links":{"self":[{"href":"https:\/\/amazonyguyane.fr\/wp-json\/wp\/v2\/product\/346580","targetHints":{"allow":["GET"]}}],"collection":[{"href":"https:\/\/amazonyguyane.fr\/wp-json\/wp\/v2\/product"}],"about":[{"href":"https:\/\/amazonyguyane.fr\/wp-json\/wp\/v2\/types\/product"}],"replies":[{"embeddable":true,"href":"https:\/\/amazonyguyane.fr\/wp-json\/wp\/v2\/comments?post=346580"}],"version-history":[{"count":0,"href":"https:\/\/amazonyguyane.fr\/wp-json\/wp\/v2\/product\/346580\/revisions"}],"wp:featuredmedia":[{"embeddable":true,"href":"https:\/\/amazonyguyane.fr\/wp-json\/wp\/v2\/media\/346581"}],"wp:attachment":[{"href":"https:\/\/amazonyguyane.fr\/wp-json\/wp\/v2\/media?parent=346580"}],"wp:term":[{"taxonomy":"product_brand","embeddable":true,"href":"https:\/\/amazonyguyane.fr\/wp-json\/wp\/v2\/product_brand?post=346580"},{"taxonomy":"product_cat","embeddable":true,"href":"https:\/\/amazonyguyane.fr\/wp-json\/wp\/v2\/product_cat?post=346580"},{"taxonomy":"product_tag","embeddable":true,"href":"https:\/\/amazonyguyane.fr\/wp-json\/wp\/v2\/product_tag?post=346580"}],"curies":[{"name":"wp","href":"https:\/\/api.w.org\/{rel}","templated":true}]}}