{"id":346974,"date":"2023-11-04T12:58:05","date_gmt":"2023-11-04T11:58:05","guid":{"rendered":"https:\/\/amazonyguyane.fr\/?product=skullcap-casque-de-velo-homme-femme-enfant-casque-trottinette-electrique-adulte-casque-de-velo-casque-vtt-homme-sangles-reglables-casque-velo-route-trotinette-skate-skateboard-bmx-55-58cm"},"modified":"2023-11-04T12:58:05","modified_gmt":"2023-11-04T11:58:05","slug":"skullcap-casque-de-velo-homme-femme-enfant-casque-trottinette-electrique-adulte-casque-de-velo-casque-vtt-homme-sangles-reglables-casque-velo-route-trotinette-skate-skateboard-bmx-55-58cm","status":"publish","type":"product","link":"https:\/\/amazonyguyane.fr\/produit\/skullcap-casque-de-velo-homme-femme-enfant-casque-trottinette-electrique-adulte-casque-de-velo-casque-vtt-homme-sangles-reglables-casque-velo-route-trotinette-skate-skateboard-bmx-55-58cm\/","title":{"rendered":"Skullcap Casque de Velo Homme, Femme, Enfant, Casque Trottinette Electrique Adulte, Casque de V\u00e9lo, Casque VTT Homme, Sangles R\u00e9glables, Casque Velo Route, Trotinette, Skate, Skateboard, BMX, 55-58cm"},"content":{"rendered":"<li class=\"a-spacing-mini\"><span class=\"a-list-item\"> UN CASQUE QUI SAUVE DES VIES : Fabriqu\u00e9 avec une coque solide et une coque int\u00e9rieure en polystyr\u00e8ne expans\u00e9 (EPS), notre casque velo homme, femme et enfant est l\u00e9ger, confortable,et s\u00fbr pour prot\u00e9ger votre t\u00eate pour une tranquillit\u00e9 d&#8217;esprit.  <\/span><\/li>\n<li class=\"a-spacing-mini\"><span class=\"a-list-item\"> CASQUE DE VELO ENVELOPPANT : Une surface de couverture plus grande que les casques de v\u00e9lo standard, il prot\u00e8ge l&#8217;avant, le dessus, l&#8217;arri\u00e8re et les c\u00f4t\u00e9s de votre t\u00eate. Des mentonni\u00e8res r\u00e9glables et des inserts de rembourrage interchangeables.  <\/span><\/li>\n<li class=\"a-spacing-mini\"><span class=\"a-list-item\"> RESTEZ EN S\u00c9CURIT\u00c9 ET \u00c9L\u00c9GANT : Avec ses designs color\u00e9s pour adultes et enfants, vous \u00eates s\u00fbr de faire tourner les t\u00eates. Soumis \u00e0 des tests de s\u00e9curit\u00e9 approfondis, ce casque trottinette electrique adulte vous prot\u00e9gera des chocs et des chutes.  <\/span><\/li>\n<li class=\"a-spacing-mini\"><span class=\"a-list-item\"> VOTRE TETE RESPIRE : Ce casque vtt homme et femme est fabriqu\u00e9 avec de multiples trous de ventilation et une mati\u00e8re respirante. Chaque trou d&#8217;a\u00e9ration est sp\u00e9cifiquement plac\u00e9 pour maximiser le flux d&#8217;air tout en gardant sa force de protection.  <\/span><\/li>\n<li class=\"a-spacing-mini\"><span class=\"a-list-item\"> S\u00c9CURIT\u00c9 COMME PRIORIT\u00c9 : Une s\u00e9curit\u00e9 avec la mentonni\u00e8re et le rembourrage int\u00e9rieur qui sont aussi confortables, de sorte que ce casque trotinette electrique adulte, bmx, skate et velo de route peut \u00eatre appr\u00e9ci\u00e9 pendant de longues heures.  <\/span><\/li>\n<p><\/p>\n","protected":false},"excerpt":{"rendered":"<p>UN CASQUE QUI SAUVE DES VIES : Fabriqu\u00e9 avec une coque solide et une coque int\u00e9rieure en polystyr\u00e8ne expans\u00e9 (EPS), notre casque velo homme, femme et enfant est l\u00e9ger, confortable,et<\/p>\n","protected":false},"featured_media":346975,"comment_status":"","ping_status":"closed","template":"","meta":{"_acf_changed":false},"product_brand":[],"product_cat":[2906],"product_tag":[],"class_list":{"0":"post-346974","1":"product","2":"type-product","3":"status-publish","4":"has-post-thumbnail","6":"product_cat-glisse-urbaine","8":"first","9":"instock","10":"taxable","11":"shipping-taxable","12":"purchasable","13":"product-type-simple","14":"add-to-wishlist-after_add_to_cart"},"acf":[],"_links":{"self":[{"href":"https:\/\/amazonyguyane.fr\/wp-json\/wp\/v2\/product\/346974","targetHints":{"allow":["GET"]}}],"collection":[{"href":"https:\/\/amazonyguyane.fr\/wp-json\/wp\/v2\/product"}],"about":[{"href":"https:\/\/amazonyguyane.fr\/wp-json\/wp\/v2\/types\/product"}],"replies":[{"embeddable":true,"href":"https:\/\/amazonyguyane.fr\/wp-json\/wp\/v2\/comments?post=346974"}],"version-history":[{"count":0,"href":"https:\/\/amazonyguyane.fr\/wp-json\/wp\/v2\/product\/346974\/revisions"}],"wp:featuredmedia":[{"embeddable":true,"href":"https:\/\/amazonyguyane.fr\/wp-json\/wp\/v2\/media\/346975"}],"wp:attachment":[{"href":"https:\/\/amazonyguyane.fr\/wp-json\/wp\/v2\/media?parent=346974"}],"wp:term":[{"taxonomy":"product_brand","embeddable":true,"href":"https:\/\/amazonyguyane.fr\/wp-json\/wp\/v2\/product_brand?post=346974"},{"taxonomy":"product_cat","embeddable":true,"href":"https:\/\/amazonyguyane.fr\/wp-json\/wp\/v2\/product_cat?post=346974"},{"taxonomy":"product_tag","embeddable":true,"href":"https:\/\/amazonyguyane.fr\/wp-json\/wp\/v2\/product_tag?post=346974"}],"curies":[{"name":"wp","href":"https:\/\/api.w.org\/{rel}","templated":true}]}}