{"id":348114,"date":"2023-11-05T22:20:35","date_gmt":"2023-11-05T21:20:35","guid":{"rendered":"https:\/\/amazonyguyane.fr\/?product=nikematchfit-chaussettes-mixte"},"modified":"2023-11-05T22:21:09","modified_gmt":"2023-11-05T21:21:09","slug":"nikematchfit-chaussettes-mixte","status":"publish","type":"product","link":"https:\/\/amazonyguyane.fr\/?product=nikematchfit-chaussettes-mixte","title":{"rendered":"NikeMatchfit Chaussettes Mixte"},"content":{"rendered":"<p> <span>Chaussettes hautes Nike MatchFit Soccer. Chaussettes souples avec support dynamique. Les chaussettes Nike MatchFit ont \u00e9t\u00e9 con\u00e7ues dans un souci de confort. Le tissu anti-transpiration aide \u00e0 garder les pieds au sec, tandis qu&#8217;une bande ajust\u00e9e et un amorti vous offrent un ajustement et une sensation de soutien pendant le jeu. Le tissu anti-transpiration aide \u00e0 garder vos pieds au sec et \u00e0 l&#8217;aise. L&#8217;amorti dans les zones \u00e0 forte usure aide \u00e0 absorber les chocs pendant que vous courez. Bande ajust\u00e9e autour de votre pied pour une sensation de maintien. 92% polyester, 5% coton, 3% \u00e9lasthanne.<\/span>  <\/p>\n<p>Code UNSPSC  :  53102402 (Chaussettes) Signaler un code incorrect              Dimensions du colis                                     \u200f                                          :                                     \u200e  9,8 x 6,6 x 3,2 cm; 40 grammes          Date de mise en ligne sur Amazon.fr                                     \u200f                                          :                                     \u200e  14 janvier 2021                                  Fabricant                                     \u200f                                          :                                     \u200e  Nike          ASIN                                     \u200f                                          :                                     \u200e  B08T15LWXS          Num\u00e9ro du mod\u00e8le de l&#8217;article                                     \u200f                                          :                                     \u200e  CV1956          Service                                     \u200f                                          :                                     \u200e  Mixte<\/p>\n","protected":false},"excerpt":{"rendered":"<p>Chaussettes hautes Nike MatchFit Soccer. Chaussettes souples avec support dynamique. Les chaussettes Nike MatchFit ont \u00e9t\u00e9 con\u00e7ues dans un souci de confort. Le tissu anti-transpiration aide \u00e0 garder les pieds<\/p>\n","protected":false},"featured_media":348117,"comment_status":"","ping_status":"closed","template":"","meta":{"_acf_changed":false},"product_brand":[],"product_cat":[2992],"product_tag":[],"class_list":{"0":"post-348114","1":"product","2":"type-product","3":"status-publish","4":"has-post-thumbnail","6":"product_cat-animalerie","8":"first","9":"instock","10":"taxable","11":"shipping-taxable","12":"purchasable","13":"product-type-variable","14":"add-to-wishlist-after_add_to_cart"},"acf":[],"_links":{"self":[{"href":"https:\/\/amazonyguyane.fr\/index.php?rest_route=\/wp\/v2\/product\/348114","targetHints":{"allow":["GET"]}}],"collection":[{"href":"https:\/\/amazonyguyane.fr\/index.php?rest_route=\/wp\/v2\/product"}],"about":[{"href":"https:\/\/amazonyguyane.fr\/index.php?rest_route=\/wp\/v2\/types\/product"}],"replies":[{"embeddable":true,"href":"https:\/\/amazonyguyane.fr\/index.php?rest_route=%2Fwp%2Fv2%2Fcomments&post=348114"}],"version-history":[{"count":0,"href":"https:\/\/amazonyguyane.fr\/index.php?rest_route=\/wp\/v2\/product\/348114\/revisions"}],"wp:featuredmedia":[{"embeddable":true,"href":"https:\/\/amazonyguyane.fr\/index.php?rest_route=\/wp\/v2\/media\/348117"}],"wp:attachment":[{"href":"https:\/\/amazonyguyane.fr\/index.php?rest_route=%2Fwp%2Fv2%2Fmedia&parent=348114"}],"wp:term":[{"taxonomy":"product_brand","embeddable":true,"href":"https:\/\/amazonyguyane.fr\/index.php?rest_route=%2Fwp%2Fv2%2Fproduct_brand&post=348114"},{"taxonomy":"product_cat","embeddable":true,"href":"https:\/\/amazonyguyane.fr\/index.php?rest_route=%2Fwp%2Fv2%2Fproduct_cat&post=348114"},{"taxonomy":"product_tag","embeddable":true,"href":"https:\/\/amazonyguyane.fr\/index.php?rest_route=%2Fwp%2Fv2%2Fproduct_tag&post=348114"}],"curies":[{"name":"wp","href":"https:\/\/api.w.org\/{rel}","templated":true}]}}