{"id":350562,"date":"2023-11-14T13:46:17","date_gmt":"2023-11-14T12:46:17","guid":{"rendered":"https:\/\/amazonyguyane.fr\/smartphone-xiaomi-redmi-10-65\/"},"modified":"2023-11-14T13:46:17","modified_gmt":"2023-11-14T12:46:17","slug":"smartphone-xiaomi-redmi-10-65","status":"publish","type":"product","link":"https:\/\/amazonyguyane.fr\/produit\/smartphone-xiaomi-redmi-10-65\/","title":{"rendered":"Smartphone Xiaomi Redmi 10 6,5"},"content":{"rendered":"<p><!-- show up to 2 reviews by default -->                        <\/p>\n<p> <span>Le Xiaomi Redmi 10 2022 est l&#8217;\u00e9dition du Redmi 10 pour 2022 avec les m\u00eames caract\u00e9ristiques que l&#8217;original, y compris l&#8217;\u00e9cran IPS de 6,5 pouces avec une r\u00e9solution FHD+ et un taux de rafra\u00eechissement variable de 90 Hz, le processeur MediaTek Helio G88, avec 4 Go de RAM et 64 Go ou 128 Go de stockage interne non extensible, cam\u00e9ra quadruple avec capteur principal 50MP, objectif ultra large 8MP, macro 2MP et capteur de profondeur 2MP, cam\u00e9ra selfie 8MP, batterie \u00e0 charge rapide 5000 mAh, lecteur d&#8217;empreintes digitales lat\u00e9ral, radio FM, deux haut-parleurs et MIUI 12.5 bas\u00e9 sur Android 11.<\/span>  <\/p>\n<p>Pile(s) \/ Batterie(s) :                                     \u200f                                          :                                     \u200e  1 Lithium-polym\u00e8re &#8211; incluse(s)          Production interrompue par le fabricant                                     \u200f                                          :                                     \u200e  Non          Langue                                     \u200f                                          :                                     \u200e  Espagnol                Code UNSPSC  :  43191501 (T\u00e9l\u00e9phones mobiles) Signaler un code incorrect              Date de mise en ligne sur Amazon.fr                                     \u200f                                          :                                     \u200e  26 avril 2022                                  Fabricant                                     \u200f                                          :                                     \u200e  Xiaomi          ASIN                                     \u200f                                          :                                     \u200e  B09ZL6GCB5          Num\u00e9ro du mod\u00e8le de l&#8217;article                                     \u200f                                          :                                     \u200e  MZB0A65EU          Pays d&#8217;origine                                     \u200f                                          :                                     \u200e  Chine<\/p>\n","protected":false},"excerpt":{"rendered":"<p>Le Xiaomi Redmi 10 2022 est l&#8217;\u00e9dition du Redmi 10 pour 2022 avec les m\u00eames caract\u00e9ristiques que l&#8217;original, y compris l&#8217;\u00e9cran IPS de 6,5 pouces avec une r\u00e9solution FHD+ et<\/p>\n","protected":false},"featured_media":350563,"comment_status":"","ping_status":"closed","template":"","meta":{"_acf_changed":false},"product_brand":[],"product_cat":[75949],"product_tag":[],"class_list":{"0":"post-350562","1":"product","2":"type-product","3":"status-publish","4":"has-post-thumbnail","6":"product_cat-xiaomi","8":"first","9":"instock","10":"taxable","11":"shipping-taxable","12":"purchasable","13":"product-type-simple","14":"add-to-wishlist-after_add_to_cart"},"acf":[],"_links":{"self":[{"href":"https:\/\/amazonyguyane.fr\/wp-json\/wp\/v2\/product\/350562","targetHints":{"allow":["GET"]}}],"collection":[{"href":"https:\/\/amazonyguyane.fr\/wp-json\/wp\/v2\/product"}],"about":[{"href":"https:\/\/amazonyguyane.fr\/wp-json\/wp\/v2\/types\/product"}],"replies":[{"embeddable":true,"href":"https:\/\/amazonyguyane.fr\/wp-json\/wp\/v2\/comments?post=350562"}],"version-history":[{"count":0,"href":"https:\/\/amazonyguyane.fr\/wp-json\/wp\/v2\/product\/350562\/revisions"}],"wp:featuredmedia":[{"embeddable":true,"href":"https:\/\/amazonyguyane.fr\/wp-json\/wp\/v2\/media\/350563"}],"wp:attachment":[{"href":"https:\/\/amazonyguyane.fr\/wp-json\/wp\/v2\/media?parent=350562"}],"wp:term":[{"taxonomy":"product_brand","embeddable":true,"href":"https:\/\/amazonyguyane.fr\/wp-json\/wp\/v2\/product_brand?post=350562"},{"taxonomy":"product_cat","embeddable":true,"href":"https:\/\/amazonyguyane.fr\/wp-json\/wp\/v2\/product_cat?post=350562"},{"taxonomy":"product_tag","embeddable":true,"href":"https:\/\/amazonyguyane.fr\/wp-json\/wp\/v2\/product_tag?post=350562"}],"curies":[{"name":"wp","href":"https:\/\/api.w.org\/{rel}","templated":true}]}}