{"id":350906,"date":"2023-11-14T13:57:13","date_gmt":"2023-11-14T12:57:13","guid":{"rendered":"https:\/\/amazonyguyane.fr\/poco-x5-pro-5g-telephone-mobile-667\/"},"modified":"2023-11-14T13:58:17","modified_gmt":"2023-11-14T12:58:17","slug":"poco-x5-pro-5g-telephone-mobile-667","status":"publish","type":"product","link":"https:\/\/amazonyguyane.fr\/produit\/poco-x5-pro-5g-telephone-mobile-667\/","title":{"rendered":"POCO X5 Pro 5G, t\u00e9l\u00e9phone Mobile 6,67"},"content":{"rendered":"<p><!-- show up to 2 reviews by default -->                        <\/p>\n<p> <span>La recette du succ\u00e8s<\/span>  <\/p>\n<p>Pile(s) \/ Batterie(s) :                                     \u200f                                          :                                     \u200e  1 Lithium-polym\u00e8re &#8211; incluse(s)                Code UNSPSC  :  43191501 (T\u00e9l\u00e9phones mobiles) Signaler un code incorrect              Dimensions du colis                                     \u200f                                          :                                     \u200e  17,7 x 9 x 5,9 cm; 181 grammes          Date de mise en ligne sur Amazon.fr                                     \u200f                                          :                                     \u200e  6 f\u00e9vrier 2023                                  Fabricant                                     \u200f                                          :                                     \u200e  Xiaomi          ASIN                                     \u200f                                          :                                     \u200e  B0BSFZF7DN          Num\u00e9ro du mod\u00e8le de l&#8217;article                                     \u200f                                          :                                     \u200e  22101320G          Pays d&#8217;origine                                     \u200f                                          :                                     \u200e  Chine<\/p>\n","protected":false},"excerpt":{"rendered":"<p>La recette du succ\u00e8s Pile(s) \/ Batterie(s) : \u200f : \u200e 1 Lithium-polym\u00e8re &#8211; incluse(s) Code UNSPSC : 43191501 (T\u00e9l\u00e9phones mobiles) Signaler un code incorrect Dimensions du colis \u200f :<\/p>\n","protected":false},"featured_media":350907,"comment_status":"","ping_status":"closed","template":"","meta":{"_acf_changed":false},"product_brand":[],"product_cat":[75949],"product_tag":[],"class_list":{"0":"post-350906","1":"product","2":"type-product","3":"status-publish","4":"has-post-thumbnail","6":"product_cat-xiaomi","8":"first","9":"instock","10":"taxable","11":"shipping-taxable","12":"purchasable","13":"product-type-variable","14":"add-to-wishlist-after_add_to_cart"},"acf":[],"_links":{"self":[{"href":"https:\/\/amazonyguyane.fr\/wp-json\/wp\/v2\/product\/350906","targetHints":{"allow":["GET"]}}],"collection":[{"href":"https:\/\/amazonyguyane.fr\/wp-json\/wp\/v2\/product"}],"about":[{"href":"https:\/\/amazonyguyane.fr\/wp-json\/wp\/v2\/types\/product"}],"replies":[{"embeddable":true,"href":"https:\/\/amazonyguyane.fr\/wp-json\/wp\/v2\/comments?post=350906"}],"version-history":[{"count":0,"href":"https:\/\/amazonyguyane.fr\/wp-json\/wp\/v2\/product\/350906\/revisions"}],"wp:featuredmedia":[{"embeddable":true,"href":"https:\/\/amazonyguyane.fr\/wp-json\/wp\/v2\/media\/350907"}],"wp:attachment":[{"href":"https:\/\/amazonyguyane.fr\/wp-json\/wp\/v2\/media?parent=350906"}],"wp:term":[{"taxonomy":"product_brand","embeddable":true,"href":"https:\/\/amazonyguyane.fr\/wp-json\/wp\/v2\/product_brand?post=350906"},{"taxonomy":"product_cat","embeddable":true,"href":"https:\/\/amazonyguyane.fr\/wp-json\/wp\/v2\/product_cat?post=350906"},{"taxonomy":"product_tag","embeddable":true,"href":"https:\/\/amazonyguyane.fr\/wp-json\/wp\/v2\/product_tag?post=350906"}],"curies":[{"name":"wp","href":"https:\/\/api.w.org\/{rel}","templated":true}]}}