{"id":351472,"date":"2023-11-14T15:20:45","date_gmt":"2023-11-14T14:20:45","guid":{"rendered":"https:\/\/amazonyguyane.fr\/adidashomme-forcebounce-volleyball-basket\/"},"modified":"2023-11-14T15:22:07","modified_gmt":"2023-11-14T14:22:07","slug":"adidashomme-forcebounce-volleyball-basket","status":"publish","type":"product","link":"https:\/\/amazonyguyane.fr\/produit\/adidashomme-forcebounce-volleyball-basket\/","title":{"rendered":"adidasHomme Forcebounce Volleyball Basket"},"content":{"rendered":"<p><!-- show up to 2 reviews by default -->                        <\/p>\n<p> <span>Quel que soit votre sport d&#8217;int\u00e9rieur, patissez le terrain. Ces chaussures l\u00e9g\u00e8res Adidas Forcebounce vous permettent de rester stable et en contr\u00f4le gr\u00e2ce aux supports internes et aux superpositions ext\u00e9rieures sur leur tige r\u00e9sistante en Ripstop. Une semelle interm\u00e9diaire Bounce pleine longueur aide aux lancements et atterrissages. Con\u00e7ue pour exceller dans toutes les directions, la semelle ext\u00e9rieure en caoutchouc vous aide \u00e0 atteindre les d\u00e9fis les plus difficiles.<\/span>  <\/p>\n<p>Date de mise en ligne sur Amazon.fr                                     \u200f                                          :                                     \u200e  27 juillet 2023                                  Fabricant                                     \u200f                                          :                                     \u200e  adidas          ASIN                                     \u200f                                          :                                     \u200e  B0CCZQP3CS          Num\u00e9ro du mod\u00e8le de l&#8217;article                                     \u200f                                          :                                     \u200e  LWY71          Service                                     \u200f                                          :                                     \u200e  Homme<\/p>\n","protected":false},"excerpt":{"rendered":"<p>Quel que soit votre sport d&#8217;int\u00e9rieur, patissez le terrain. Ces chaussures l\u00e9g\u00e8res Adidas Forcebounce vous permettent de rester stable et en contr\u00f4le gr\u00e2ce aux supports internes et aux superpositions ext\u00e9rieures<\/p>\n","protected":false},"featured_media":351473,"comment_status":"","ping_status":"closed","template":"","meta":{"_acf_changed":false},"product_brand":[],"product_cat":[2903],"product_tag":[],"class_list":{"0":"post-351472","1":"product","2":"type-product","3":"status-publish","4":"has-post-thumbnail","6":"product_cat-volley-ball","8":"first","9":"instock","10":"taxable","11":"shipping-taxable","12":"purchasable","13":"product-type-variable","14":"add-to-wishlist-after_add_to_cart"},"acf":[],"_links":{"self":[{"href":"https:\/\/amazonyguyane.fr\/wp-json\/wp\/v2\/product\/351472","targetHints":{"allow":["GET"]}}],"collection":[{"href":"https:\/\/amazonyguyane.fr\/wp-json\/wp\/v2\/product"}],"about":[{"href":"https:\/\/amazonyguyane.fr\/wp-json\/wp\/v2\/types\/product"}],"replies":[{"embeddable":true,"href":"https:\/\/amazonyguyane.fr\/wp-json\/wp\/v2\/comments?post=351472"}],"version-history":[{"count":0,"href":"https:\/\/amazonyguyane.fr\/wp-json\/wp\/v2\/product\/351472\/revisions"}],"wp:featuredmedia":[{"embeddable":true,"href":"https:\/\/amazonyguyane.fr\/wp-json\/wp\/v2\/media\/351473"}],"wp:attachment":[{"href":"https:\/\/amazonyguyane.fr\/wp-json\/wp\/v2\/media?parent=351472"}],"wp:term":[{"taxonomy":"product_brand","embeddable":true,"href":"https:\/\/amazonyguyane.fr\/wp-json\/wp\/v2\/product_brand?post=351472"},{"taxonomy":"product_cat","embeddable":true,"href":"https:\/\/amazonyguyane.fr\/wp-json\/wp\/v2\/product_cat?post=351472"},{"taxonomy":"product_tag","embeddable":true,"href":"https:\/\/amazonyguyane.fr\/wp-json\/wp\/v2\/product_tag?post=351472"}],"curies":[{"name":"wp","href":"https:\/\/api.w.org\/{rel}","templated":true}]}}