{"id":351510,"date":"2023-11-14T15:22:10","date_gmt":"2023-11-14T14:22:10","guid":{"rendered":"https:\/\/amazonyguyane.fr\/mizunomixte-tension-donde-moyenne-volleyball\/"},"modified":"2023-11-14T15:23:30","modified_gmt":"2023-11-14T14:23:30","slug":"mizunomixte-tension-donde-moyenne-volleyball","status":"publish","type":"product","link":"https:\/\/amazonyguyane.fr\/produit\/mizunomixte-tension-donde-moyenne-volleyball\/","title":{"rendered":"MizunoMixte Tension d&#8217;onde Moyenne Volleyball"},"content":{"rendered":"<p><!-- show up to 2 reviews by default -->                        <\/p>\n<p> <span>Cette chaussure de volleyball haute performance offre un excellent amorti dynamique et une stabilit\u00e9 gr\u00e2ce \u00e0 la technologie Mizuno Wave. Gr\u00e2ce \u00e0 sa semelle technique et l\u00e9g\u00e8re, la Wave Voltage offre une grande acc\u00e9l\u00e9ration m\u00eame dans les mouvements lat\u00e9raux les plus intenses. La tige en maille avec une construction sans couture sur le c\u00f4t\u00e9 lat\u00e9ral apporte un excellent confort.<\/span>  <\/p>\n<p>Code UNSPSC  :  53100000 (V\u00eatements) Signaler un code incorrect              Dimensions du colis                                     \u200f                                          :                                     \u200e  33,4 x 20,8 x 12,2 cm; 690 grammes          Date de mise en ligne sur Amazon.fr                                     \u200f                                          :                                     \u200e  21 ao\u00fbt 2023                                  Fabricant                                     \u200f                                          :                                     \u200e  Mizuno          ASIN                                     \u200f                                          :                                     \u200e  B0BLVCD2JQ          Num\u00e9ro du mod\u00e8le de l&#8217;article                                     \u200f                                          :                                     \u200e  V1GA2165          Service                                     \u200f                                          :                                     \u200e  Mixte<\/p>\n","protected":false},"excerpt":{"rendered":"<p>Cette chaussure de volleyball haute performance offre un excellent amorti dynamique et une stabilit\u00e9 gr\u00e2ce \u00e0 la technologie Mizuno Wave. Gr\u00e2ce \u00e0 sa semelle technique et l\u00e9g\u00e8re, la Wave Voltage<\/p>\n","protected":false},"featured_media":351511,"comment_status":"","ping_status":"closed","template":"","meta":{"_acf_changed":false},"product_brand":[],"product_cat":[2903],"product_tag":[],"class_list":{"0":"post-351510","1":"product","2":"type-product","3":"status-publish","4":"has-post-thumbnail","6":"product_cat-volley-ball","8":"first","9":"instock","10":"taxable","11":"shipping-taxable","12":"purchasable","13":"product-type-variable","14":"add-to-wishlist-after_add_to_cart"},"acf":[],"_links":{"self":[{"href":"https:\/\/amazonyguyane.fr\/wp-json\/wp\/v2\/product\/351510","targetHints":{"allow":["GET"]}}],"collection":[{"href":"https:\/\/amazonyguyane.fr\/wp-json\/wp\/v2\/product"}],"about":[{"href":"https:\/\/amazonyguyane.fr\/wp-json\/wp\/v2\/types\/product"}],"replies":[{"embeddable":true,"href":"https:\/\/amazonyguyane.fr\/wp-json\/wp\/v2\/comments?post=351510"}],"version-history":[{"count":0,"href":"https:\/\/amazonyguyane.fr\/wp-json\/wp\/v2\/product\/351510\/revisions"}],"wp:featuredmedia":[{"embeddable":true,"href":"https:\/\/amazonyguyane.fr\/wp-json\/wp\/v2\/media\/351511"}],"wp:attachment":[{"href":"https:\/\/amazonyguyane.fr\/wp-json\/wp\/v2\/media?parent=351510"}],"wp:term":[{"taxonomy":"product_brand","embeddable":true,"href":"https:\/\/amazonyguyane.fr\/wp-json\/wp\/v2\/product_brand?post=351510"},{"taxonomy":"product_cat","embeddable":true,"href":"https:\/\/amazonyguyane.fr\/wp-json\/wp\/v2\/product_cat?post=351510"},{"taxonomy":"product_tag","embeddable":true,"href":"https:\/\/amazonyguyane.fr\/wp-json\/wp\/v2\/product_tag?post=351510"}],"curies":[{"name":"wp","href":"https:\/\/api.w.org\/{rel}","templated":true}]}}