{"id":353066,"date":"2023-11-14T16:24:14","date_gmt":"2023-11-14T15:24:14","guid":{"rendered":"https:\/\/amazonyguyane.fr\/xiaomi-videoprojecteur-mi-laser\/"},"modified":"2023-11-14T16:24:14","modified_gmt":"2023-11-14T15:24:14","slug":"xiaomi-videoprojecteur-mi-laser","status":"publish","type":"product","link":"https:\/\/amazonyguyane.fr\/produit\/xiaomi-videoprojecteur-mi-laser\/","title":{"rendered":"Xiaomi Vid\u00e9oprojecteur MI Laser"},"content":{"rendered":"<p><!-- show up to 2 reviews by default -->                <\/p>\n<h3> <span>Description du produit<\/span> <\/h3>\n<p> <span>Le Mi Laser Projector 150&#8221; est le premier projecteur laser \u00e0 focale ultra-courte au monde dot\u00e9 de la technologie ALPD qui offre jusqu&#8217;\u00e0 150 pouces Full HD \u00e0 une distance de 50 cm avec un rapport de contraste \u00e9lev\u00e9 de 3000: 1 et 1500 lumens ainsi qu&#8217;une dur\u00e9e de vie de 20 000 heures. Ce produit high-tech utilise un design &#8220;box&#8221; compact et minimal et maintient la coh\u00e9rence stylistique jusqu&#8217;\u00e0 la t\u00e9l\u00e9commande Bluetooth. Contr\u00f4lez l&#8217;appareil \u00e0 partir de n&#8217;importe quel endroit de la pi\u00e8ce. Les assistants \u00e0 commande vocale peuvent trouver rapidement des programmes ou offrir d&#8217;autres exp\u00e9riences de visionnage interactif.<\/span>  <\/p>\n<h3> <span>Contenu du coffret<\/span> <\/h3>\n<p> <span>Mi Projecteur laser 150, cordon d&#8217;alimentation, 2x pile AAA, chiffon pour la lentille, manuel d&#8217;utilisation, alimentation secteur<\/span>  <\/p>\n<p><\/p>\n","protected":false},"excerpt":{"rendered":"<p>Description du produit Le Mi Laser Projector 150&#8221; est le premier projecteur laser \u00e0 focale ultra-courte au monde dot\u00e9 de la technologie ALPD qui offre jusqu&#8217;\u00e0 150 pouces Full HD<\/p>\n","protected":false},"featured_media":353069,"comment_status":"","ping_status":"closed","template":"","meta":{"_acf_changed":false},"product_brand":[],"product_cat":[39331],"product_tag":[],"class_list":{"0":"post-353066","1":"product","2":"type-product","3":"status-publish","4":"has-post-thumbnail","6":"product_cat-videoprojecteur","8":"first","9":"instock","10":"taxable","11":"shipping-taxable","12":"purchasable","13":"product-type-simple","14":"add-to-wishlist-after_add_to_cart"},"acf":[],"_links":{"self":[{"href":"https:\/\/amazonyguyane.fr\/wp-json\/wp\/v2\/product\/353066","targetHints":{"allow":["GET"]}}],"collection":[{"href":"https:\/\/amazonyguyane.fr\/wp-json\/wp\/v2\/product"}],"about":[{"href":"https:\/\/amazonyguyane.fr\/wp-json\/wp\/v2\/types\/product"}],"replies":[{"embeddable":true,"href":"https:\/\/amazonyguyane.fr\/wp-json\/wp\/v2\/comments?post=353066"}],"version-history":[{"count":0,"href":"https:\/\/amazonyguyane.fr\/wp-json\/wp\/v2\/product\/353066\/revisions"}],"wp:featuredmedia":[{"embeddable":true,"href":"https:\/\/amazonyguyane.fr\/wp-json\/wp\/v2\/media\/353069"}],"wp:attachment":[{"href":"https:\/\/amazonyguyane.fr\/wp-json\/wp\/v2\/media?parent=353066"}],"wp:term":[{"taxonomy":"product_brand","embeddable":true,"href":"https:\/\/amazonyguyane.fr\/wp-json\/wp\/v2\/product_brand?post=353066"},{"taxonomy":"product_cat","embeddable":true,"href":"https:\/\/amazonyguyane.fr\/wp-json\/wp\/v2\/product_cat?post=353066"},{"taxonomy":"product_tag","embeddable":true,"href":"https:\/\/amazonyguyane.fr\/wp-json\/wp\/v2\/product_tag?post=353066"}],"curies":[{"name":"wp","href":"https:\/\/api.w.org\/{rel}","templated":true}]}}