{"id":353266,"date":"2023-11-14T16:32:04","date_gmt":"2023-11-14T15:32:04","guid":{"rendered":"https:\/\/amazonyguyane.fr\/levisensemble-pyjama-bebe-garcon\/"},"modified":"2023-11-14T16:32:29","modified_gmt":"2023-11-14T15:32:29","slug":"levisensemble-pyjama-bebe-garcon","status":"publish","type":"product","link":"https:\/\/amazonyguyane.fr\/produit\/levisensemble-pyjama-bebe-garcon\/","title":{"rendered":"Levi&#8217;sEnsemble Pyjama B\u00e9b\u00e9 gar\u00e7on"},"content":{"rendered":"<p><!-- show up to 2 reviews by default -->                        <\/p>\n<p> <span>Ensemble t-shirt et short Levi&#8217;s\u00ae, ce joli ensemble 2 pi\u00e8ces se veut facile \u00e0 porter au quotidien<\/span>  <\/p>\n<p>Code UNSPSC  :  53100000 (V\u00eatements) Signaler un code incorrect              Dimensions du colis                                     \u200f                                          :                                     \u200e  26,7 x 16,7 x 4 cm; 148 grammes          Date de mise en ligne sur Amazon.fr                                     \u200f                                          :                                     \u200e  8 ao\u00fbt 2021                                  Fabricant                                     \u200f                                          :                                     \u200e  Levi&#8217;s Kids          ASIN                                     \u200f                                          :                                     \u200e  B09C4RNJG7          Num\u00e9ro du mod\u00e8le de l&#8217;article                                     \u200f                                          :                                     \u200e  6EE908          Service                                     \u200f                                          :                                     \u200e  B\u00e9b\u00e9 gar\u00e7on<\/p>\n","protected":false},"excerpt":{"rendered":"<p>Ensemble t-shirt et short Levi&#8217;s\u00ae, ce joli ensemble 2 pi\u00e8ces se veut facile \u00e0 porter au quotidien Code UNSPSC : 53100000 (V\u00eatements) Signaler un code incorrect Dimensions du colis \u200f<\/p>\n","protected":false},"featured_media":353269,"comment_status":"","ping_status":"closed","template":"","meta":{"_acf_changed":false},"product_brand":[],"product_cat":[3023],"product_tag":[],"class_list":{"0":"post-353266","1":"product","2":"type-product","3":"status-publish","4":"has-post-thumbnail","6":"product_cat-vetements-bebes-garcons","8":"first","9":"instock","10":"taxable","11":"shipping-taxable","12":"purchasable","13":"product-type-variable","14":"add-to-wishlist-after_add_to_cart"},"acf":[],"_links":{"self":[{"href":"https:\/\/amazonyguyane.fr\/wp-json\/wp\/v2\/product\/353266","targetHints":{"allow":["GET"]}}],"collection":[{"href":"https:\/\/amazonyguyane.fr\/wp-json\/wp\/v2\/product"}],"about":[{"href":"https:\/\/amazonyguyane.fr\/wp-json\/wp\/v2\/types\/product"}],"replies":[{"embeddable":true,"href":"https:\/\/amazonyguyane.fr\/wp-json\/wp\/v2\/comments?post=353266"}],"version-history":[{"count":0,"href":"https:\/\/amazonyguyane.fr\/wp-json\/wp\/v2\/product\/353266\/revisions"}],"wp:featuredmedia":[{"embeddable":true,"href":"https:\/\/amazonyguyane.fr\/wp-json\/wp\/v2\/media\/353269"}],"wp:attachment":[{"href":"https:\/\/amazonyguyane.fr\/wp-json\/wp\/v2\/media?parent=353266"}],"wp:term":[{"taxonomy":"product_brand","embeddable":true,"href":"https:\/\/amazonyguyane.fr\/wp-json\/wp\/v2\/product_brand?post=353266"},{"taxonomy":"product_cat","embeddable":true,"href":"https:\/\/amazonyguyane.fr\/wp-json\/wp\/v2\/product_cat?post=353266"},{"taxonomy":"product_tag","embeddable":true,"href":"https:\/\/amazonyguyane.fr\/wp-json\/wp\/v2\/product_tag?post=353266"}],"curies":[{"name":"wp","href":"https:\/\/api.w.org\/{rel}","templated":true}]}}