{"id":353928,"date":"2023-11-14T16:45:10","date_gmt":"2023-11-14T15:45:10","guid":{"rendered":"https:\/\/amazonyguyane.fr\/petit-bateaudors-bien-bebe-fille\/"},"modified":"2023-11-14T16:45:41","modified_gmt":"2023-11-14T15:45:41","slug":"petit-bateaudors-bien-bebe-fille","status":"publish","type":"product","link":"https:\/\/amazonyguyane.fr\/produit\/petit-bateaudors-bien-bebe-fille\/","title":{"rendered":"Petit BateauDors Bien B\u00e9b\u00e9 Fille"},"content":{"rendered":"<p><!-- show up to 2 reviews by default -->                        <\/p>\n<p> <span>Dors-bien en molleton, mati\u00e8re douce et chaude, qui offre une totale libert\u00e9 de mouvement.<\/span>  <\/p>\n<p>Code UNSPSC  :  53102600 (V\u00eatements de nuit) Signaler un code incorrect              Dimensions du colis                                     \u200f                                          :                                     \u200e  24,4 x 18,2 x 3,2 cm; 100 grammes          Date de mise en ligne sur Amazon.fr                                     \u200f                                          :                                     \u200e  6 ao\u00fbt 2020                                  Fabricant                                     \u200f                                          :                                     \u200e  Petit Bateau          ASIN                                     \u200f                                          :                                     \u200e  B08FBXV7L4          Num\u00e9ro du mod\u00e8le de l&#8217;article                                     \u200f                                          :                                     \u200e  A00BT          Service                                     \u200f                                          :                                     \u200e  B\u00e9b\u00e9 fille<\/p>\n","protected":false},"excerpt":{"rendered":"<p>Dors-bien en molleton, mati\u00e8re douce et chaude, qui offre une totale libert\u00e9 de mouvement. Code UNSPSC : 53102600 (V\u00eatements de nuit) Signaler un code incorrect Dimensions du colis \u200f :<\/p>\n","protected":false},"featured_media":353929,"comment_status":"","ping_status":"closed","template":"","meta":{"_acf_changed":false},"product_brand":[],"product_cat":[24155],"product_tag":[],"class_list":{"0":"post-353928","1":"product","2":"type-product","3":"status-publish","4":"has-post-thumbnail","6":"product_cat-vetements-bebes-filles","8":"first","9":"instock","10":"taxable","11":"shipping-taxable","12":"purchasable","13":"product-type-variable","14":"add-to-wishlist-after_add_to_cart"},"acf":[],"_links":{"self":[{"href":"https:\/\/amazonyguyane.fr\/wp-json\/wp\/v2\/product\/353928","targetHints":{"allow":["GET"]}}],"collection":[{"href":"https:\/\/amazonyguyane.fr\/wp-json\/wp\/v2\/product"}],"about":[{"href":"https:\/\/amazonyguyane.fr\/wp-json\/wp\/v2\/types\/product"}],"replies":[{"embeddable":true,"href":"https:\/\/amazonyguyane.fr\/wp-json\/wp\/v2\/comments?post=353928"}],"version-history":[{"count":0,"href":"https:\/\/amazonyguyane.fr\/wp-json\/wp\/v2\/product\/353928\/revisions"}],"wp:featuredmedia":[{"embeddable":true,"href":"https:\/\/amazonyguyane.fr\/wp-json\/wp\/v2\/media\/353929"}],"wp:attachment":[{"href":"https:\/\/amazonyguyane.fr\/wp-json\/wp\/v2\/media?parent=353928"}],"wp:term":[{"taxonomy":"product_brand","embeddable":true,"href":"https:\/\/amazonyguyane.fr\/wp-json\/wp\/v2\/product_brand?post=353928"},{"taxonomy":"product_cat","embeddable":true,"href":"https:\/\/amazonyguyane.fr\/wp-json\/wp\/v2\/product_cat?post=353928"},{"taxonomy":"product_tag","embeddable":true,"href":"https:\/\/amazonyguyane.fr\/wp-json\/wp\/v2\/product_tag?post=353928"}],"curies":[{"name":"wp","href":"https:\/\/api.w.org\/{rel}","templated":true}]}}