{"id":354028,"date":"2023-11-14T16:51:57","date_gmt":"2023-11-14T15:51:57","guid":{"rendered":"https:\/\/amazonyguyane.fr\/smilepay-maxi-smile-terminal-de-paiement-pour-les-professionnels-entreprise-francaise\/"},"modified":"2023-11-14T16:51:57","modified_gmt":"2023-11-14T15:51:57","slug":"smilepay-maxi-smile-terminal-de-paiement-pour-les-professionnels-entreprise-francaise","status":"publish","type":"product","link":"https:\/\/amazonyguyane.fr\/produit\/smilepay-maxi-smile-terminal-de-paiement-pour-les-professionnels-entreprise-francaise\/","title":{"rendered":"Smile&#038;Pay &#8211; Maxi Smile &#8211; Terminal de paiement pour les professionnels &#8211; Entreprise Fran\u00e7aise"},"content":{"rendered":"<li class=\"a-spacing-mini\"><span class=\"a-list-item\"> Terminal de paiement compl\u00e8tement s\u00e9curis\u00e9 (agr\u00e9ment PCI-PTS)  <\/span><\/li>\n<li class=\"a-spacing-mini\"><span class=\"a-list-item\"> Profitez d\u2019une tarification simple et transparente, interchangeable d\u2019un mois \u00e0 l\u2019autre pour optimiser vos co\u00fbts  <\/span><\/li>\n<li class=\"a-spacing-mini\"><span class=\"a-list-item\"> Profitez de notre application au quotidien pour r\u00e9aliser vos encaissements, suivre votre activit\u00e9 et vos virements !  <\/span><\/li>\n<li class=\"a-spacing-mini\"><span class=\"a-list-item\"> Options disponibles sous r\u00e9serve d&#8217;\u00e9ligibilit\u00e9 : Tickets d\u00e9mat\u00e9rialis\u00e9\u200bs ,Titres-restaurant, Pourboires\u200b.  <\/span><\/li>\n<li class=\"a-spacing-mini\"><span class=\"a-list-item\"> Options disponibles sous r\u00e9serve d&#8217;\u00e9ligibilit\u00e9 : Prise de caution PLBS , Vente \u00e0 Distance, paiement par t\u00e9l\u00e9phone\u200b.  <\/span><\/li>\n<p><\/p>\n","protected":false},"excerpt":{"rendered":"<p>Terminal de paiement compl\u00e8tement s\u00e9curis\u00e9 (agr\u00e9ment PCI-PTS) Profitez d\u2019une tarification simple et transparente, interchangeable d\u2019un mois \u00e0 l\u2019autre pour optimiser vos co\u00fbts Profitez de notre application au quotidien pour r\u00e9aliser<\/p>\n","protected":false},"featured_media":354029,"comment_status":"","ping_status":"closed","template":"","meta":{"_acf_changed":false},"product_brand":[],"product_cat":[79546],"product_tag":[],"class_list":{"0":"post-354028","1":"product","2":"type-product","3":"status-publish","4":"has-post-thumbnail","6":"product_cat-terminal-de-paiement","8":"first","9":"instock","10":"taxable","11":"shipping-taxable","12":"purchasable","13":"product-type-simple","14":"add-to-wishlist-after_add_to_cart"},"acf":[],"_links":{"self":[{"href":"https:\/\/amazonyguyane.fr\/wp-json\/wp\/v2\/product\/354028","targetHints":{"allow":["GET"]}}],"collection":[{"href":"https:\/\/amazonyguyane.fr\/wp-json\/wp\/v2\/product"}],"about":[{"href":"https:\/\/amazonyguyane.fr\/wp-json\/wp\/v2\/types\/product"}],"replies":[{"embeddable":true,"href":"https:\/\/amazonyguyane.fr\/wp-json\/wp\/v2\/comments?post=354028"}],"version-history":[{"count":0,"href":"https:\/\/amazonyguyane.fr\/wp-json\/wp\/v2\/product\/354028\/revisions"}],"wp:featuredmedia":[{"embeddable":true,"href":"https:\/\/amazonyguyane.fr\/wp-json\/wp\/v2\/media\/354029"}],"wp:attachment":[{"href":"https:\/\/amazonyguyane.fr\/wp-json\/wp\/v2\/media?parent=354028"}],"wp:term":[{"taxonomy":"product_brand","embeddable":true,"href":"https:\/\/amazonyguyane.fr\/wp-json\/wp\/v2\/product_brand?post=354028"},{"taxonomy":"product_cat","embeddable":true,"href":"https:\/\/amazonyguyane.fr\/wp-json\/wp\/v2\/product_cat?post=354028"},{"taxonomy":"product_tag","embeddable":true,"href":"https:\/\/amazonyguyane.fr\/wp-json\/wp\/v2\/product_tag?post=354028"}],"curies":[{"name":"wp","href":"https:\/\/api.w.org\/{rel}","templated":true}]}}