{"id":354112,"date":"2023-11-14T17:49:11","date_gmt":"2023-11-14T16:49:11","guid":{"rendered":"https:\/\/amazonyguyane.fr\/200-bobine-rouleaux-57-mm-x-40-mm-57-x-40-de-papier-thermique-pour-caisse-carte-bancaire-tpe-terminal-de-paiement-ticket-rouleaux\/"},"modified":"2023-11-14T17:49:11","modified_gmt":"2023-11-14T16:49:11","slug":"200-bobine-rouleaux-57-mm-x-40-mm-57-x-40-de-papier-thermique-pour-caisse-carte-bancaire-tpe-terminal-de-paiement-ticket-rouleaux","status":"publish","type":"product","link":"https:\/\/amazonyguyane.fr\/produit\/200-bobine-rouleaux-57-mm-x-40-mm-57-x-40-de-papier-thermique-pour-caisse-carte-bancaire-tpe-terminal-de-paiement-ticket-rouleaux\/","title":{"rendered":"200 Bobine rouleaux 57 mm x 40 mm 57 x 40 de Papier Thermique pour Caisse carte bancaire, tpe, terminal de paiement Ticket Rouleaux"},"content":{"rendered":"<p><!-- show up to 2 reviews by default -->                <\/p>\n<h3> <span>Description du produit<\/span> <\/h3>\n<p> <span>bobine carte bancaire thermique 57 x 40 x 12 m papier thermique carte bancaire (TPE) haute qualit\u00e9 rouleaux Bobine pour tickets de carte bancaire sans bpa.<\/span>  <\/p>\n<h3> <span>Clause de non-garantie<\/span> <\/h3>\n<p> <span>bobine carte bancaire thermique 57 x 40 x 12 m papier thermique carte bancaire (TPE) haute qualit\u00e9 rouleaux Bobine pour tickets de carte bancaire sans bpa. facture avec TVA d\u00e9ductible dans chaque commande ( si exp\u00e9di\u00e9 par solutions-imprimerie.com<\/span>  <\/p>\n<p><\/p>\n","protected":false},"excerpt":{"rendered":"<p>Description du produit bobine carte bancaire thermique 57 x 40 x 12 m papier thermique carte bancaire (TPE) haute qualit\u00e9 rouleaux Bobine pour tickets de carte bancaire sans bpa. Clause<\/p>\n","protected":false},"featured_media":354113,"comment_status":"","ping_status":"closed","template":"","meta":{"_acf_changed":false},"product_brand":[],"product_cat":[79546],"product_tag":[],"class_list":{"0":"post-354112","1":"product","2":"type-product","3":"status-publish","4":"has-post-thumbnail","6":"product_cat-terminal-de-paiement","8":"first","9":"instock","10":"taxable","11":"shipping-taxable","12":"purchasable","13":"product-type-simple","14":"add-to-wishlist-after_add_to_cart"},"acf":[],"_links":{"self":[{"href":"https:\/\/amazonyguyane.fr\/wp-json\/wp\/v2\/product\/354112","targetHints":{"allow":["GET"]}}],"collection":[{"href":"https:\/\/amazonyguyane.fr\/wp-json\/wp\/v2\/product"}],"about":[{"href":"https:\/\/amazonyguyane.fr\/wp-json\/wp\/v2\/types\/product"}],"replies":[{"embeddable":true,"href":"https:\/\/amazonyguyane.fr\/wp-json\/wp\/v2\/comments?post=354112"}],"version-history":[{"count":0,"href":"https:\/\/amazonyguyane.fr\/wp-json\/wp\/v2\/product\/354112\/revisions"}],"wp:featuredmedia":[{"embeddable":true,"href":"https:\/\/amazonyguyane.fr\/wp-json\/wp\/v2\/media\/354113"}],"wp:attachment":[{"href":"https:\/\/amazonyguyane.fr\/wp-json\/wp\/v2\/media?parent=354112"}],"wp:term":[{"taxonomy":"product_brand","embeddable":true,"href":"https:\/\/amazonyguyane.fr\/wp-json\/wp\/v2\/product_brand?post=354112"},{"taxonomy":"product_cat","embeddable":true,"href":"https:\/\/amazonyguyane.fr\/wp-json\/wp\/v2\/product_cat?post=354112"},{"taxonomy":"product_tag","embeddable":true,"href":"https:\/\/amazonyguyane.fr\/wp-json\/wp\/v2\/product_tag?post=354112"}],"curies":[{"name":"wp","href":"https:\/\/api.w.org\/{rel}","templated":true}]}}