{"id":354838,"date":"2023-11-14T18:17:36","date_gmt":"2023-11-14T17:17:36","guid":{"rendered":"https:\/\/amazonyguyane.fr\/schneider-led43sc610k-43\/"},"modified":"2023-11-14T18:17:36","modified_gmt":"2023-11-14T17:17:36","slug":"schneider-led43sc610k-43","status":"publish","type":"product","link":"https:\/\/amazonyguyane.fr\/produit\/schneider-led43sc610k-43\/","title":{"rendered":"SCHNEIDER &#8211; LED43SC610K &#8211; 43"},"content":{"rendered":"<p><!-- show up to 2 reviews by default -->                        <\/p>\n<p><span class=\"a-text-bold\">Caract\u00e9ristiques<\/span><\/p>\n<p><span> Dalle : D-LED <br \/>R\u00e9solution : 3840&#215;2160 <br \/> CPU : MSTAR <br \/> Fr\u00e9quence : 50\/60HZ <br \/>Contrast : Mega Contrast<br \/>Angle de vue (H|V in\u00b0) : 178|178<br \/>Puissance audio ( watts RMS) : 20(2&#215;10) <br \/>Dolby : Oui <\/span><\/p>\n<p><span class=\"a-text-bold\">Caract\u00e9ristiques compl\u00e9mentaires<\/span><\/p>\n<p><span>Diagonale : 43\u2019\u2019\/108cm <br \/> Type : DVB-T\/C <br \/> 3 HDMI : Version 1.4\/2.0 <br \/> HDMI : ARC\/CEC <br \/> TNT HD <br \/> Port USB : 2 <br \/>Couleur : Noir <br \/> Vesa : 200&#215;200 <br \/> Veille automatique <br \/> Timeshift <br \/>Poids :8kg<br \/>Hauteur du produit :61.6 cm<br \/>Profondeur du produit : 20.7 cm<br \/>Largeur :97.3 cm<\/span><\/p>\n<\/p>\n<p><\/p>\n","protected":false},"excerpt":{"rendered":"<p>Caract\u00e9ristiques Dalle : D-LED R\u00e9solution : 3840&#215;2160 CPU : MSTAR Fr\u00e9quence : 50\/60HZ Contrast : Mega ContrastAngle de vue (H|V in\u00b0) : 178|178Puissance audio ( watts RMS) : 20(2&#215;10) Dolby<\/p>\n","protected":false},"featured_media":354839,"comment_status":"","ping_status":"closed","template":"","meta":{"_acf_changed":false},"product_brand":[],"product_cat":[3951],"product_tag":[],"class_list":{"0":"post-354838","1":"product","2":"type-product","3":"status-publish","4":"has-post-thumbnail","6":"product_cat-television-connectee","8":"first","9":"instock","10":"taxable","11":"shipping-taxable","12":"purchasable","13":"product-type-simple","14":"add-to-wishlist-after_add_to_cart"},"acf":[],"_links":{"self":[{"href":"https:\/\/amazonyguyane.fr\/wp-json\/wp\/v2\/product\/354838","targetHints":{"allow":["GET"]}}],"collection":[{"href":"https:\/\/amazonyguyane.fr\/wp-json\/wp\/v2\/product"}],"about":[{"href":"https:\/\/amazonyguyane.fr\/wp-json\/wp\/v2\/types\/product"}],"replies":[{"embeddable":true,"href":"https:\/\/amazonyguyane.fr\/wp-json\/wp\/v2\/comments?post=354838"}],"version-history":[{"count":0,"href":"https:\/\/amazonyguyane.fr\/wp-json\/wp\/v2\/product\/354838\/revisions"}],"wp:featuredmedia":[{"embeddable":true,"href":"https:\/\/amazonyguyane.fr\/wp-json\/wp\/v2\/media\/354839"}],"wp:attachment":[{"href":"https:\/\/amazonyguyane.fr\/wp-json\/wp\/v2\/media?parent=354838"}],"wp:term":[{"taxonomy":"product_brand","embeddable":true,"href":"https:\/\/amazonyguyane.fr\/wp-json\/wp\/v2\/product_brand?post=354838"},{"taxonomy":"product_cat","embeddable":true,"href":"https:\/\/amazonyguyane.fr\/wp-json\/wp\/v2\/product_cat?post=354838"},{"taxonomy":"product_tag","embeddable":true,"href":"https:\/\/amazonyguyane.fr\/wp-json\/wp\/v2\/product_tag?post=354838"}],"curies":[{"name":"wp","href":"https:\/\/api.w.org\/{rel}","templated":true}]}}