{"id":356271,"date":"2023-11-16T17:46:05","date_gmt":"2023-11-16T16:46:05","guid":{"rendered":"https:\/\/amazonyguyane.fr\/drones-avec-2-cameras-hd-1080p-drone-quadricoptere-fpv-wifi-telecommande-pour-adulte-135-adjustable-mode-sans-tete-maintien-daltitude-360flips-2-batteries-cadeau-et-jouet-x-imvnl\/"},"modified":"2023-11-16T17:46:05","modified_gmt":"2023-11-16T16:46:05","slug":"drones-avec-2-cameras-hd-1080p-drone-quadricoptere-fpv-wifi-telecommande-pour-adulte-135-adjustable-mode-sans-tete-maintien-daltitude-360flips-2-batteries-cadeau-et-jouet-x-imvnl","status":"publish","type":"product","link":"https:\/\/amazonyguyane.fr\/?product=drones-avec-2-cameras-hd-1080p-drone-quadricoptere-fpv-wifi-telecommande-pour-adulte-135-adjustable-mode-sans-tete-maintien-daltitude-360flips-2-batteries-cadeau-et-jouet-x-imvnl","title":{"rendered":"Drones avec 2 Cam\u00e9ras HD 1080P, Drone Quadricopt\u00e8re FPV WiFi T\u00e9l\u00e9command\u00e9 pour Adulte, 135\u00b0 Adjustable, Mode sans T\u00eate, Maintien d&#8217;Altitude, 360\u00b0Flips, 2 Batteries, Cadeau et Jouet, X-IMVNLEI"},"content":{"rendered":"<li class=\"a-spacing-mini\"><span class=\"a-list-item\"> \u3010Cam\u00e9ra HD 1080P+Cam\u00e9ra r\u00e9glable \u00e9lectriquement\u3011 Le drone avec appareil photo 1080P HD vous offre une exp\u00e9rience agr\u00e9able pour prendre des photos et des vid\u00e9os. Capturez des images et enregistrez-les directement, vous pouvez partager la vue imprenable sur les r\u00e9seaux sociaux en un seul clic. L&#8217;angle de la cam\u00e9ra peut \u00eatre r\u00e9gl\u00e9 de 0 \u00b0 \u00e0 135 \u00b0 via la t\u00e9l\u00e9commande pour permettre une vision id\u00e9ale de la perspective des oiseaux.  <\/span><\/li>\n<li class=\"a-spacing-mini\"><span class=\"a-list-item\"> \u3010Batterie double protection haute performance\u3011Le paquet contient deux batteries modulaires de haute qualit\u00e9, qui vous offrent 20 minutes de temps de vol et une puissance suffisante. Pour la s\u00e9curit\u00e9 de la charge de la batterie, notre batterie modulaire utilise une puce de r\u00e9glage automatique avanc\u00e9e, qui s&#8217;ajustera automatiquement lorsque le courant est trop \u00e9lev\u00e9, ce qui la rend plus pratique et plus s\u00fbre pour nous.  <\/span><\/li>\n<li class=\"a-spacing-mini\"><span class=\"a-list-item\"> \u30102 Cam\u00e9ras &#8211; Positionnement du flux optique\u3011Ce drone est con\u00e7u avec deux cam\u00e9ras. La cam\u00e9ra au bas du drone dispose d&#8217;un capteur de positionnement optique int\u00e9gr\u00e9, qui peut non seulement \u00eatre utilis\u00e9 pour prendre des photos, mais \u00e9galement permettre au drone de planer pr\u00e9cis\u00e9ment dans la pi\u00e8ce, lib\u00e9rant les mains et facilitant le contr\u00f4le du drone. Ces fonctionnalit\u00e9s nous permettent de nous familiariser plus rapidement avec les drones.  <\/span><\/li>\n<li class=\"a-spacing-mini\"><span class=\"a-list-item\"> \u3010Fonctionnalit\u00e9s avanc\u00e9es intelligentes\u3011Notre drone a de multiples fonctions, comprend une fonction de d\u00e9collage \/ atterrissage avec un bouton, maintien d&#8217;altitude, 3D Flip, contr\u00f4le gestuel, trajectoire de vol personnalis\u00e9e, 3 vitesses, mode sans t\u00eate permettent \u00e0 tous les d\u00e9butants de s&#8217;initier facilement. Avec une op\u00e9ration simple, vous pouvez obtenir une exp\u00e9rience de vol plus int\u00e9ressante.  <\/span><\/li>\n<li class=\"a-spacing-mini\"><span class=\"a-list-item\"> \u3010Facile \u00e0 transporter sans prendre de place\u3011 Le drone quadricopt\u00e8re X17p adopte une conception pliable, qui permet d&#8217;\u00e9conomiser efficacement de l&#8217;espace et est facile \u00e0 transporter et \u00e0 ranger. Le poids du drone est de 115 grammes et les d\u00e9butants peuvent le piloter facilement. Un sac de rangement portable est inclus dans l&#8217;emballage, ce qui vous permet de ranger et de prot\u00e9ger correctement le drone pliable. Ce drone ferait un excellent cadeau lors d&#8217;anniversaires ou de vacances&nbsp;!  <\/span><\/li>\n<p><\/p>\n","protected":false},"excerpt":{"rendered":"<p>\u3010Cam\u00e9ra HD 1080P+Cam\u00e9ra r\u00e9glable \u00e9lectriquement\u3011 Le drone avec appareil photo 1080P HD vous offre une exp\u00e9rience agr\u00e9able pour prendre des photos et des vid\u00e9os. Capturez des images et enregistrez-les directement,<\/p>\n","protected":false},"featured_media":356272,"comment_status":"","ping_status":"closed","template":"","meta":{"_acf_changed":false},"product_brand":[],"product_cat":[26014],"product_tag":[],"class_list":{"0":"post-356271","1":"product","2":"type-product","3":"status-publish","4":"has-post-thumbnail","6":"product_cat-drone","8":"first","9":"instock","10":"taxable","11":"shipping-taxable","12":"purchasable","13":"product-type-simple","14":"add-to-wishlist-after_add_to_cart"},"acf":[],"_links":{"self":[{"href":"https:\/\/amazonyguyane.fr\/index.php?rest_route=\/wp\/v2\/product\/356271","targetHints":{"allow":["GET"]}}],"collection":[{"href":"https:\/\/amazonyguyane.fr\/index.php?rest_route=\/wp\/v2\/product"}],"about":[{"href":"https:\/\/amazonyguyane.fr\/index.php?rest_route=\/wp\/v2\/types\/product"}],"replies":[{"embeddable":true,"href":"https:\/\/amazonyguyane.fr\/index.php?rest_route=%2Fwp%2Fv2%2Fcomments&post=356271"}],"version-history":[{"count":0,"href":"https:\/\/amazonyguyane.fr\/index.php?rest_route=\/wp\/v2\/product\/356271\/revisions"}],"wp:featuredmedia":[{"embeddable":true,"href":"https:\/\/amazonyguyane.fr\/index.php?rest_route=\/wp\/v2\/media\/356272"}],"wp:attachment":[{"href":"https:\/\/amazonyguyane.fr\/index.php?rest_route=%2Fwp%2Fv2%2Fmedia&parent=356271"}],"wp:term":[{"taxonomy":"product_brand","embeddable":true,"href":"https:\/\/amazonyguyane.fr\/index.php?rest_route=%2Fwp%2Fv2%2Fproduct_brand&post=356271"},{"taxonomy":"product_cat","embeddable":true,"href":"https:\/\/amazonyguyane.fr\/index.php?rest_route=%2Fwp%2Fv2%2Fproduct_cat&post=356271"},{"taxonomy":"product_tag","embeddable":true,"href":"https:\/\/amazonyguyane.fr\/index.php?rest_route=%2Fwp%2Fv2%2Fproduct_tag&post=356271"}],"curies":[{"name":"wp","href":"https:\/\/api.w.org\/{rel}","templated":true}]}}