{"id":356900,"date":"2024-01-21T14:31:36","date_gmt":"2024-01-21T13:31:36","guid":{"rendered":"https:\/\/amazonyguyane.fr\/produit\/do-electr-busy-board-planche-montessori-tableau-montessori-planche-sensorielle-bois-developper-la-motricite-fine-des-enfants-de-1-a-6-ans\/"},"modified":"2024-01-21T14:31:36","modified_gmt":"2024-01-21T13:31:36","slug":"do-electr-busy-board-planche-montessori-tableau-montessori-planche-sensorielle-bois-developper-la-motricite-fine-des-enfants-de-1-a-6-ans","status":"publish","type":"product","link":"https:\/\/amazonyguyane.fr\/produit\/do-electr-busy-board-planche-montessori-tableau-montessori-planche-sensorielle-bois-developper-la-motricite-fine-des-enfants-de-1-a-6-ans\/","title":{"rendered":"Do-Electr Busy Board, Planche Montessori &#8211; Tableau Montessori &#8211; Planche Sensorielle Bois D\u00e9velopper la Motricit\u00e9 Fine des Enfants de 1 \u00e0 6 Ans"},"content":{"rendered":"<li class=\"a-spacing-mini\"><span class=\"a-list-item\"> \u3010Tableau Montessori occup\u00e9\u3011 Busy Board propose 9 activit\u00e9s d&#8217;apprentissage pour les jeunes enfants, dont un labyrinthe orbital, des exercices en bambou, des castagnettes, des perles tournantes, tapoter la lumi\u00e8re, une porte num\u00e9rique, des cloches, un labyrinthe de stylos et un spinner Fidget. Il aide au d\u00e9veloppement de la coordination \u0153il-main, de la reconnaissance des couleurs et des chiffres, ainsi que des capacit\u00e9s sensorielles de votre enfant !  <\/span><\/li>\n<li class=\"a-spacing-mini\"><span class=\"a-list-item\"> \u3010Conception amusante de panda\u3011 Ce Planche Montessori est bas\u00e9 sur le th\u00e8me des pandas mangeant du bambou. les parents peuvent jouer au jeu de la porte num\u00e9rique avec leurs enfants, leur permettant ainsi d&#8217;explorer le monde merveilleux des pandas.  <\/span><\/li>\n<li class=\"a-spacing-mini\"><span class=\"a-list-item\"> \u3010Respectueux de l&#8217;environnement\u3011 La planche occup\u00e9e est fabriqu\u00e9e avec du bois naturel de haute qualit\u00e9, durable et respectueux de l&#8217;environnement. Les bords sont lisses et les pi\u00e8ces sont bien fix\u00e9es, ce qui garantit que les b\u00e9b\u00e9s peuvent jouer en toute s\u00e9curit\u00e9.  <\/span><\/li>\n<li class=\"a-spacing-mini\"><span class=\"a-list-item\"> \u3010Parfait pour voyager\u3011 Le Busy Board divertit votre tout-petit partout o\u00f9 vous allez et est le compagnon id\u00e9al pour les longs voyages.  <\/span><\/li>\n<li class=\"a-spacing-mini\"><span class=\"a-list-item\"> \u3010Valeur \u00e9ducative\u3011 Le Panda Busy Board convient aux enfants \u00e2g\u00e9s de 1 \u00e0 6 ans et encourage un apprentissage ludique. Il \u00e9loigne les enfants des jeux vid\u00e9o et constitue un excellent cadeau pour les enfants.  <\/span><\/li>\n<p>Dimensions du produit (L x l x h)                                     \u200f                                          :                                     \u200e  10 x 10 x 10 cm; 1,43 kilogrammes                Code UNSPSC  :  60141100 (Jeux) Signaler un code incorrect              Num\u00e9ro du mod\u00e8le de l&#8217;article                                     \u200f                                          :                                     \u200e  xiongmao          ASIN                                     \u200f                                          :                                     \u200e  B0CCXKP89T<\/p>\n","protected":false},"excerpt":{"rendered":"<p>\u3010Tableau Montessori occup\u00e9\u3011 Busy Board propose 9 activit\u00e9s d&#8217;apprentissage pour les jeunes enfants, dont un labyrinthe orbital, des exercices en bambou, des castagnettes, des perles tournantes, tapoter la lumi\u00e8re, une<\/p>\n","protected":false},"featured_media":356901,"comment_status":"","ping_status":"closed","template":"","meta":{"_acf_changed":false},"product_brand":[],"product_cat":[36677],"product_tag":[],"class_list":{"0":"post-356900","1":"product","2":"type-product","3":"status-publish","4":"has-post-thumbnail","6":"product_cat-jouets-bebes","8":"first","9":"instock","10":"taxable","11":"shipping-taxable","12":"purchasable","13":"product-type-simple","14":"add-to-wishlist-after_add_to_cart"},"acf":[],"_links":{"self":[{"href":"https:\/\/amazonyguyane.fr\/wp-json\/wp\/v2\/product\/356900","targetHints":{"allow":["GET"]}}],"collection":[{"href":"https:\/\/amazonyguyane.fr\/wp-json\/wp\/v2\/product"}],"about":[{"href":"https:\/\/amazonyguyane.fr\/wp-json\/wp\/v2\/types\/product"}],"replies":[{"embeddable":true,"href":"https:\/\/amazonyguyane.fr\/wp-json\/wp\/v2\/comments?post=356900"}],"version-history":[{"count":0,"href":"https:\/\/amazonyguyane.fr\/wp-json\/wp\/v2\/product\/356900\/revisions"}],"wp:featuredmedia":[{"embeddable":true,"href":"https:\/\/amazonyguyane.fr\/wp-json\/wp\/v2\/media\/356901"}],"wp:attachment":[{"href":"https:\/\/amazonyguyane.fr\/wp-json\/wp\/v2\/media?parent=356900"}],"wp:term":[{"taxonomy":"product_brand","embeddable":true,"href":"https:\/\/amazonyguyane.fr\/wp-json\/wp\/v2\/product_brand?post=356900"},{"taxonomy":"product_cat","embeddable":true,"href":"https:\/\/amazonyguyane.fr\/wp-json\/wp\/v2\/product_cat?post=356900"},{"taxonomy":"product_tag","embeddable":true,"href":"https:\/\/amazonyguyane.fr\/wp-json\/wp\/v2\/product_tag?post=356900"}],"curies":[{"name":"wp","href":"https:\/\/api.w.org\/{rel}","templated":true}]}}