{"id":357492,"date":"2024-03-08T18:21:37","date_gmt":"2024-03-08T17:21:37","guid":{"rendered":"https:\/\/amazonyguyane.fr\/?product=starlink-cable-ethernet-starlink-haute-performance-5-m"},"modified":"2024-03-08T18:21:37","modified_gmt":"2024-03-08T17:21:37","slug":"starlink-cable-ethernet-starlink-haute-performance-5-m","status":"publish","type":"product","link":"https:\/\/amazonyguyane.fr\/produit\/starlink-cable-ethernet-starlink-haute-performance-5-m\/","title":{"rendered":"Starlink C\u00e2ble Ethernet Starlink haute performance 5 m"},"content":{"rendered":"<p><!-- show up to 2 reviews by default -->                        <\/p>\n<p> <span>Le c\u00e2ble Ethernet de 5 m est con\u00e7u pour remplacer le c\u00e2ble du kit Starlink haute performance entre l&#8217;alimentation et le connecteur RJ45 (pour les routeurs ou appareils tiers). Compatibilit\u00e9 : kit Starlink haute performance, Starlink plat haute performance<\/span>  <\/p>\n<p>Code UNSPSC  :  26121609 (C\u00e2bles de r\u00e9seau) Signaler un code incorrect              Date de mise en ligne sur Amazon.fr                                     \u200f                                          :                                     \u200e  4 janvier 2024                                  Fabricant                                     \u200f                                          :                                     \u200e  Starlink          ASIN                                     \u200f                                          :                                     \u200e  B0CRK1551H          R\u00e9f\u00e9rence constructeur                                     \u200f                                          :                                     \u200e  NTC198168875001          Disponibilit\u00e9 des pi\u00e8ces d\u00e9tach\u00e9es                                     \u200f                                          :                                     \u200e  Information indisponible sur les pi\u00e8ces d\u00e9tach\u00e9es<\/p>\n","protected":false},"excerpt":{"rendered":"<p>Le c\u00e2ble Ethernet de 5 m est con\u00e7u pour remplacer le c\u00e2ble du kit Starlink haute performance entre l&#8217;alimentation et le connecteur RJ45 (pour les routeurs ou appareils tiers). Compatibilit\u00e9<\/p>\n","protected":false},"featured_media":357493,"comment_status":"","ping_status":"closed","template":"","meta":{"_acf_changed":false},"product_brand":[],"product_cat":[104776],"product_tag":[],"class_list":{"0":"post-357492","1":"product","2":"type-product","3":"status-publish","4":"has-post-thumbnail","6":"product_cat-starlink","8":"first","9":"instock","10":"taxable","11":"shipping-taxable","12":"purchasable","13":"product-type-simple","14":"add-to-wishlist-after_add_to_cart"},"acf":[],"_links":{"self":[{"href":"https:\/\/amazonyguyane.fr\/wp-json\/wp\/v2\/product\/357492","targetHints":{"allow":["GET"]}}],"collection":[{"href":"https:\/\/amazonyguyane.fr\/wp-json\/wp\/v2\/product"}],"about":[{"href":"https:\/\/amazonyguyane.fr\/wp-json\/wp\/v2\/types\/product"}],"replies":[{"embeddable":true,"href":"https:\/\/amazonyguyane.fr\/wp-json\/wp\/v2\/comments?post=357492"}],"version-history":[{"count":0,"href":"https:\/\/amazonyguyane.fr\/wp-json\/wp\/v2\/product\/357492\/revisions"}],"wp:featuredmedia":[{"embeddable":true,"href":"https:\/\/amazonyguyane.fr\/wp-json\/wp\/v2\/media\/357493"}],"wp:attachment":[{"href":"https:\/\/amazonyguyane.fr\/wp-json\/wp\/v2\/media?parent=357492"}],"wp:term":[{"taxonomy":"product_brand","embeddable":true,"href":"https:\/\/amazonyguyane.fr\/wp-json\/wp\/v2\/product_brand?post=357492"},{"taxonomy":"product_cat","embeddable":true,"href":"https:\/\/amazonyguyane.fr\/wp-json\/wp\/v2\/product_cat?post=357492"},{"taxonomy":"product_tag","embeddable":true,"href":"https:\/\/amazonyguyane.fr\/wp-json\/wp\/v2\/product_tag?post=357492"}],"curies":[{"name":"wp","href":"https:\/\/api.w.org\/{rel}","templated":true}]}}