{"id":358507,"date":"2024-03-22T23:32:36","date_gmt":"2024-03-22T22:32:36","guid":{"rendered":"https:\/\/amazonyguyane.fr\/?product=systeme-dirrigation-jardin-310pcs-kit-dirrigation-goutte-60m20m-kit-arrosage-automatique-kit-dirrigation-goutte-a-goutte-systeme-dirrigation-pour-jardin-pour-jardin-pelouse-serre-plantes"},"modified":"2024-03-22T23:32:36","modified_gmt":"2024-03-22T22:32:36","slug":"systeme-dirrigation-jardin-310pcs-kit-dirrigation-goutte-60m20m-kit-arrosage-automatique-kit-dirrigation-goutte-a-goutte-systeme-dirrigation-pour-jardin-pour-jardin-pelouse-serre-plantes","status":"publish","type":"product","link":"https:\/\/amazonyguyane.fr\/produit\/systeme-dirrigation-jardin-310pcs-kit-dirrigation-goutte-60m20m-kit-arrosage-automatique-kit-dirrigation-goutte-a-goutte-systeme-dirrigation-pour-jardin-pour-jardin-pelouse-serre-plantes\/","title":{"rendered":"Syst\u00e8me d&#8217;irrigation Jardin, 310Pcs Kit d&#8217;irrigation Goutte, 60m+20m Kit Arrosage Automatique, Kit d&#8217;irrigation Goutte \u00e0 Goutte Syst\u00e8me d&#8217;irrigation pour Jardin pour Jardin pelouse Serre Plantes"},"content":{"rendered":"<p><!-- show up to 2 reviews by default -->                        <\/p>\n<p> <span><br \/><\/span><span class=\"a-text-bold\">Kit d&#8217;irrigation 60M + 20M, Syst\u00e8me d&#8217;irrigation Jardin <br \/><\/span><span class=\"a-text-bold\"> <br \/><\/span><span class=\"a-text-bold\">Veuillez noter : <br \/><\/span><span class=\"a-text-bold\">&#8212;- Si la pression de l&#8217;eau est faible, la performance finale de l&#8217;eau sera m\u00e9diocre. Il est recommand\u00e9 d&#8217;utiliser plusieurs tuyaux en m\u00eame temps. Chaque tube est reli\u00e9 \u00e0 un certain nombre de goutteurs en fonction de la pression r\u00e9elle de l&#8217;eau. <br \/><\/span><span class=\"a-text-bold\">&#8212;- Faire tremper la partie connect\u00e9e du tuyau dans de l&#8217;eau chaude pendant 10 secondes avant l&#8217;assemblage. <br \/><\/span><span class=\"a-text-bold\">&#8212;-Facile \u00e0 personnaliser et \u00e0 \u00e9tendre votre syst\u00e8me. Des tuyaux, des goutteurs et des accessoires suppl\u00e9mentaires vous permettent de personnaliser votre syst\u00e8me en fonction de votre paysage. <br \/><\/span><span class=\"a-text-bold\"> <br \/><\/span><span class=\"a-text-bold\">310 Pcs Micro Irrigation Goutte \u00e0 Goutte Kit Arrosage Emballage : <br \/><\/span><span class=\"a-text-bold\">60m x 4\/7 Tube PVC <br \/><\/span><span class=\"a-text-bold\">20m x 8\/12 Tube PVC <br \/><\/span><span class=\"a-text-bold\">50 \u00d7 Crochet de support <br \/><\/span><span class=\"a-text-bold\">40 x Goutteur r\u00e9glable <br \/><\/span><span class=\"a-text-bold\">40 \u00d7 Connecteur en T <br \/><\/span><span class=\"a-text-bold\">6 \u00d7 Conversion 8\/12 Connecteur 4\/7 3 voies <br \/><\/span><span class=\"a-text-bold\">4 \u00d7 Conversion 8\/12 Connecteur 4\/7 4 voies <br \/><\/span><span class=\"a-text-bold\">2 \u00d7 Conversion 8\/12 Connecteur 4\/7 6 voies <br \/><\/span><span class=\"a-text-bold\">2 \u00d7 8\/12 Connecteur rapide <br \/><\/span><span class=\"a-text-bold\">1 \u00d7 Conversion 4\/6 connecteur 4\/7 <br \/><\/span><span class=\"a-text-bold\">1 \u00d7 perforatrice <br \/><\/span><span class=\"a-text-bold\">4 \u00d7 mini-interrupteur <br \/><\/span><span class=\"a-text-bold\">2 \u00d7 Ruban adh\u00e9sif <br \/><\/span><span class=\"a-text-bold\">1 x Connecteur Universel <br \/><\/span><span class=\"a-text-bold\">1 x Connecteur de 2 voies <br \/><\/span><span class=\"a-text-bold\">15 x Buse d&#8217;atomisation <br \/><\/span><span class=\"a-text-bold\">10 x Buse de mise \u00e0 la terre rouge <br \/><\/span><span class=\"a-text-bold\">10 x Buse de mise \u00e0 la terre bleue <br \/><\/span><span class=\"a-text-bold\">12 x 4\/7 Accouplement plat <br \/><\/span><span class=\"a-text-bold\">12 x 4\/7 Accouplement barbel\u00e9 <br \/><\/span><span class=\"a-text-bold\">15 x Connecteur plat en T <br \/><\/span><span class=\"a-text-bold\">60 x attaches en fil de nylon <br \/><\/span><span class=\"a-text-bold\">2 \u00d7 8\/12 Connecteur en T <br \/><\/span><span class=\"a-text-bold\">15 x 4\/7 Embouts <br \/><\/span><span class=\"a-text-bold\">2 x 8\/12 Embouts <br \/><\/span><span class=\"a-text-bold\">1 x manuel<\/span>  <\/p>\n<p>Code UNSPSC  :  21102500 (\u00c9quipement et syst\u00e8mes d\u2019irrigation) Signaler un code incorrect              Dimensions du colis                                     \u200f                                          :                                     \u200e  38,4 x 30,3 x 14 cm; 3,34 kilogrammes          Date de mise en ligne sur Amazon.fr                                     \u200f                                          :                                     \u200e  13 d\u00e9cembre 2023                                  ASIN                                     \u200f                                          :                                     \u200e  B0CQ4BH6M9          R\u00e9f\u00e9rence constructeur                                     \u200f                                          :                                     \u200e  1          Pays d&#8217;origine                                     \u200f                                          :                                     \u200e  Chine          Disponibilit\u00e9 des pi\u00e8ces d\u00e9tach\u00e9es                                     \u200f                                          :                                     \u200e  Information indisponible sur les pi\u00e8ces d\u00e9tach\u00e9es<\/p>\n","protected":false},"excerpt":{"rendered":"<p>Kit d&#8217;irrigation 60M + 20M, Syst\u00e8me d&#8217;irrigation Jardin Veuillez noter : &#8212;- Si la pression de l&#8217;eau est faible, la performance finale de l&#8217;eau sera m\u00e9diocre. Il est recommand\u00e9 d&#8217;utiliser<\/p>\n","protected":false},"featured_media":358508,"comment_status":"","ping_status":"closed","template":"","meta":{"_acf_changed":false},"product_brand":[],"product_cat":[104840],"product_tag":[],"class_list":{"0":"post-358507","1":"product","2":"type-product","3":"status-publish","4":"has-post-thumbnail","6":"product_cat-arrosage-automatique","8":"first","9":"instock","10":"taxable","11":"shipping-taxable","12":"purchasable","13":"product-type-simple","14":"add-to-wishlist-after_add_to_cart"},"acf":[],"_links":{"self":[{"href":"https:\/\/amazonyguyane.fr\/wp-json\/wp\/v2\/product\/358507","targetHints":{"allow":["GET"]}}],"collection":[{"href":"https:\/\/amazonyguyane.fr\/wp-json\/wp\/v2\/product"}],"about":[{"href":"https:\/\/amazonyguyane.fr\/wp-json\/wp\/v2\/types\/product"}],"replies":[{"embeddable":true,"href":"https:\/\/amazonyguyane.fr\/wp-json\/wp\/v2\/comments?post=358507"}],"version-history":[{"count":0,"href":"https:\/\/amazonyguyane.fr\/wp-json\/wp\/v2\/product\/358507\/revisions"}],"wp:featuredmedia":[{"embeddable":true,"href":"https:\/\/amazonyguyane.fr\/wp-json\/wp\/v2\/media\/358508"}],"wp:attachment":[{"href":"https:\/\/amazonyguyane.fr\/wp-json\/wp\/v2\/media?parent=358507"}],"wp:term":[{"taxonomy":"product_brand","embeddable":true,"href":"https:\/\/amazonyguyane.fr\/wp-json\/wp\/v2\/product_brand?post=358507"},{"taxonomy":"product_cat","embeddable":true,"href":"https:\/\/amazonyguyane.fr\/wp-json\/wp\/v2\/product_cat?post=358507"},{"taxonomy":"product_tag","embeddable":true,"href":"https:\/\/amazonyguyane.fr\/wp-json\/wp\/v2\/product_tag?post=358507"}],"curies":[{"name":"wp","href":"https:\/\/api.w.org\/{rel}","templated":true}]}}