{"id":358609,"date":"2024-03-22T23:35:01","date_gmt":"2024-03-22T22:35:01","guid":{"rendered":"https:\/\/amazonyguyane.fr\/?product=systeme-dirrigation-jardin-263pcs-kit-dirrigation-goutte-kit-dirrigation-goutte-a-goutte-automatique-avec-5015m-tuyaukit-arrosage-automatique-pour-jardin-pelouse-serre-plantes"},"modified":"2024-03-22T23:35:01","modified_gmt":"2024-03-22T22:35:01","slug":"systeme-dirrigation-jardin-263pcs-kit-dirrigation-goutte-kit-dirrigation-goutte-a-goutte-automatique-avec-5015m-tuyaukit-arrosage-automatique-pour-jardin-pelouse-serre-plantes","status":"publish","type":"product","link":"https:\/\/amazonyguyane.fr\/?product=systeme-dirrigation-jardin-263pcs-kit-dirrigation-goutte-kit-dirrigation-goutte-a-goutte-automatique-avec-5015m-tuyaukit-arrosage-automatique-pour-jardin-pelouse-serre-plantes","title":{"rendered":"Syst\u00e8me d&#8217;irrigation Jardin, 263Pcs Kit d&#8217;irrigation Goutte, Kit d&#8217;irrigation Goutte \u00e0 Goutte Automatique avec 50+15m Tuyau,Kit arrosage Automatique pour Jardin pelouse Serre Plantes"},"content":{"rendered":"<p><!-- show up to 2 reviews by default -->                        <\/p>\n<p> <span class=\"a-text-bold\">\ud83d\udca6Kit d&#8217;irrigation 50M + 15M, Syst\u00e8me d&#8217;irrigation Jardin<\/span><span><\/p>\n<p> \u2705Pourquoi nous choisir ?<br \/> Appliquer le kit d&#8217;irrigation goutte \u00e0 goutte peut \u00e9conomiser jusqu&#8217;\u00e0 70 % d&#8217;eau sans perdre de temps ni d&#8217;arrosage. Le syst\u00e8me d&#8217;arrosage pr\u00e9cis fournit lentement la bonne quantit\u00e9 d&#8217;eau l\u00e0 o\u00f9 votre plante en a besoin dans la zone racinaire.<\/p>\n<p> 263 Pcs Micro Irrigation Goutte \u00e0 Goutte Kit Arrosage Emballage :<br \/> 50m x 4\/7 Tube PVC<br \/> 15m x 8\/11 Tube PVC<br \/> 50 \u00d7 Crochet de support<br \/> 30 x Goutteur r\u00e9glable<br \/> 30 \u00d7 Connecteur en T<br \/> 2 \u00d7 Conversion 8\/12 Connecteur 4\/7 3 voies<br \/> 2 \u00d7 Conversion 8\/12 Connecteur 4\/7 4 voies<br \/> 4 \u00d7 Conversion 8\/12 Connecteur 4\/7 6 voies<br \/> 2 \u00d7 8\/12 Connecteur rapide<br \/> 5 x Buse de mise \u00e0 la terre rouge<br \/> 5 x Buse de mise \u00e0 la terre bleue<br \/> 2 \u00d7 mini-interrupteur<br \/> 2 \u00d7 Ruban adh\u00e9sif<br \/> 1 \u00d7 Connecteur de robinet<br \/> 1 x Connecteur Universel<br \/> 1 x Connecteur de 2 voies<br \/> 20 x Buse d&#8217;atomisation<br \/> 10 x 4\/7 Barb<br \/> 10 x 4\/7 Accouplement barbel\u00e9<br \/> 20 x Connecteur plat en T<br \/> 50 x attaches en fil de nylon<br \/> 1 \u00d7 8\/12 Connecteur en T<br \/> 10 x 4\/7 Embouts<br \/> 2 x 8\/12 Embouts<br \/> 1 x manuel<\/p>\n<p> Veuillez noter :<\/p>\n<p> &#8211; Si la pression de l&#8217;eau est faible, la performance finale de l&#8217;eau sera m\u00e9diocre. Il est recommand\u00e9 d&#8217;utiliser plusieurs tuyaux en m\u00eame temps. Chaque tube est reli\u00e9 \u00e0 un certain nombre de goutteurs en fonction de la pression r\u00e9elle de l&#8217;eau.<\/p>\n<p> &#8211; Faire tremper la partie connect\u00e9e du tuyau dans de l&#8217;eau chaude pendant 10 secondes avant l&#8217;assemblage.<\/p>\n<p> &#8211; Facile \u00e0 personnaliser et \u00e0 \u00e9tendre votre syst\u00e8me. Des tuyaux, des goutteurs et des accessoires suppl\u00e9mentaires vous permettent de personnaliser votre syst\u00e8me en fonction de votre paysage.<\/p>\n<p><\/span>  <\/p>\n<p>Code UNSPSC  :  21102500 (\u00c9quipement et syst\u00e8mes d\u2019irrigation) Signaler un code incorrect              Dimensions du colis                                     \u200f                                          :                                     \u200e  34,2 x 26,9 x 12,5 cm; 2,62 kilogrammes          Date de mise en ligne sur Amazon.fr                                     \u200f                                          :                                     \u200e  29 d\u00e9cembre 2023                                  Fabricant                                     \u200f                                          :                                     \u200e  0          ASIN                                     \u200f                                          :                                     \u200e  B00R8H5TSQ          R\u00e9f\u00e9rence constructeur                                     \u200f                                          :                                     \u200e  1          Pays d&#8217;origine                                     \u200f                                          :                                     \u200e  Chine          Disponibilit\u00e9 des pi\u00e8ces d\u00e9tach\u00e9es                                     \u200f                                          :                                     \u200e  Information indisponible sur les pi\u00e8ces d\u00e9tach\u00e9es<\/p>\n","protected":false},"excerpt":{"rendered":"<p>\ud83d\udca6Kit d&#8217;irrigation 50M + 15M, Syst\u00e8me d&#8217;irrigation Jardin \u2705Pourquoi nous choisir ? Appliquer le kit d&#8217;irrigation goutte \u00e0 goutte peut \u00e9conomiser jusqu&#8217;\u00e0 70 % d&#8217;eau sans perdre de temps ni<\/p>\n","protected":false},"featured_media":358610,"comment_status":"","ping_status":"closed","template":"","meta":{"_acf_changed":false},"product_brand":[],"product_cat":[104840],"product_tag":[],"class_list":{"0":"post-358609","1":"product","2":"type-product","3":"status-publish","4":"has-post-thumbnail","6":"product_cat-arrosage-automatique","8":"first","9":"instock","10":"taxable","11":"shipping-taxable","12":"purchasable","13":"product-type-simple","14":"add-to-wishlist-after_add_to_cart"},"acf":[],"_links":{"self":[{"href":"https:\/\/amazonyguyane.fr\/index.php?rest_route=\/wp\/v2\/product\/358609","targetHints":{"allow":["GET"]}}],"collection":[{"href":"https:\/\/amazonyguyane.fr\/index.php?rest_route=\/wp\/v2\/product"}],"about":[{"href":"https:\/\/amazonyguyane.fr\/index.php?rest_route=\/wp\/v2\/types\/product"}],"replies":[{"embeddable":true,"href":"https:\/\/amazonyguyane.fr\/index.php?rest_route=%2Fwp%2Fv2%2Fcomments&post=358609"}],"version-history":[{"count":0,"href":"https:\/\/amazonyguyane.fr\/index.php?rest_route=\/wp\/v2\/product\/358609\/revisions"}],"wp:featuredmedia":[{"embeddable":true,"href":"https:\/\/amazonyguyane.fr\/index.php?rest_route=\/wp\/v2\/media\/358610"}],"wp:attachment":[{"href":"https:\/\/amazonyguyane.fr\/index.php?rest_route=%2Fwp%2Fv2%2Fmedia&parent=358609"}],"wp:term":[{"taxonomy":"product_brand","embeddable":true,"href":"https:\/\/amazonyguyane.fr\/index.php?rest_route=%2Fwp%2Fv2%2Fproduct_brand&post=358609"},{"taxonomy":"product_cat","embeddable":true,"href":"https:\/\/amazonyguyane.fr\/index.php?rest_route=%2Fwp%2Fv2%2Fproduct_cat&post=358609"},{"taxonomy":"product_tag","embeddable":true,"href":"https:\/\/amazonyguyane.fr\/index.php?rest_route=%2Fwp%2Fv2%2Fproduct_tag&post=358609"}],"curies":[{"name":"wp","href":"https:\/\/api.w.org\/{rel}","templated":true}]}}