{"id":360675,"date":"2025-05-21T16:59:50","date_gmt":"2025-05-21T19:59:50","guid":{"rendered":"https:\/\/amazonyguyane.fr\/?product=justech-adaptateur-de-tuyau-starlink-gen-3-kit-de-montage-de-ladaptateur-poteau-360-rotation-20-inclinaison-alliage-daluminium-pour-starlink-standard-dish-v3-bequille"},"modified":"2025-05-21T16:59:50","modified_gmt":"2025-05-21T19:59:50","slug":"justech-adaptateur-de-tuyau-starlink-gen-3-kit-de-montage-de-ladaptateur-poteau-360-rotation-20-inclinaison-alliage-daluminium-pour-starlink-standard-dish-v3-bequille","status":"publish","type":"product","link":"https:\/\/amazonyguyane.fr\/produit\/justech-adaptateur-de-tuyau-starlink-gen-3-kit-de-montage-de-ladaptateur-poteau-360-rotation-20-inclinaison-alliage-daluminium-pour-starlink-standard-dish-v3-bequille\/","title":{"rendered":"Justech Adaptateur de Tuyau Starlink Gen 3 Kit de Montage de l\u2019adaptateur Poteau 360 \u00b0 Rotation 20 \u00b0 Inclinaison Alliage d\u2019aluminium pour Starlink Standard Dish, V3 B\u00e9quille Dishy 25 mm-53 mm"},"content":{"rendered":"<li class=\"a-spacing-mini\"><span class=\"a-list-item\"> \u3010Ultra-Adaptabilit\u00e9\u3011Starlink Gen 3 adaptateur de tuyau est con\u00e7u pour se fixer \u00e0 n\u2019importe quel poteau existant d\u2019un diam\u00e8tre minimum de 25 mm (1 po) et d\u2019un diam\u00e8tre maximum de 53 mm (2.1 po)  <\/span><\/li>\n<li class=\"a-spacing-mini\"><span class=\"a-list-item\"> \u3010Adaptateur de Poteau Robuste de Stabilit\u00e9 Gen3\u3011L\u2019adaptateur de tuyau Starlink Gen 3 est fabriqu\u00e9 en alliage d\u2019aluminium pour une installation robuste et facile, la poign\u00e9e est suffisamment profonde pour maintenir la tige en toute s\u00e9curit\u00e9, et le kit de montage Starlink Gen 3 comprend 6 vis triangulaires am\u00e9lior\u00e9es en alliage d\u2019aluminium de haute qualit\u00e9, qui ont \u00e9t\u00e9 rigoureusement test\u00e9es pour une utilisation \u00e0 long terme dans des environnements difficiles sans dommage  <\/span><\/li>\n<li class=\"a-spacing-mini\"><span class=\"a-list-item\"> \u3010Angle R\u00e9glable\u3011Starlink Gen 3 Adaptateur de Tuyau prend en charge la rotation \u00e0 360 degr\u00e9s et l\u2019inclinaison \u00e0 20 degr\u00e9s pour garantir que l\u2019antenne parabolique est toujours sur le bon stick directionnel lors de la r\u00e9ception  <\/span><\/li>\n<li class=\"a-spacing-mini\"><span class=\"a-list-item\"> \u3010Applicable \u00e0 une Vari\u00e9t\u00e9 de Sc\u00e9narios\u3011Starlink Gen 3 Adaptateur de Tuyau convient \u00e0 divers sc\u00e9narios d\u2019installation, y compris les toits, les murs, les poteaux de sol, les plates-formes, etc., pour r\u00e9pondre \u00e0 diff\u00e9rents besoins d\u2019installation  <\/span><\/li>\n<li class=\"a-spacing-mini\"><span class=\"a-list-item\"> \u3010Starlink Gen 3 Adaptateur de Tuyau Kit Contient\u30111x Adaptateur de tuyau, 1x Cl\u00e9 en L, 2x Vis Courtes, 6x Vis Longues, 2x Tapis \u00e0 Gratter, 1x Manuel d\u2019utilisation  <\/span><\/li>\n<p>Code UNSPSC  :  39121400 (Cosses, fiches et connecteurs \u00e9lectriques) Signaler un code incorrect              Dimensions du produit (L x l x h)                                     \u200f                                      :                                     \u200e     19,99 x 15,01 x 11 cm; 710 grammes          Date de mise en ligne sur Amazon.fr                                     \u200f                                      :                                     \u200e     17 janvier 2025                                  Fabricant                                     \u200f                                      :                                     \u200e     Justech          ASIN                                     \u200f                                      :                                     \u200e     B0DT9FBDV6          Num\u00e9ro du mod\u00e8le de l&#8217;article                                     \u200f                                      :                                     \u200e     SL014          Pays d&#8217;origine                                     \u200f                                      :                                     \u200e     Chine          Disponibilit\u00e9 des pi\u00e8ces d\u00e9tach\u00e9es                                     \u200f                                      :                                     \u200e     Information indisponible sur les pi\u00e8ces d\u00e9tach\u00e9es              Classement des meilleures ventes d&#8217;Amazon :  23\u202f200 en High-Tech (Voir les 100 premiers en High-Tech) 21 en Fixations murales      Commentaires client&nbsp;:                                5,0               5,0 sur 5&nbsp;\u00e9toiles                (2)<\/p>\n","protected":false},"excerpt":{"rendered":"<p>\u3010Ultra-Adaptabilit\u00e9\u3011Starlink Gen 3 adaptateur de tuyau est con\u00e7u pour se fixer \u00e0 n\u2019importe quel poteau existant d\u2019un diam\u00e8tre minimum de 25 mm (1 po) et d\u2019un diam\u00e8tre maximum de 53<\/p>\n","protected":false},"featured_media":360676,"comment_status":"","ping_status":"closed","template":"","meta":{"_acf_changed":false},"product_brand":[],"product_cat":[104986],"product_tag":[],"class_list":{"0":"post-360675","1":"product","2":"type-product","3":"status-publish","4":"has-post-thumbnail","6":"product_cat-starlink-v3","8":"first","9":"instock","10":"taxable","11":"shipping-taxable","12":"purchasable","13":"product-type-simple","14":"add-to-wishlist-after_add_to_cart"},"acf":[],"_links":{"self":[{"href":"https:\/\/amazonyguyane.fr\/wp-json\/wp\/v2\/product\/360675","targetHints":{"allow":["GET"]}}],"collection":[{"href":"https:\/\/amazonyguyane.fr\/wp-json\/wp\/v2\/product"}],"about":[{"href":"https:\/\/amazonyguyane.fr\/wp-json\/wp\/v2\/types\/product"}],"replies":[{"embeddable":true,"href":"https:\/\/amazonyguyane.fr\/wp-json\/wp\/v2\/comments?post=360675"}],"version-history":[{"count":0,"href":"https:\/\/amazonyguyane.fr\/wp-json\/wp\/v2\/product\/360675\/revisions"}],"wp:featuredmedia":[{"embeddable":true,"href":"https:\/\/amazonyguyane.fr\/wp-json\/wp\/v2\/media\/360676"}],"wp:attachment":[{"href":"https:\/\/amazonyguyane.fr\/wp-json\/wp\/v2\/media?parent=360675"}],"wp:term":[{"taxonomy":"product_brand","embeddable":true,"href":"https:\/\/amazonyguyane.fr\/wp-json\/wp\/v2\/product_brand?post=360675"},{"taxonomy":"product_cat","embeddable":true,"href":"https:\/\/amazonyguyane.fr\/wp-json\/wp\/v2\/product_cat?post=360675"},{"taxonomy":"product_tag","embeddable":true,"href":"https:\/\/amazonyguyane.fr\/wp-json\/wp\/v2\/product_tag?post=360675"}],"curies":[{"name":"wp","href":"https:\/\/api.w.org\/{rel}","templated":true}]}}