{"id":361171,"date":"2025-05-21T17:21:23","date_gmt":"2025-05-21T20:21:23","guid":{"rendered":"https:\/\/amazonyguyane.fr\/?product=sac-a-dos-de-voyage-bewinner-sac-de-voyage-rigide-starlink-sac-a-dos-de-trekking-sac-pour-transporter-mini-etui-de-rangement-gris-44-x-32-x-13-cm"},"modified":"2025-05-21T17:21:23","modified_gmt":"2025-05-21T20:21:23","slug":"sac-a-dos-de-voyage-bewinner-sac-de-voyage-rigide-starlink-sac-a-dos-de-trekking-sac-pour-transporter-mini-etui-de-rangement-gris-44-x-32-x-13-cm","status":"publish","type":"product","link":"https:\/\/amazonyguyane.fr\/produit\/sac-a-dos-de-voyage-bewinner-sac-de-voyage-rigide-starlink-sac-a-dos-de-trekking-sac-pour-transporter-mini-etui-de-rangement-gris-44-x-32-x-13-cm\/","title":{"rendered":"Sac \u00e0 Dos de Voyage Bewinner, Sac de Voyage Rigide Starlink, Sac \u00e0 Dos de Trekking, Sac pour Transporter Mini \u00e9tui de Rangement, Gris, 44 x 32 x 13 cm"},"content":{"rendered":"<li class=\"a-spacing-mini\"><span class=\"a-list-item\"> Grande capacit\u00e9 : ce sac \u00e0 dos peut contenir la vaisselle et ses accessoires, y compris le c\u00e2ble, l&#8217;alimentation, la b\u00e9quille et l&#8217;adaptateur de tuyau, tous ensemble facilement et plus encore. Con\u00e7u avec un coussin doux. Le dos respirant assure le confort et emp\u00eache la fatigue, m\u00eame lors d&#8217;un port prolong\u00e9. Avec une structure robuste r\u00e9sistante \u00e0 l&#8217;\u00e9crasement, cette mallette de voyage prot\u00e8ge vos accessoires contre les chocs et les pressions.  <\/span><\/li>\n<li class=\"a-spacing-mini\"><span class=\"a-list-item\"> Compartiments sur mesure : le sac comprend des compartiments moul\u00e9s sp\u00e9cialement con\u00e7us pour maintenir la vaisselle, le routeur, l&#8217;alimentation et les c\u00e2bles en toute s\u00e9curit\u00e9, r\u00e9duisant ainsi les mouvements et les dommages potentiels pendant le transport.  <\/span><\/li>\n<li class=\"a-spacing-mini\"><span class=\"a-list-item\"> Design l\u00e9ger : malgr\u00e9 sa construction r\u00e9sistante \u00e0 l&#8217;usure et ses caract\u00e9ristiques de protection, le sac est con\u00e7u pour \u00eatre l\u00e9ger, ce qui le rend facile \u00e0 transporter sans ajouter de poids inutile \u00e0 votre charge.  <\/span><\/li>\n<li class=\"a-spacing-mini\"><span class=\"a-list-item\"> Utilisation polyvalente : le sac peut \u00eatre utilis\u00e9 \u00e0 d&#8217;autres fins, tels que le transport de mat\u00e9riel de camping, de mat\u00e9riel de photographie ou d&#8217;autres appareils \u00e9lectroniques, ce qui en fait un ajout polyvalent \u00e0 votre \u00e9quipement de voyage. \u00c9quip\u00e9 d&#8217;un port de USB, vous pouvez connecter la batterie externe \u00e0 l&#8217;int\u00e9rieur du sac et pas besoin d&#8217;ouvrir le sac pour charger vos t\u00e9l\u00e9phones, appareils \u00e9lectroniques, etc.  <\/span><\/li>\n<li class=\"a-spacing-mini\"><span class=\"a-list-item\"> R\u00e9sistant \u00e0 l&#8217;eau : le sac est fabriqu\u00e9 en tissus r\u00e9sistants \u00e0 l&#8217;eau, ce qui aide \u00e0 emp\u00eacher l&#8217;eau de s&#8217;infiltrer dans le tissu. Utilisez une fermeture \u00e9clair \u00e9tanche scell\u00e9e pour garantir que l&#8217;eau ne s&#8217;infiltre pas \u00e0 travers les joints de la fermeture \u00e9clair. Ces fermetures \u00e9clair sont con\u00e7ues pour sceller herm\u00e9tiquement, offrant une suppl\u00e9mentaire.  <\/span><\/li>\n<li class=\"a-spacing-mini\"><span class=\"a-list-item\">   <\/span><\/li>\n<p>Code UNSPSC  :  53121603 (Sacs \u00e0 dos) Signaler un code incorrect              Dimensions du produit (L x l x h)                                     \u200f                                      :                                     \u200e     13 x 44 x 13 cm; 860 grammes          Date de mise en ligne sur Amazon.fr                                     \u200f                                      :                                     \u200e     21 septembre 2024                                  Fabricant                                     \u200f                                      :                                     \u200e     Bewinner          ASIN                                     \u200f                                      :                                     \u200e     B0DHDYC2C4          Num\u00e9ro du mod\u00e8le de l&#8217;article                                     \u200f                                      :                                     \u200e     Bewinnerdmgo36wac0          Pays d&#8217;origine                                     \u200f                                      :                                     \u200e     Chine          Service                                     \u200f                                      :                                     \u200e     Mixte              Classement des meilleures ventes d&#8217;Amazon :  559 en Sacs d&#8217;agencement de c\u00e2bles      Commentaires client&nbsp;:                                5,0               5,0 sur 5&nbsp;\u00e9toiles                (1)<\/p>\n","protected":false},"excerpt":{"rendered":"<p>Grande capacit\u00e9 : ce sac \u00e0 dos peut contenir la vaisselle et ses accessoires, y compris le c\u00e2ble, l&#8217;alimentation, la b\u00e9quille et l&#8217;adaptateur de tuyau, tous ensemble facilement et plus<\/p>\n","protected":false},"featured_media":361172,"comment_status":"","ping_status":"closed","template":"","meta":{"_acf_changed":false},"product_brand":[],"product_cat":[104987],"product_tag":[],"class_list":{"0":"post-361171","1":"product","2":"type-product","3":"status-publish","4":"has-post-thumbnail","6":"product_cat-starlink-mini","8":"first","9":"instock","10":"taxable","11":"shipping-taxable","12":"purchasable","13":"product-type-simple","14":"add-to-wishlist-after_add_to_cart"},"acf":[],"_links":{"self":[{"href":"https:\/\/amazonyguyane.fr\/wp-json\/wp\/v2\/product\/361171","targetHints":{"allow":["GET"]}}],"collection":[{"href":"https:\/\/amazonyguyane.fr\/wp-json\/wp\/v2\/product"}],"about":[{"href":"https:\/\/amazonyguyane.fr\/wp-json\/wp\/v2\/types\/product"}],"replies":[{"embeddable":true,"href":"https:\/\/amazonyguyane.fr\/wp-json\/wp\/v2\/comments?post=361171"}],"version-history":[{"count":0,"href":"https:\/\/amazonyguyane.fr\/wp-json\/wp\/v2\/product\/361171\/revisions"}],"wp:featuredmedia":[{"embeddable":true,"href":"https:\/\/amazonyguyane.fr\/wp-json\/wp\/v2\/media\/361172"}],"wp:attachment":[{"href":"https:\/\/amazonyguyane.fr\/wp-json\/wp\/v2\/media?parent=361171"}],"wp:term":[{"taxonomy":"product_brand","embeddable":true,"href":"https:\/\/amazonyguyane.fr\/wp-json\/wp\/v2\/product_brand?post=361171"},{"taxonomy":"product_cat","embeddable":true,"href":"https:\/\/amazonyguyane.fr\/wp-json\/wp\/v2\/product_cat?post=361171"},{"taxonomy":"product_tag","embeddable":true,"href":"https:\/\/amazonyguyane.fr\/wp-json\/wp\/v2\/product_tag?post=361171"}],"curies":[{"name":"wp","href":"https:\/\/api.w.org\/{rel}","templated":true}]}}